{"id":286,"date":"2023-10-05T01:24:51","date_gmt":"2023-10-04T23:24:51","guid":{"rendered":"https:\/\/ownpowr.com\/product\/pylontech-force-l1-3-55\/"},"modified":"2025-10-15T13:54:02","modified_gmt":"2025-10-15T11:54:02","slug":"pylontech-force-l1-3-55","status":"publish","type":"product","link":"https:\/\/ownpowr.com\/es\/product\/pylontech-force-l1-3-55\/","title":{"rendered":"Pylontech fuerza L1 3.55"},"content":{"rendered":"<h2><strong>El m\u00f3dulo de bater\u00edas de litio Pylontech Force L1 de 3,55 kWh forma un sistema de bater\u00edas apilable entre 2 y 7 m\u00f3dulos con un BMS externo.<\/strong><\/h2>\n<p>Pylontech Force L1 3.55 consta de una unidad de gesti\u00f3n de bater\u00edas Pylontech BMU y un m\u00f3dulo de bater\u00edas Force L1 de 3,55 kWh. Posibilidad de ampliaci\u00f3n mediante la adici\u00f3n posterior de hasta 6 m\u00f3dulos Force L1 adicionales.<\/p>\n<p>&nbsp;<\/p>\n<div class=\"row\">\n<div class=\"col-lg-6\">\n<h3><strong>Pylontech Fuerza L1 3,55 <\/strong><strong>- Baja tensi\u00f3n<\/strong><\/h3>\n<p>La Force L1 es el \u00faltimo sistema de bater\u00edas HESS suministrado por Pylontech. El car\u00e1cter de \"larga duraci\u00f3n\", la mayor densidad de energ\u00eda y potencia del sector, el dise\u00f1o a la moda, la facilidad de instalaci\u00f3n y ampliaci\u00f3n, todo ello refleja los requisitos reales de los usuarios finales y la mayor capacidad t\u00e9cnica de Pylontech.<\/p>\n<p><strong>PylontechForceL1<\/strong>3,55 consiste en un <strong>Pylontech<\/strong> Unidad de gesti\u00f3n de bater\u00eda BMU y 1 m\u00f3dulo de bater\u00eda Force L1 de 3,55 kWh. Posibilidad de ampliaci\u00f3n a\u00f1adiendo posteriormente hasta 6 m\u00f3dulos Force L1 adicionales en paralelo a esta pila para alcanzar una potencia \u00fatil de hasta 24,86 kWh.<\/p>\n<p><strong>La integraci\u00f3n industrial vertical garantiza m\u00e1s de 6.000 ciclos con 90% DoD<\/strong><\/p>\n<p><strong>El dise\u00f1o modular permite a los clientes finales elegir la capacidad<\/strong><\/p>\n<p><strong>Compatible con la mayor\u00eda de los inversores h\u00edbridos disponibles<\/strong><\/p>\n<p><strong>La desconexi\u00f3n r\u00e1pida minimiza el tiempo y los costes de instalaci\u00f3n<\/strong><\/p>\n<p><strong>Bonito dise\u00f1o - se adapta tanto a interiores como a exteriores<\/strong><\/p>\n<div id=\"ProductInfoTabs\" class=\"ui-tabs ui-widget ui-widget-content ui-corner-all epProductInfoTabs ep-js\" data-js=\"\">\n<div id=\"tab-product-description\" class=\"ui-tabs-panel ui-widget-content ui-corner-bottom\" role=\"tabpanel\" aria-labelledby=\"ui-id-1\" aria-hidden=\"false\">\n<div class=\"description\">\n<p>&nbsp;<\/p>\n<p>El m\u00f3dulo de bater\u00edas de litio Pylontech Force L1 se utiliza para disponer de un sistema de bater\u00edas apilables Pylontech de entre 2 y 7 m\u00f3dulos con un BMS externo, por lo que puede adaptarse a diferentes sistemas de configuraci\u00f3n. Con una capacidad nominal de 3,55 kWh y fabricado con ferrofosfato de litio sin cobalto.<\/p>\n<p>Esta \u00faltima versi\u00f3n del HESS (sistema de almacenamiento de energ\u00eda dom\u00e9stico), hereda el concepto de dise\u00f1o modular, combinado con una f\u00e1cil instalaci\u00f3n, conectores sencillos y compatibilidad con exteriores.<\/p>\n<p>Es la \u00faltima versi\u00f3n del HESS (sistema de almacenamiento de energ\u00eda dom\u00e9stico), que hereda el concepto de dise\u00f1o modular, combinado con una instalaci\u00f3n f\u00e1cil, conectores sencillos y compatibilidad con exteriores.<\/p>\n<p>Este sistema de almacenamiento puede instalarse sin necesidad de conectar cables entre las bater\u00edas y es apilable, lo que facilita y agiliza la instalaci\u00f3n. Se trata de la nueva soluci\u00f3n Pylontech para el sector residencial de baja tensi\u00f3n es la serie L, que incluye las Force L1 y L2.<\/p>\n<p>Estos productos constan de varias bater\u00edas apilables entre 2 y 7 con un BMS externo, de modo que se adapta a diferentes sistemas de configuraci\u00f3n.<\/p>\n<p>Es especialmente adecuado para lugares peque\u00f1os con poco espacio y tambi\u00e9n para instalaciones con mucha potencia y una larga vida \u00fatil. Este m\u00f3dulo se instala junto con un BMS FC0048M-100 con una tensi\u00f3n nominal de 48V y una capacidad de 47Ah. Estos sistemas tambi\u00e9n tienen una corriente de carga y descarga que puede alcanzar un total de 60A y protecci\u00f3n IP55.<\/p>\n<p>La sencillez y apilabilidad del sistema lo hacen extremadamente flexible, con capacidad para ampliarse en el tiempo con gran facilidad. Otro aspecto importante es sin duda la profundidad de descarga, con 90%. Adem\u00e1s, los dispositivos pueden combinarse con varios tipos de inversores, incluso con la funci\u00f3n EPS integrada.<\/p>\n<p>Entre sus principales caracter\u00edsticas destacan el dise\u00f1o modular que ofrece la m\u00e1xima flexibilidad, la c\u00e9lula LFP interna que permite una mayor vida \u00fatil y mayor seguridad, conexiones r\u00e1pidas para ahorrar tiempo de instalaci\u00f3n y un BMS probado con la m\u00e1s amplia compatibilidad con inversores.<\/p>\n<p>La bater\u00eda tiene una garant\u00eda legal de 3 a\u00f1os y una garant\u00eda del fabricante de 10 a\u00f1os.<\/p>\n<p>&nbsp;<\/p>\n<h3><strong>Datos t\u00e9cnicos del m\u00f3dulo de bater\u00eda de litio Pylontech Force L1<\/strong><\/h3>\n<p>- Capacidad de la bater\u00eda: 3,55 kWh<br \/>\n- Rango de tensi\u00f3n: 44.5 -54h<br \/>\n- Capacidad \u00fatil: 4600W<br \/>\n- Grado de protecci\u00f3n IP55<br \/>\n- Puerto de comunicaci\u00f3n: RS485<br \/>\n- Garant\u00eda: 10 a\u00f1os (cumpliendo los requisitos del fabricante).<\/p>\n<\/div>\n<\/div>\n<\/div>\n<\/div>\n<\/div>","protected":false},"excerpt":{"rendered":"<p>El m\u00f3dulo de bater\u00edas de litio Pylontech Force L1 3,55 kWh forma un sistema de bater\u00edas apilable de entre 2 y 7 m\u00f3dulos con un BMS externo. El Pylontech Force L1 3,55 consta de una BMU Pylontech [...]<\/p>","protected":false},"featured_media":287,"template":"","meta":{"_seopress_robots_primary_cat":"none","_seopress_titles_title":"","_seopress_titles_desc":"","_seopress_robots_index":"","_kad_blocks_custom_css":"","_kad_blocks_head_custom_js":"","_kad_blocks_body_custom_js":"","_kad_blocks_footer_custom_js":""},"product_cat":[17],"product_tag":[],"class_list":{"0":"post-286","1":"product","2":"type-product","3":"status-publish","4":"has-post-thumbnail","6":"product_cat-home-batteries","8":"first","9":"outofstock","10":"sale","11":"taxable","12":"shipping-taxable","13":"purchasable","14":"product-type-simple"},"taxonomy_info":{"product_cat":[{"value":17,"label":"Home batteries"}]},"featured_image_src_large":["https:\/\/ownpowr.com\/wp-content\/uploads\/2022\/11\/Schermafbeelding-2022-10-15-om-12.07.40.png",822,504,false],"author_info":[],"comment_info":"","_links":{"self":[{"href":"https:\/\/ownpowr.com\/es\/wp-json\/wp\/v2\/product\/286","targetHints":{"allow":["GET"]}}],"collection":[{"href":"https:\/\/ownpowr.com\/es\/wp-json\/wp\/v2\/product"}],"about":[{"href":"https:\/\/ownpowr.com\/es\/wp-json\/wp\/v2\/types\/product"}],"wp:featuredmedia":[{"embeddable":true,"href":"https:\/\/ownpowr.com\/es\/wp-json\/wp\/v2\/media\/287"}],"wp:attachment":[{"href":"https:\/\/ownpowr.com\/es\/wp-json\/wp\/v2\/media?parent=286"}],"wp:term":[{"taxonomy":"product_cat","embeddable":true,"href":"https:\/\/ownpowr.com\/es\/wp-json\/wp\/v2\/product_cat?post=286"},{"taxonomy":"product_tag","embeddable":true,"href":"https:\/\/ownpowr.com\/es\/wp-json\/wp\/v2\/product_tag?post=286"}],"curies":[{"name":"wp","href":"https:\/\/api.w.org\/{rel}","templated":true}]}}