{"id":3719,"date":"2023-10-19T17:21:57","date_gmt":"2023-10-19T15:21:57","guid":{"rendered":"https:\/\/ownpowr.com\/?post_type=product&#038;p=3719"},"modified":"2025-08-25T14:40:54","modified_gmt":"2025-08-25T12:40:54","slug":"blauhoff-maxus-100k-258kwh-all-in-one-8000-cycles-10-year-warantee","status":"publish","type":"product","link":"https:\/\/ownpowr.com\/es\/product\/blauhoff-maxus-100k-258kwh-todo-en-uno-8000-ciclos-10-anos-de-garantia\/","title":{"rendered":"Blauhoff Maxus Armario de almacenamiento de energ\u00eda todo en uno 125K\/258kWh"},"content":{"rendered":"<h3>Blauhoff Maxus Armario de almacenamiento de energ\u00eda todo en uno 125K\/258kWh 10 a\u00f1os de garant\u00eda 8000 ciclos<\/h3>\n<p><strong>Todos los sistemas de bater\u00edas Blauhoff tienen una garant\u00eda de 10 a\u00f1os para las c\u00e9lulas y de 5 a\u00f1os para el inversor, \u00a1sin ning\u00fan tipo de pago adicional!<\/strong><\/p>\n<p><strong>Este no es el caso de la mayor\u00eda de las otras marcas, \u00a1y la garant\u00eda se limita a s\u00f3lo 3-5 a\u00f1os!<\/strong><\/p>\n<p><strong>C\u00e9lulas prism\u00e1ticas para la m\u00e1xima calidad y la mayor vida \u00fatil, 8000 ciclos y 10 a\u00f1os de garant\u00eda en las c\u00e9lulas sin coste adicional y 5 a\u00f1os en el conjunto.<\/strong><\/p>\n<p>&nbsp;<\/p>\n<p>La serie BLH-125K\/258KwH-Maxus, un ESS comercial e industrial todo en uno de refrigeraci\u00f3n l\u00edquida, es<br \/>\nintegrado con convertidor de almacenamiento de energ\u00eda, bater\u00eda, BMS, EMS, gesti\u00f3n t\u00e9rmica,<br \/>\ndistribuci\u00f3n de energ\u00eda, protecci\u00f3n contra incendios, etc. El dise\u00f1o todo en uno es f\u00e1cil de instalar y<br \/>\nO&amp;M. Mientras tanto, el dise\u00f1o de seguridad del sistema garantiza un mejor rendimiento de la bater\u00eda<br \/>\ny una vida \u00fatil m\u00e1s larga. Se pueden conectar directamente en paralelo varios conjuntos de armarios de hasta 30 piezas para<br \/>\nrealizar la ampliaci\u00f3n del sistema de almacenamiento de energ\u00eda.<\/p>\n<h4>Econ\u00f3mico:<\/h4>\n<p>ESS altamente integrado para facilitar<br \/>\ntransporte y O&amp;M. El sitio<br \/>\ndise\u00f1o integrado permite que el sitio<br \/>\ninstalarse y utilizarse r\u00e1pidamente.<\/p>\n<p>Funci\u00f3n de copia de seguridad<\/p>\n<p>Funci\u00f3n Peakshave<\/p>\n<p>Funci\u00f3n FV<\/p>\n<h4>Refrigeraci\u00f3n l\u00edquida:<\/h4>\n<p>La desviaci\u00f3n de temperatura de<br \/>\nceldas de la bater\u00eda en todo el<br \/>\nsistema est\u00e1 dentro de los 3\u00b0C, debido a<br \/>\nsistema inteligente de refrigeraci\u00f3n l\u00edquida.<br \/>\nPuede ampliar la vida \u00fatil del<br \/>\nceldas de bater\u00eda hasta 20%.<\/p>\n<h4>Seguro:<\/h4>\n<p>El sistema tiene cuatro niveles<br \/>\nestructura de gesti\u00f3n que<br \/>\npuede proporcionar con precisi\u00f3n<br \/>\nprotecci\u00f3n de circuito, sobrecorriente<br \/>\nprotecci\u00f3n, sobretensi\u00f3n<br \/>\nprotecci\u00f3n, bajo voltaje<br \/>\nprotecci\u00f3n, sobretemperatura<br \/>\nprotecci\u00f3n, etc.<\/p>\n<p>VDE4100<\/p>\n<p>IEC62619<\/p>\n<p>IEC61000<\/p>\n<p>UL9540A<\/p>\n<p>EN50549<\/p>\n<h4>Ficha de datos :<\/h4>\n<p><a href=\"https:\/\/ownpowr.com\/wp-content\/uploads\/2023\/10\/blauhoff_sd-125-258_energy_storage_cabinet.pdf\">Blauhoff_SD-125-258_Energy_Storage_Cabinet<\/a><\/p>\n<p><iframe title=\"Blauhoff ESS Todo en uno\" width=\"1140\" height=\"641\" src=\"https:\/\/www.youtube.com\/embed\/4ygzOwu-j7I?feature=oembed\" frameborder=\"0\" allow=\"accelerometer; autoplay; clipboard-write; encrypted-media; gyroscope; picture-in-picture; web-share\" referrerpolicy=\"strict-origin-when-cross-origin\" allowfullscreen><\/iframe><\/p>","protected":false},"excerpt":{"rendered":"<p><a href=\"https:\/\/ownpowr.com\/wp-content\/uploads\/2023\/10\/blauhoff_sd-125-258_energy_storage_cabinet.pdf\">Blauhoff_SD-125-258_Energy_Storage_Cabinet<\/a><\/p>\n<p>Atenci\u00f3n, el precio es sin IVA y sin instalaci\u00f3n<\/p>","protected":false},"featured_media":3781,"template":"","meta":{"_seopress_robots_primary_cat":"none","_seopress_titles_title":"Blauhoff Maxus 100K\/258kWh All In One Energy Storage System","_seopress_titles_desc":"Get this Energy Storage System for commercial and industrial use with liquid cooling, easy installation, and outstanding safety features","_seopress_robots_index":"","_kad_blocks_custom_css":"","_kad_blocks_head_custom_js":"","_kad_blocks_body_custom_js":"","_kad_blocks_footer_custom_js":""},"product_cat":[17,19],"product_tag":[],"class_list":{"0":"post-3719","1":"product","2":"type-product","3":"status-publish","4":"has-post-thumbnail","6":"product_cat-home-batteries","7":"product_cat-sets-with-inverters","9":"first","10":"instock","11":"sale","12":"taxable","13":"shipping-taxable","14":"purchasable","15":"product-type-simple"},"taxonomy_info":{"product_cat":[{"value":17,"label":"Home batteries"},{"value":19,"label":"Sets with inverters"}]},"featured_image_src_large":["https:\/\/ownpowr.com\/wp-content\/uploads\/2023\/10\/platte-tekst-toevoegen-1-2-1024x1024.png",1024,1024,true],"author_info":[],"comment_info":"","_links":{"self":[{"href":"https:\/\/ownpowr.com\/es\/wp-json\/wp\/v2\/product\/3719","targetHints":{"allow":["GET"]}}],"collection":[{"href":"https:\/\/ownpowr.com\/es\/wp-json\/wp\/v2\/product"}],"about":[{"href":"https:\/\/ownpowr.com\/es\/wp-json\/wp\/v2\/types\/product"}],"wp:featuredmedia":[{"embeddable":true,"href":"https:\/\/ownpowr.com\/es\/wp-json\/wp\/v2\/media\/3781"}],"wp:attachment":[{"href":"https:\/\/ownpowr.com\/es\/wp-json\/wp\/v2\/media?parent=3719"}],"wp:term":[{"taxonomy":"product_cat","embeddable":true,"href":"https:\/\/ownpowr.com\/es\/wp-json\/wp\/v2\/product_cat?post=3719"},{"taxonomy":"product_tag","embeddable":true,"href":"https:\/\/ownpowr.com\/es\/wp-json\/wp\/v2\/product_tag?post=3719"}],"curies":[{"name":"wp","href":"https:\/\/api.w.org\/{rel}","templated":true}]}}