{"id":4030,"date":"2025-01-30T09:44:01","date_gmt":"2025-01-30T07:44:01","guid":{"rendered":"https:\/\/ownpowr.com\/?post_type=product&#038;p=4030"},"modified":"2025-08-25T15:06:43","modified_gmt":"2025-08-25T13:06:43","slug":"blauhoff-maxus-all-in-one-500k-1156kwh-energy-storage-cabinet-liquid-cooled","status":"publish","type":"product","link":"https:\/\/ownpowr.com\/es\/product\/armario-de-almacenamiento-de-energia-blauhoff-maxus-all-in-one-500k-1032kwh-refrigerado-por-liquido\/","title":{"rendered":"Blauhoff Maxus Armario de almacenamiento de energ\u00eda todo en uno 500K\/1156kWh Refrigerado por l\u00edquido 1 Megavatio"},"content":{"rendered":"<p><strong>Todos los sistemas de bater\u00edas Blauhoff tienen una garant\u00eda de 10 a\u00f1os para las c\u00e9lulas y de 5 a\u00f1os para el inversor, \u00a1sin ning\u00fan tipo de pago adicional!<\/strong><\/p>\n<p><strong>Este no es el caso de la mayor\u00eda de las otras marcas, \u00a1y la garant\u00eda se limita a s\u00f3lo 3-5 a\u00f1os!<\/strong><\/p>\n<p><strong>C\u00e9lulas prism\u00e1ticas para la m\u00e1xima calidad y la mayor vida \u00fatil, 8000 ciclos y 10 a\u00f1os de garant\u00eda en las c\u00e9lulas sin coste adicional y 5 a\u00f1os en el conjunto.<\/strong><\/p>\n<p>&nbsp;<\/p>\n<p>Blauhoff Maxus Todo en uno 500K-1156kWh = 2 mWh Refrigeraci\u00f3n l\u00edquida 10Y garant\u00eda 8000 Ciclos<\/p>\n<p>C\u00e9lulas prism\u00e1ticas de m\u00e1xima calidad y vida \u00fatil de 8000 ciclos<\/p>\n<p>ESS totalmente integrado para facilitar el transporte y la operaci\u00f3n y mantenimiento.<\/p>\n<p>Su dise\u00f1o integrado y modular lo hace r\u00e1pido de montar y utilizar, 2-3 horas de trabajo por unidad<\/p>\n<p>Blauhoff BLH-100K-2064kWh-Maxus, un ESS comercial e industrial todo en uno con refrigeraci\u00f3n l\u00edquida, est\u00e1 integrado con convertidor de almacenamiento de energ\u00eda, bater\u00eda, BMS, EMS, gesti\u00f3n t\u00e9rmica, distribuci\u00f3n de energ\u00eda, protecci\u00f3n contra incendios, etc.<\/p>\n<p>En este caso, 8 uds.<\/p>\n<p>El dise\u00f1o \"todo en uno\" es f\u00e1cil de instalar y de mantener, y est\u00e1 equipado con funci\u00f3n de reserva y funci\u00f3n fotovoltaica.<\/p>\n<p>El dise\u00f1o de seguridad del sistema garantiza un mejor rendimiento de la bater\u00eda y una mayor vida \u00fatil<br \/>\nvida \u00fatil. Se pueden conectar directamente en paralelo varios conjuntos de armarios de hasta 30 unidades para realizar el almacenamiento de energ\u00eda.<br \/>\nampliaci\u00f3n del sistema. Es muy f\u00e1cil de escalar y port\u00e1til.<\/p>\n<p>Refrigeraci\u00f3n l\u00edquida :<br \/>\nLa deriva t\u00e9rmica de las pilas<br \/>\nen todo el sistema est\u00e1 dentro de \u00b11,5\u00b0C debido a<br \/>\nsistema inteligente de refrigeraci\u00f3n l\u00edquida. Puede<br \/>\nprolongar la vida \u00fatil del sistema hasta<br \/>\n30%, aumentan la eficiencia del sistema a largo plazo<br \/>\nhasta 88,5%.<\/p>\n<p>Seguro<br \/>\nEl sistema tiene cuatro niveles de gesti\u00f3n<br \/>\nestructura que puede proporcionar<br \/>\nprotecci\u00f3n contra cortocircuitos, sobrecorriente<br \/>\nprotecci\u00f3n, protecci\u00f3n contra sobretensi\u00f3n,<br \/>\nprotecci\u00f3n contra baja tensi\u00f3n, sobretemperatura<br \/>\nprotecci\u00f3n, etc.<\/p>\n<p>VDE4100<\/p>\n<p>IEC62619<\/p>\n<p>IEC61000<\/p>\n<p>UL9540A<\/p>\n<p>EN50549<\/p>\n<h3><span style=\"font-size: 16px\">Ficha de datos :<\/span><\/h3>\n<p><a href=\"https:\/\/blauhoff.nl\/wp-content\/uploads\/2023\/10\/Blauhoff_SD-125-258_Energy_Storage_Cabinet.pdf\" target=\"_blank\" rel=\"noopener\">Blauhoff_SD-125-258_Energy_Storage_Cabinet<\/a><\/p>\n<p>\u00a1ATENCI\u00d3N !<\/p>\n<p>Debido a su integraci\u00f3n y complejidad, este precio no incluye el IVA ni el montaje.<\/p>\n<p>El montaje lo realiza su instalador local con la ayuda de nuestro personal t\u00e9cnico.<\/p>\n<p><iframe title=\"Blauhoff ESS Todo en uno\" width=\"1140\" height=\"641\" src=\"https:\/\/www.youtube.com\/embed\/4ygzOwu-j7I?feature=oembed\" frameborder=\"0\" allow=\"accelerometer; autoplay; clipboard-write; encrypted-media; gyroscope; picture-in-picture; web-share\" referrerpolicy=\"strict-origin-when-cross-origin\" allowfullscreen><\/iframe><\/p>","protected":false},"excerpt":{"rendered":"<p>Todos los sistemas de bater\u00edas Blauhoff tienen una garant\u00eda de 10 a\u00f1os para las c\u00e9lulas y de 5 a\u00f1os para el inversor, \u00a1sin ning\u00fan tipo de pago adicional! Este no es el caso [...]<\/p>","protected":false},"featured_media":4028,"template":"","meta":{"_seopress_robots_primary_cat":"none","_seopress_titles_title":"Blauhoff Maxus All in One 500K\/1032kWh Energy Storage Cabinet Liquid cooled","_seopress_titles_desc":"Discover the game-changing products offered by OwnPowr to enhance your online presence and capture your target audience. Start growing your business today!","_seopress_robots_index":"","_kad_blocks_custom_css":"","_kad_blocks_head_custom_js":"","_kad_blocks_body_custom_js":"","_kad_blocks_footer_custom_js":""},"product_cat":[17,19],"product_tag":[],"class_list":{"0":"post-4030","1":"product","2":"type-product","3":"status-publish","4":"has-post-thumbnail","6":"product_cat-home-batteries","7":"product_cat-sets-with-inverters","9":"first","10":"instock","11":"taxable","12":"shipping-taxable","13":"purchasable","14":"product-type-simple"},"taxonomy_info":{"product_cat":[{"value":17,"label":"Home batteries"},{"value":19,"label":"Sets with inverters"}]},"featured_image_src_large":["https:\/\/ownpowr.com\/wp-content\/uploads\/2023\/10\/blauhoff-maxus.png",300,300,false],"author_info":[],"comment_info":"","_links":{"self":[{"href":"https:\/\/ownpowr.com\/es\/wp-json\/wp\/v2\/product\/4030","targetHints":{"allow":["GET"]}}],"collection":[{"href":"https:\/\/ownpowr.com\/es\/wp-json\/wp\/v2\/product"}],"about":[{"href":"https:\/\/ownpowr.com\/es\/wp-json\/wp\/v2\/types\/product"}],"wp:featuredmedia":[{"embeddable":true,"href":"https:\/\/ownpowr.com\/es\/wp-json\/wp\/v2\/media\/4028"}],"wp:attachment":[{"href":"https:\/\/ownpowr.com\/es\/wp-json\/wp\/v2\/media?parent=4030"}],"wp:term":[{"taxonomy":"product_cat","embeddable":true,"href":"https:\/\/ownpowr.com\/es\/wp-json\/wp\/v2\/product_cat?post=4030"},{"taxonomy":"product_tag","embeddable":true,"href":"https:\/\/ownpowr.com\/es\/wp-json\/wp\/v2\/product_tag?post=4030"}],"curies":[{"name":"wp","href":"https:\/\/api.w.org\/{rel}","templated":true}]}}