{"id":405,"date":"2023-10-05T01:24:56","date_gmt":"2023-10-04T23:24:56","guid":{"rendered":"https:\/\/ownpowr.com\/product\/pytes-e-box-48100r\/"},"modified":"2024-10-16T15:58:23","modified_gmt":"2024-10-16T13:58:23","slug":"pytes-e-box-48100r","status":"publish","type":"product","link":"https:\/\/ownpowr.com\/es\/product\/pytes-e-box-48100r\/","title":{"rendered":"PYTES E-BOX 48100R"},"content":{"rendered":"<p>La bater\u00eda dom\u00e9stica Pytes para con sus paneles solares es la bater\u00eda de litio LFP de nueva generaci\u00f3n para el almacenamiento de energ\u00eda dom\u00e9stica.<\/p>\n<p>Esta bater\u00eda dom\u00e9stica es una bater\u00eda LFP est\u00e1ndar segura, bien dise\u00f1ada y potente para su hogar o negocio.<br \/>\nLa bater\u00eda es compacta y modular y adecuada para sus paneles solares es compacta, f\u00e1cil de instalar, no necesita mantenimiento y puede utilizarse como elemento b\u00e1sico de un sistema de almacenamiento de energ\u00eda cuando se monta en paralelo. Se utiliza ampliamente en los hogares para el almacenamiento de energ\u00eda, o en<br \/>\npeque\u00f1os sistemas comerciales e industriales de almacenamiento de energ\u00eda, como las estaciones de telecomunicaciones.<\/p>\n<p>Los m\u00e1ximos montables en paralelo son 8 * 5,12kwh = 40,96 kwh, y con un HUB a\u00f1adido 56 * 5,12 kwh = 280 KwH<\/p>\n<p>Caracter\u00edsticas de la bater\u00eda dom\u00e9stica PYTES E-BOX 48100R:<\/p>\n<ol>\n<li><strong>Impresionante garant\u00eda de 10 a\u00f1os:<\/strong> Puede contar con esta bater\u00eda dom\u00e9stica a largo plazo, respaldada por una s\u00f3lida garant\u00eda de 10 a\u00f1os.<\/li>\n<li><strong>Gesti\u00f3n inteligente de la energ\u00eda:<\/strong> La PYTES E-BOX 48100R le ofrece una autogesti\u00f3n completa de sus necesidades energ\u00e9ticas. Almacena eficazmente el exceso de energ\u00eda generada por sus paneles solares midiendo, controlando y gestionando el proceso de cerca. La energ\u00eda estar\u00e1 disponible cuando m\u00e1s la necesite, gracias a algoritmos inteligentes que optimizan la vida \u00fatil del sistema.<\/li>\n<li><strong>Energ\u00eda de reserva y de emergencia:<\/strong> Descanse tranquilo sabiendo que esta bater\u00eda dom\u00e9stica proporciona una energ\u00eda de reserva y de emergencia fiable cuando falla la red o se somete a m\u00e1s de 6000 ciclos, lo que garantiza tanto su longevidad como su seguridad.<\/li>\n<li><strong>Amplia compatibilidad:<\/strong> La bater\u00eda dom\u00e9stica PYTES E-BOX 48100R est\u00e1 dise\u00f1ada pensando en una amplia compatibilidad, integr\u00e1ndose a la perfecci\u00f3n con diversas configuraciones.<\/li>\n<li><strong>Ahorro en la factura energ\u00e9tica:<\/strong> Durante las horas valle, la bater\u00eda dom\u00e9stica se carga de forma inteligente mediante un inversor y se descarga durante los periodos punta. Esta estrategia conlleva una reducci\u00f3n significativa de su factura energ\u00e9tica a lo largo del tiempo.<\/li>\n<\/ol>\n<p>Especificaciones t\u00e9cnicas:<\/p>\n<ul>\n<li><strong>Modelo:<\/strong> 48100R<\/li>\n<li><strong>Qu\u00edmica de la bater\u00eda:<\/strong> Fosfato de litio y hierro (LFP)<\/li>\n<li><strong>Tensi\u00f3n nominal:<\/strong> 51.2V<\/li>\n<li><strong>Rango de tensi\u00f3n:<\/strong> 47,5V-57,6V<\/li>\n<li><strong>Capacidad nominal:<\/strong> 100Ah<\/li>\n<li><strong>Energ\u00eda nominal:<\/strong> 5,12 kWh<\/li>\n<li><strong>Dimensiones de la unidad:<\/strong> L440mm x B620mm x H117mm (2,6U)<\/li>\n<li><strong>Peso unitario:<\/strong> 51kg<\/li>\n<li><strong>Corriente de carga est\u00e1ndar:<\/strong> 50A<\/li>\n<li><strong>Corriente de carga m\u00e1xima:<\/strong> 50A<\/li>\n<li><strong>Corriente de descarga est\u00e1ndar:<\/strong> 50A<\/li>\n<li><strong>Velocidad m\u00e1xima de descarga:<\/strong> 50A<\/li>\n<li><strong>Eficiencia de ida y vuelta:<\/strong> \u226595%<\/li>\n<li><strong>Protocolos de comunicaci\u00f3n:<\/strong> RS232, RS485, CAN<\/li>\n<li><strong>Ciclo de vida:<\/strong> \u22656000 ciclos<\/li>\n<li><strong>Calendario de vida:<\/strong> \u226510 a\u00f1os<\/li>\n<li><strong>Temperatura de funcionamiento:<\/strong> -10\u00b0C a 50\u00b0C<\/li>\n<li><strong>Estilo de conexi\u00f3n:<\/strong> En paralelo<\/li>\n<li><strong>Temperatura de almacenamiento:<\/strong> Antes de 1 mes: -20\u00b0C a 55\u00b0C, 1-3 meses: 0\u00b0C a 35\u00b0C, 3-12 meses: 20\u00b0C a 25\u00b0C<\/li>\n<li><strong>Panel de control:<\/strong> Las sencillas opciones de instalaci\u00f3n incluyen el montaje individual en la pared mediante los soportes suministrados o emparej\u00e1ndolo con estilo con el elegante homebox.<\/li>\n<\/ul>","protected":false},"excerpt":{"rendered":"<p>La bater\u00eda dom\u00e9stica Pytes para con sus paneles solares es la bater\u00eda de litio LFP de nueva generaci\u00f3n para el almacenamiento de energ\u00eda dom\u00e9stica. Esta bater\u00eda dom\u00e9stica es un est\u00e1ndar seguro, bien dise\u00f1ado y potente [...]<\/p>","protected":false},"featured_media":406,"template":"","meta":{"_seopress_robots_primary_cat":"none","_seopress_titles_title":"The Pytes Home Battery: A Safe, Powerful LFP Lithium Battery for Solar Panels","_seopress_titles_desc":"Experience complete energy self-management with this compact, easy-to-install home battery. Store excess energy, reduce bills, and enjoy a 10-year warranty!","_seopress_robots_index":"","_kad_blocks_custom_css":"","_kad_blocks_head_custom_js":"","_kad_blocks_body_custom_js":"","_kad_blocks_footer_custom_js":""},"product_cat":[17],"product_tag":[],"class_list":{"0":"post-405","1":"product","2":"type-product","3":"status-publish","4":"has-post-thumbnail","6":"product_cat-home-batteries","8":"first","9":"instock","10":"sale","11":"taxable","12":"shipping-taxable","13":"purchasable","14":"product-type-simple"},"taxonomy_info":{"product_cat":[{"value":17,"label":"Home batteries"}]},"featured_image_src_large":["https:\/\/ownpowr.com\/wp-content\/uploads\/2022\/11\/48100R\u8be6\u60c5-920x640_08-420x420-1.jpeg",420,420,false],"author_info":[],"comment_info":"","_links":{"self":[{"href":"https:\/\/ownpowr.com\/es\/wp-json\/wp\/v2\/product\/405","targetHints":{"allow":["GET"]}}],"collection":[{"href":"https:\/\/ownpowr.com\/es\/wp-json\/wp\/v2\/product"}],"about":[{"href":"https:\/\/ownpowr.com\/es\/wp-json\/wp\/v2\/types\/product"}],"wp:featuredmedia":[{"embeddable":true,"href":"https:\/\/ownpowr.com\/es\/wp-json\/wp\/v2\/media\/406"}],"wp:attachment":[{"href":"https:\/\/ownpowr.com\/es\/wp-json\/wp\/v2\/media?parent=405"}],"wp:term":[{"taxonomy":"product_cat","embeddable":true,"href":"https:\/\/ownpowr.com\/es\/wp-json\/wp\/v2\/product_cat?post=405"},{"taxonomy":"product_tag","embeddable":true,"href":"https:\/\/ownpowr.com\/es\/wp-json\/wp\/v2\/product_tag?post=405"}],"curies":[{"name":"wp","href":"https:\/\/api.w.org\/{rel}","templated":true}]}}