{"id":4066,"date":"2023-10-27T15:05:46","date_gmt":"2023-10-27T13:05:46","guid":{"rendered":"https:\/\/ownpowr.com\/?post_type=product&#038;p=4066"},"modified":"2025-02-27T12:52:29","modified_gmt":"2025-02-27T10:52:29","slug":"deye-micro-inverter-sun600","status":"publish","type":"product","link":"https:\/\/ownpowr.com\/es\/product\/deye-micro-inversor-sun600-solo-por-caja-4-piezas\/","title":{"rendered":"Deye microinversor-SUN600"},"content":{"rendered":"<div class=\"left column\">\n<h1>DEYE SUN600\/800\/1000G3-US-220\/EU-230 |600-1000W| Monof\u00e1sico | 2 MPPT | Microinversor | Apagado r\u00e1pido<\/h1>\n<p>Mayor rendimiento \/ Seguro \/ Inteligente \/ F\u00e1cil de usar<\/p>\n<div class=\"text\">\n<p>El SUN 600\/800\/1000G3 es un microinversor conectado a la red de nueva generaci\u00f3n con sistemas inteligentes de conexi\u00f3n en red y monitorizaci\u00f3n para garantizar la m\u00e1xima eficiencia. El SUN 600\/800\/1000G3 est\u00e1 optimizado para adaptarse eficazmente a los m\u00f3dulos FV de alta potencia actuales, con una potencia de hasta 500 W y MPPT doble. Adem\u00e1s, admite la aplicaci\u00f3n de apagado r\u00e1pido, garantizando la seguridad de su inversi\u00f3n.<\/p>\n<\/div>\n<\/div>\n<div class=\"prodet-2\">\n<div class=\"ui container\">\n<div class=\"box grid-box\">\n<div class=\"right column\">\n<h2 class=\"titleBig\">Funci\u00f3n de apagado remoto<\/h2>\n<h4>Plataforma de supervisi\u00f3n inteligente<\/h4>\n<p>Gracias a la plataforma de monitorizaci\u00f3n inteligente, los inversores de la serie completa Deye admiten el apagado remoto inmediato cuando se produce un accidente.Ajuste de par\u00e1metros y actualizaci\u00f3n de FW de forma remota, lo que facilita la operaci\u00f3n y mantenimiento de la planta fotovoltaica.<\/p>\n<\/div>\n<\/div>\n<\/div>\n<\/div>\n<div class=\"prodet-3\">\n<div class=\"ui container\">\n<div class=\"box grid-box\">\n<div class=\"left column\">\n<div class=\"slick-list draggable\">\n<div class=\"slick-track\">\n<div class=\"slick-slide slick-cloned\" data-slick-index=\"-2\" aria-hidden=\"true\">\n<ul>\n<li>Supervisi\u00f3n a nivel de m\u00f3dulo, m\u00e1s segura e inteligente<\/li>\n<li>M\u00e1x. Corriente de entrada CC 13A, se adapta a un m\u00f3dulo FV de 500W<\/li>\n<li>Funci\u00f3n de desconexi\u00f3n r\u00e1pida<\/li>\n<li>Grado de protecci\u00f3n IP67\uff0c10 a\u00f1os de garant\u00eda<\/li>\n<li>Comunicaci\u00f3n PLC, Zigbee o WIFI<\/li>\n<li>2 rastreadores MPP, supervisi\u00f3n a nivel de m\u00f3dulo<\/li>\n<\/ul>\n<\/div>\n<div class=\"slick-slide slick-cloned\" data-slick-index=\"-1\" aria-hidden=\"true\">\n<div id=\"av_articleherstbezeichnung\">\n<h1 class=\"av_fontnormal\">DEYE SUN600<\/h1>\n<\/div>\n<div id=\"av_articletext\" class=\"clearfix\"><span class=\"artbesch\">Peque\u00f1o inversor de alto rendimiento<br \/>\nMicroinversor inteligente para alimentar la red dom\u00e9stica. Este inversor es f\u00e1cil de instalar y configurar. Se pueden montar paneles solares de casi todos los fabricantes. Ideal para peque\u00f1as instalaciones solares, por ejemplo, en balcones, casas con jard\u00edn, garajes o zonas con sombra.<\/span><b>\u00a1Entrega actualmente sin acoplamiento ni tapa Betteri! Por favor, haga su pedido directamente<\/b><\/p>\n<ul type=\"disc\">\n<li>Interfaces: WiFi<\/li>\n<li>dise\u00f1o compacto<\/li>\n<li>Montaje en el exterior, directamente en el m\u00f3dulo solar<\/li>\n<li>Enfriamiento por convecci\u00f3n<\/li>\n<li>Seguimiento del punto de m\u00e1xima potencia (MPPT)<\/li>\n<li>funci\u00f3n de arranque r\u00e1pido de hasta 12 segundos<\/li>\n<li>seguro gracias a la funci\u00f3n de apagado r\u00e1pido<\/li>\n<li>Supervisi\u00f3n de fallos a tierra<\/li>\n<li>Supervisi\u00f3n de la red<\/li>\n<li>control de la corriente residual<\/li>\n<li>Clase de protecci\u00f3n IP 67<\/li>\n<\/ul>\n<p>&nbsp;<\/p>\n<p><b>Supervisi\u00f3n inteligente:<\/b><br \/>\nHaga un seguimiento de sus \u00e9xitos en cualquier momento La interfaz WLAN integrada le permite integrar este inversor en su red.<br \/>\nEl acceso a trav\u00e9s de la aplicaci\u00f3n SOLARMAN es posible con su smartphone o tableta. Adem\u00e1s, el acceso basado en navegador es posible con su dispositivo final.<\/p>\n<p><b>Seguimiento MPPT:<\/b><br \/>\nM\u00e1ximo rendimiento en cualquier condici\u00f3n meteorol\u00f3gica. Tanto si hace mal tiempo como si est\u00e1 parcialmente a la sombra, la moderna tecnolog\u00eda y la \u00faltima tecnolog\u00eda de cadenas del inversor garantizan unos rendimientos \u00f3ptimos.<\/p>\n<p><b>F\u00e1cilmente ampliable:<\/b><br \/>\nUn sistema con este microinversor puede ampliarse con microinversores adicionales en cualquier momento. El inversor adicional se conecta simplemente al microinversor existente con el enchufe Betteri.<\/p>\n<p><b>Certificado seg\u00fan VDE:<\/b><br \/>\nEl microinversor est\u00e1 certificado seg\u00fan la norma VDE-AR-N-4105:2018 y puede funcionar en germanilo. Incluye una protecci\u00f3n NA, se apaga inmediatamente cuando se desconecta de la red el\u00e9ctrica.<\/p>\n<p><b>WLAN:<\/b><br \/>\nHay un m\u00f3dulo WLAN integrado en el microinversor. Esto significa que no es necesario ning\u00fan hardware adicional para establecer una conexi\u00f3n. Con la aplicaci\u00f3n SOLARMAN podr\u00e1 seguir sus rendimientos en directo y visualizarlos y analizarlos gr\u00e1ficamente. La contrase\u00f1a WLAN para el inversor Deye es \"12345678\" y debe introducirse una vez durante la integraci\u00f3n en la App Solarman. \u00a1No son necesarios m\u00e1s dispositivos para la medici\u00f3n de la energ\u00eda!<\/p>\n<p><b>Montaje:<\/b><br \/>\nEl inversor tiene un grado de protecci\u00f3n IP 67 y es extremadamente robusto y duradero. El inversor se monta simplemente en el exterior con su m\u00f3dulo solar.<\/p>\n<p><b>Conexi\u00f3n CA:<\/b><br \/>\nPara la conexi\u00f3n a la red dom\u00e9stica, se incluye un enchufe Betteri en el lado del aparato para su montaje libre.<\/p>\n<p><b>Entrada CC - lado solar:<\/b><br \/>\nPotencia de entrada: 210 vatios - 400 vatios<br \/>\nM\u00e1x. Tensi\u00f3n de entrada: 60 V CC<br \/>\nM\u00e1x. Corriente de entrada: 16 A<br \/>\nControl MPP: S\u00ed<br \/>\nConexiones CC: S\u00ed<br \/>\nConexi\u00f3n: MC4<\/p>\n<p><b>Salida de CA - Salida de red:<\/b><br \/>\nPotencia nominal: 600 vatios (230 V\/50 Hz)<br \/>\nTensi\u00f3n nominal de salida: 230 V<br \/>\nCorriente de salida: m\u00e1x. 2.9 A<br \/>\nConexi\u00f3n: Betteri<\/p>\n<p><b>Dispositivo:<\/b><br \/>\nDimensiones (Al x An x Fo): 229 x 212 x 40 mm<br \/>\nPeso: 3,5 kg<br \/>\nConsumo nocturno: &lt; 50 mW<\/p>\n<p><b>Volumen de suministro:<\/b><br \/>\n1x SUN600<br \/>\n1x antena WLAN<br \/>\n1x manual (ingl\u00e9s)<\/p>\n<p><b>Importante:<\/b><br \/>\nPara configurar, adaptar las l\u00edneas de alimentaci\u00f3n \/ l\u00edneas de conexi\u00f3n de la casa, le recomendamos que consulte siempre a personal cualificado. La empresa reichelt elektronik GmbH &amp; Co. KG no asume ninguna responsabilidad. Por favor, inf\u00f3rmese antes de la compra y la conexi\u00f3n.<\/p>\n<div id=\"clipvideo\"><strong>M\u00e1s informaci\u00f3n:<\/strong><\/div>\n<div><a href=\"https:\/\/storeyourownpower.com\/wp-content\/uploads\/2022\/12\/Datasheet-English-microinverter.pdf\" target=\"_blank\" rel=\"noopener\">Ficha t\u00e9cnica microinversor espa\u00f1ol<\/a><\/div>\n<div><a href=\"https:\/\/storeyourownpower.com\/wp-content\/uploads\/2022\/12\/User-Manual-Deye-microinverter.pdf\" target=\"_blank\" rel=\"noopener\">Manual del usuario del microinversor Deye<\/a><\/div>\n<\/div>\n<\/div>\n<\/div>\n<\/div>\n<\/div>\n<\/div>\n<\/div>\n<\/div>","protected":false},"excerpt":{"rendered":"<p>DEYE SUN600\/800\/1000G3-US-220\/EU-230 |600-1000W| Monof\u00e1sico | 2 MPPT | Microinversor | Apagado r\u00e1pido Mayor rendimiento \/ Seguro \/ Inteligente \/ F\u00e1cil de usar El SUN 600\/800\/1000G3 es un microinversor de red de nueva generaci\u00f3n con [...]<\/p>","protected":false},"featured_media":4069,"template":"","meta":{"_seopress_robots_primary_cat":"none","_seopress_titles_title":"DEYE SUN600\/800\/1000G3-US-220\/EU-230 |600-1000W| Single Phase | 2 MPPT | Micro-Inverter | Rapid Shutdown","_seopress_titles_desc":"Get the DEYE SUN600\/800\/1000G3 microinverter for maximum efficiency and safe solar energy production. Supports rapid shutdown and smart monitoring.","_seopress_robots_index":"","_kad_blocks_custom_css":"","_kad_blocks_head_custom_js":"","_kad_blocks_body_custom_js":"","_kad_blocks_footer_custom_js":""},"product_cat":[18],"product_tag":[],"class_list":{"0":"post-4066","1":"product","2":"type-product","3":"status-publish","4":"has-post-thumbnail","6":"product_cat-hybrid-inverters","8":"first","9":"instock","10":"sale","11":"taxable","12":"shipping-taxable","13":"purchasable","14":"product-type-simple"},"taxonomy_info":{"product_cat":[{"value":18,"label":"Hybrid inverters"}]},"featured_image_src_large":["https:\/\/ownpowr.com\/wp-content\/uploads\/2023\/10\/deye-microinveretr.webp",420,420,false],"author_info":[],"comment_info":"","_links":{"self":[{"href":"https:\/\/ownpowr.com\/es\/wp-json\/wp\/v2\/product\/4066","targetHints":{"allow":["GET"]}}],"collection":[{"href":"https:\/\/ownpowr.com\/es\/wp-json\/wp\/v2\/product"}],"about":[{"href":"https:\/\/ownpowr.com\/es\/wp-json\/wp\/v2\/types\/product"}],"wp:featuredmedia":[{"embeddable":true,"href":"https:\/\/ownpowr.com\/es\/wp-json\/wp\/v2\/media\/4069"}],"wp:attachment":[{"href":"https:\/\/ownpowr.com\/es\/wp-json\/wp\/v2\/media?parent=4066"}],"wp:term":[{"taxonomy":"product_cat","embeddable":true,"href":"https:\/\/ownpowr.com\/es\/wp-json\/wp\/v2\/product_cat?post=4066"},{"taxonomy":"product_tag","embeddable":true,"href":"https:\/\/ownpowr.com\/es\/wp-json\/wp\/v2\/product_tag?post=4066"}],"curies":[{"name":"wp","href":"https:\/\/api.w.org\/{rel}","templated":true}]}}