{"id":418,"date":"2023-10-04T16:42:57","date_gmt":"2023-10-04T14:42:57","guid":{"rendered":"https:\/\/ownpowr.com\/product\/pylontech-force-h1-21-31\/"},"modified":"2025-06-03T11:10:17","modified_gmt":"2025-06-03T09:10:17","slug":"pylontech-force-h1-21-31","status":"publish","type":"product","link":"https:\/\/ownpowr.com\/es\/product\/pylontech-force-h1-21-31\/","title":{"rendered":"Pylontech Force H1 21.31 V2"},"content":{"rendered":"<p>Presentamos el m\u00f3dulo de bater\u00edas de alto voltaje Pylontech Force H1 de 21,31 kWh:<\/p>\n<p><strong>Caracter\u00edsticas principales:<\/strong><\/p>\n<ul>\n<li><strong>Configuraci\u00f3n de la bater\u00eda:<\/strong> 6 m\u00f3dulos Force H1 de 3,55 kWh + 1 base BMU Force H1<\/li>\n<li><strong>Capacidad \u00fatil total:<\/strong> 21,31 kWh<\/li>\n<li><strong>Integraci\u00f3n industrial vertical:<\/strong> Proporciona m\u00e1s de 6000 ciclos con la profundidad de descarga (DoD) 90%, garantizando un rendimiento duradero.<\/li>\n<li><strong>Dise\u00f1o modular:<\/strong> Permite a los clientes finales elegir la capacidad que desean, lo que flexibiliza su escalabilidad.<\/li>\n<li><strong>Compatibilidad:<\/strong> Compatible con la mayor\u00eda de los inversores h\u00edbridos disponibles, lo que garantiza una integraci\u00f3n perfecta con los sistemas existentes.<\/li>\n<li><strong>Instalaci\u00f3n abreviada:<\/strong> Minimiza el tiempo y el coste de instalaci\u00f3n, agilizando el proceso de configuraci\u00f3n.<\/li>\n<li><strong>Dise\u00f1o vers\u00e1til:<\/strong> Adecuado tanto para instalaciones interiores como exteriores, ofrece flexibilidad de colocaci\u00f3n.<\/li>\n<\/ul>\n<p><strong>Descripci\u00f3n del producto:<\/strong><\/p>\n<p>El Pylontech Force H1 es el \u00faltimo m\u00f3dulo de bater\u00eda del Sistema de Almacenamiento de Alta Energ\u00eda (HESS) dise\u00f1ado para satisfacer las necesidades cambiantes de los usuarios finales. Incorpora varias caracter\u00edsticas clave que lo distinguen:<\/p>\n<ul>\n<li><strong>Larga vida \u00fatil:<\/strong> El car\u00e1cter de \"larga vida\" garantiza la durabilidad del sistema, convirti\u00e9ndolo en una opci\u00f3n fiable para las necesidades de almacenamiento de energ\u00eda a largo plazo.<\/li>\n<li><strong>Alta densidad de energ\u00eda y potencia:<\/strong> La Force H1 cuenta con la mayor densidad de energ\u00eda y potencia del sector, maximizando la capacidad de almacenamiento de energ\u00eda dentro de un dise\u00f1o compacto.<\/li>\n<li><strong>Facilidad de instalaci\u00f3n:<\/strong> El sistema est\u00e1 dise\u00f1ado para facilitar su instalaci\u00f3n y ampliaci\u00f3n, simplificando el proceso de configuraci\u00f3n para los usuarios finales.<\/li>\n<li><strong>Escalabilidad:<\/strong> Los usuarios pueden empezar con tan s\u00f3lo 2 m\u00f3dulos de bater\u00edas Force H1 y ampliarlos a\u00f1adiendo m\u00e1s m\u00f3dulos posteriormente, lo que ofrece escalabilidad para satisfacer las cambiantes necesidades energ\u00e9ticas.<\/li>\n<li><strong>Garant\u00eda del fabricante:<\/strong> El producto cuenta con una garant\u00eda del fabricante de 10 a\u00f1os, lo que garantiza la tranquilidad y fiabilidad del producto. Es necesario registrarse para activar la garant\u00eda, y los detalles se pueden encontrar en la p\u00e1gina web del fabricante.<\/li>\n<\/ul>\n<p>El Pylontech Force H1 es una opci\u00f3n ideal para soluciones de almacenamiento de energ\u00eda residenciales y comerciales. Su dise\u00f1o vers\u00e1til, su alto rendimiento y su escalabilidad lo convierten en un valioso complemento para cualquier sistema de gesti\u00f3n energ\u00e9tica. Ya sea para disponer de energ\u00eda de reserva durante los cortes de suministro o para optimizar el consumo energ\u00e9tico, la Force H1 ofrece una soluci\u00f3n de almacenamiento de energ\u00eda fiable y eficiente.<\/p>\n<p><a href=\"https:\/\/storeyourownpower.com\/wp-content\/uploads\/2022\/10\/Datasheet-English-2.pdf\" target=\"_blank\" rel=\"noopener\">Hoja de datos Espa\u00f1ol<\/a><br \/>\n<a href=\"https:\/\/storeyourownpower.com\/wp-content\/uploads\/2022\/10\/Compatibility-list-English.pdf\" target=\"_blank\" rel=\"noopener\">Lista de compatibilidad Espa\u00f1ol<\/a><br \/>\n<a href=\"https:\/\/storeyourownpower.com\/wp-content\/uploads\/2022\/10\/Operation-manual-English.pdf\" target=\"_blank\" rel=\"noopener\">Manual de instrucciones Ingl\u00e9s<\/a><br \/>\n<a href=\"https:\/\/storeyourownpower.com\/wp-content\/uploads\/2022\/10\/Consumer-Warranty.pdf\" target=\"_blank\" rel=\"noopener\">Garant\u00eda del consumidor<\/a><\/p>","protected":false},"excerpt":{"rendered":"<p>Presentamos el m\u00f3dulo de bater\u00edas de alto voltaje Pylontech Force H1 21,31 kWh: Caracter\u00edsticas principales: Configuraci\u00f3n de la bater\u00eda: 6 m\u00f3dulos Force H1 de 3,55 kWh + 1 base BMU Force H1 Total [...]<\/p>","protected":false},"featured_media":419,"template":"","meta":{"_seopress_robots_primary_cat":"none","_seopress_titles_title":"Pylontech Force H1 21.31kWh Battery Module - High Voltage","_seopress_titles_desc":"The latest HESS battery system with long life, highest energy density, easy installation, and compatibility with most hybrid inverters.","_seopress_robots_index":"","_kad_blocks_custom_css":"","_kad_blocks_head_custom_js":"","_kad_blocks_body_custom_js":"","_kad_blocks_footer_custom_js":""},"product_cat":[17],"product_tag":[],"class_list":{"0":"post-418","1":"product","2":"type-product","3":"status-publish","4":"has-post-thumbnail","6":"product_cat-home-batteries","8":"first","9":"instock","10":"sale","11":"taxable","12":"shipping-taxable","13":"purchasable","14":"product-type-simple"},"taxonomy_info":{"product_cat":[{"value":17,"label":"Home batteries"}]},"featured_image_src_large":["https:\/\/ownpowr.com\/wp-content\/uploads\/2022\/11\/Pylontech-Force-H1-10501-img-1.jpg",553,371,false],"author_info":[],"comment_info":"","_links":{"self":[{"href":"https:\/\/ownpowr.com\/es\/wp-json\/wp\/v2\/product\/418","targetHints":{"allow":["GET"]}}],"collection":[{"href":"https:\/\/ownpowr.com\/es\/wp-json\/wp\/v2\/product"}],"about":[{"href":"https:\/\/ownpowr.com\/es\/wp-json\/wp\/v2\/types\/product"}],"wp:featuredmedia":[{"embeddable":true,"href":"https:\/\/ownpowr.com\/es\/wp-json\/wp\/v2\/media\/419"}],"wp:attachment":[{"href":"https:\/\/ownpowr.com\/es\/wp-json\/wp\/v2\/media?parent=418"}],"wp:term":[{"taxonomy":"product_cat","embeddable":true,"href":"https:\/\/ownpowr.com\/es\/wp-json\/wp\/v2\/product_cat?post=418"},{"taxonomy":"product_tag","embeddable":true,"href":"https:\/\/ownpowr.com\/es\/wp-json\/wp\/v2\/product_tag?post=418"}],"curies":[{"name":"wp","href":"https:\/\/api.w.org\/{rel}","templated":true}]}}