{"id":429,"date":"2023-10-04T16:42:58","date_gmt":"2023-10-04T14:42:58","guid":{"rendered":"https:\/\/ownpowr.com\/product\/pylontech-force-h1-3-55kwh-battery\/"},"modified":"2025-03-27T12:51:37","modified_gmt":"2025-03-27T10:51:37","slug":"pylontech-force-h1-3-55kwh-battery","status":"publish","type":"product","link":"https:\/\/ownpowr.com\/es\/product\/bateria-pylontech-force-h1-3-55kwh\/","title":{"rendered":"Pylontech force H1 Bater\u00eda de 3,55 kWh V2"},"content":{"rendered":"<h3>Pylontech M\u00f3dulo de bater\u00eda Force H1 de 3,55 kWh - Alta tensi\u00f3n<\/h3>\n<p>La Force H1 es el \u00faltimo sistema de bater\u00edas HESS suministrado por Pylontech. El car\u00e1cter de \"larga duraci\u00f3n\", la mayor densidad de energ\u00eda y potencia del sector, el dise\u00f1o a la moda, la facilidad de instalaci\u00f3n y ampliaci\u00f3n, todo ello refleja los requisitos reales de los usuarios finales y la mayor capacidad t\u00e9cnica de Pylontech.<\/p>\n<p>M\u00f3dulo de bater\u00eda Force H1 Pylontech de 3,55 kWh para montar una pila Force H1 de 2 a 7 m\u00f3dulos de bater\u00eda Force H1 en serie para conseguir una capacidad utilizable de 7,1 a 24,86 kWh. Posibilidad de ampliaci\u00f3n mediante la adici\u00f3n posterior de m\u00f3dulos Force H1<\/p>\n<p>\u2714 La integraci\u00f3n industrial vertical proporciona m\u00e1s de 6000 ciclos con 90% DoD<\/p>\n<p>\u2714 El dise\u00f1o modular permite a los clientes finales elegir la capacidad<\/p>\n<p>\u2714 Compatible con la mayor\u00eda de los inversores h\u00edbridos disponibles<\/p>\n<p>\u2714 La desconexi\u00f3n r\u00e1pida minimiza el tiempo y el coste de instalaci\u00f3n<\/p>\n<p>\u2714 Bonito dise\u00f1o - se adapta tanto a la instalaci\u00f3n interior como exterior<\/p>\n<p>*10 a\u00f1os de garant\u00eda del fabricante tras registrarse correctamente en <a href=\"http:\/\/en.pylontech.com.cn\/service\/support\">http:\/\/en.pylontech.com.cn\/service\/support<\/a> y de acuerdo con las condiciones establecidas en el documento \"Garant\u00eda limitada\" vinculado a este art\u00edculo.<\/p>\n<p><a href=\"https:\/\/storeyourownpower.com\/wp-content\/uploads\/2022\/10\/Datasheet-English-2.pdf\" target=\"_blank\" rel=\"noopener\">Hoja de datos Espa\u00f1ol<\/a><br \/>\n<a href=\"https:\/\/storeyourownpower.com\/wp-content\/uploads\/2022\/10\/Compatibility-list-English.pdf\" target=\"_blank\" rel=\"noopener\">Lista de compatibilidad Espa\u00f1ol<\/a><br \/>\n<a href=\"https:\/\/storeyourownpower.com\/wp-content\/uploads\/2022\/10\/Operation-manual-English.pdf\" target=\"_blank\" rel=\"noopener\">Manual de instrucciones Ingl\u00e9s<\/a><br \/>\n<a href=\"https:\/\/storeyourownpower.com\/wp-content\/uploads\/2022\/10\/Consumer-Warranty.pdf\" target=\"_blank\" rel=\"noopener\">Garant\u00eda del consumidor<\/a><\/p>","protected":false},"excerpt":{"rendered":"<p>Pylontech Force H1 M\u00f3dulo de bater\u00edas de 3,55 kWh - Alto voltaje El Force H1 es el \u00faltimo sistema de bater\u00edas HESS suministrado por Pylontech. El car\u00e1cter de \"larga duraci\u00f3n\", la mayor energ\u00eda y potencia [...]<\/p>","protected":false},"featured_media":430,"template":"","meta":{"_seopress_robots_primary_cat":"none","_seopress_titles_title":"Pylontech Force H1 3.55kWh Battery Module - High Voltage","_seopress_titles_desc":"The latest HESS battery system with industry-leading features. Easily expandable, high energy density, and compatible with most hybrid inverters. 10-year warranty.","_seopress_robots_index":"","_kad_blocks_custom_css":"","_kad_blocks_head_custom_js":"","_kad_blocks_body_custom_js":"","_kad_blocks_footer_custom_js":""},"product_cat":[17],"product_tag":[],"class_list":{"0":"post-429","1":"product","2":"type-product","3":"status-publish","4":"has-post-thumbnail","6":"product_cat-home-batteries","8":"first","9":"instock","10":"sale","11":"taxable","12":"shipping-taxable","13":"purchasable","14":"product-type-simple"},"taxonomy_info":{"product_cat":[{"value":17,"label":"Home batteries"}]},"featured_image_src_large":["https:\/\/ownpowr.com\/wp-content\/uploads\/2022\/11\/Pylontech-Force-H1-3.55kWh-Battery-Module-10484-img.png",553,347,false],"author_info":[],"comment_info":"","_links":{"self":[{"href":"https:\/\/ownpowr.com\/es\/wp-json\/wp\/v2\/product\/429","targetHints":{"allow":["GET"]}}],"collection":[{"href":"https:\/\/ownpowr.com\/es\/wp-json\/wp\/v2\/product"}],"about":[{"href":"https:\/\/ownpowr.com\/es\/wp-json\/wp\/v2\/types\/product"}],"wp:featuredmedia":[{"embeddable":true,"href":"https:\/\/ownpowr.com\/es\/wp-json\/wp\/v2\/media\/430"}],"wp:attachment":[{"href":"https:\/\/ownpowr.com\/es\/wp-json\/wp\/v2\/media?parent=429"}],"wp:term":[{"taxonomy":"product_cat","embeddable":true,"href":"https:\/\/ownpowr.com\/es\/wp-json\/wp\/v2\/product_cat?post=429"},{"taxonomy":"product_tag","embeddable":true,"href":"https:\/\/ownpowr.com\/es\/wp-json\/wp\/v2\/product_tag?post=429"}],"curies":[{"name":"wp","href":"https:\/\/api.w.org\/{rel}","templated":true}]}}