{"id":431,"date":"2022-11-11T10:28:23","date_gmt":"2022-11-11T08:28:23","guid":{"rendered":"https:\/\/ownpowr.com\/product\/solax-t-bat-h-5-8-master-pack-v2\/"},"modified":"2025-09-02T09:26:49","modified_gmt":"2025-09-02T07:26:49","slug":"solax-t-bat-h-5-8-master-pack-v2","status":"publish","type":"product","link":"https:\/\/ownpowr.com\/es\/product\/solax-t-bat-h-5-8-master-pack-v2\/","title":{"rendered":"SolaX Power T-Bat H 5.8 Master Pack V2 5,8 kWh"},"content":{"rendered":"<div>Solax T-BAT H 5.8 master pack V2<\/div>\n<div><\/div>\n<div class=\"product--description\">PRECAUCI\u00d3N:<br \/>\nSustancia peligrosa seg\u00fan UN 3480 \/ Clase de riesgo para el transporte 9 \/ Grupo de embalaje IICuando conecte la bater\u00eda SolaX T-BAT H 5.8, tenga en cuenta el rango de tensi\u00f3n del inversor.<br \/>\nPor lo tanto, para los dispositivos h\u00edbridos X-1, deben conectarse al menos 1 bater\u00eda Maestra y hasta 2 bater\u00edas Esclavas.<br \/>\nPara los dispositivos h\u00edbridos X-3, deben conectarse al menos 1 bater\u00eda maestra y 1 bater\u00eda esclava. Se pueden conectar hasta 3 bater\u00edas esclavas.**La V1T-BAT H 5.8 no es compatible con la V2 T-BAT H 5.8**.<\/div>\n<div class=\"is--b2b-ajax-panel b2b--ajax-panel b2b--ajax-panel-orderlist\" data-id=\"order-list-remote-box\" data-plugins=\"b2bOrderList\" data-url=\"https:\/\/shop.krannich-solar.com\/de-en\/b2borderlistremote\/remoteList\/referenceNumber\/0152118\/b2b_quantity\/1\/type\/detail\">\n<div class=\"b2b--alert-container\"><\/div>\n<div>\n<form action=\"https:\/\/shop.krannich-solar.com\/de-en\/b2borderlistremote\/processAddProductsToOrderList\" method=\"post\" data-trp-original-action=\"https:\/\/shop.krannich-solar.com\/de-en\/b2borderlistremote\/processAddProductsToOrderList\">\n<div class=\"block-group group--actions\">\n<div class=\"select-field\">\n<p>Capacidad nominal (kWh): 5.8<br \/>\nCapacidad utilizable (kWh): 5.1<br \/>\nPotencia est\u00e1ndar (kW): 2,8<\/p>\n<p>M\u00e1x. Potencia (kW): 4.0<\/p>\n<p>Tensi\u00f3n nominal (V): 115.2<br \/>\nM\u00e1x. Corriente de carga (A): 35<br \/>\nM\u00e1x. Corriente de descarga (A): 35<\/p>\n<p><a href=\"https:\/\/storeyourownpower.com\/wp-content\/uploads\/2022\/10\/Datasheet-English-1.pdf\" target=\"_blank\" rel=\"noopener\">Hoja de datos Espa\u00f1ol<\/a><br \/>\n<a href=\"https:\/\/storeyourownpower.com\/wp-content\/uploads\/2022\/10\/Datasheet-German.pdf\" target=\"_blank\" rel=\"noopener\">Hoja de datos en alem\u00e1n<\/a><br \/>\n<a href=\"https:\/\/storeyourownpower.com\/wp-content\/uploads\/2022\/10\/Mounting-instructions-English-1.pdf\" target=\"_blank\" rel=\"noopener\">Instrucciones de montaje Espa\u00f1ol<\/a><br \/>\n<a href=\"https:\/\/storeyourownpower.com\/wp-content\/uploads\/2022\/10\/Operations-manual-German.pdf\" target=\"_blank\" rel=\"noopener\">Manual de instrucciones Alem\u00e1n<\/a><br \/>\n<a href=\"https:\/\/storeyourownpower.com\/wp-content\/uploads\/2022\/10\/Warranty-terms-English.pdf\" target=\"_blank\" rel=\"noopener\">Condiciones de la garant\u00eda Espa\u00f1ol<\/a><br \/>\n<a href=\"https:\/\/storeyourownpower.com\/wp-content\/uploads\/2022\/10\/Warranty-terms-Germany.pdf\" target=\"_blank\" rel=\"noopener\">Condiciones de garant\u00eda Alemania<\/a><\/p>\n<\/div>\n<\/div>\n<input type=\"hidden\" name=\"trp-form-language\" value=\"es\"\/><\/form>\n<\/div>\n<\/div>","protected":false},"excerpt":{"rendered":"<p>Solax T-BAT H 5.8 master pack V2 PRECAUCI\u00d3N: Sustancia peligrosa seg\u00fan UN 3480 \/ Clase de riesgo para el transporte 9 \/ Grupo de embalaje IIAl conectar la bater\u00eda SolaX T-BAT H 5.8, [...]<\/p>","protected":false},"featured_media":432,"template":"","meta":{"_seopress_robots_primary_cat":"none","_seopress_titles_title":"","_seopress_titles_desc":"","_seopress_robots_index":"","_kad_blocks_custom_css":"","_kad_blocks_head_custom_js":"","_kad_blocks_body_custom_js":"","_kad_blocks_footer_custom_js":""},"product_cat":[17],"product_tag":[],"class_list":{"0":"post-431","1":"product","2":"type-product","3":"status-publish","4":"has-post-thumbnail","6":"product_cat-home-batteries","8":"first","9":"instock","10":"sale","11":"taxable","12":"shipping-taxable","13":"purchasable","14":"product-type-simple"},"taxonomy_info":{"product_cat":[{"value":17,"label":"Home batteries"}]},"featured_image_src_large":["https:\/\/ownpowr.com\/wp-content\/uploads\/2022\/11\/huts-1.jpeg",600,540,false],"author_info":[],"comment_info":"","_links":{"self":[{"href":"https:\/\/ownpowr.com\/es\/wp-json\/wp\/v2\/product\/431","targetHints":{"allow":["GET"]}}],"collection":[{"href":"https:\/\/ownpowr.com\/es\/wp-json\/wp\/v2\/product"}],"about":[{"href":"https:\/\/ownpowr.com\/es\/wp-json\/wp\/v2\/types\/product"}],"wp:featuredmedia":[{"embeddable":true,"href":"https:\/\/ownpowr.com\/es\/wp-json\/wp\/v2\/media\/432"}],"wp:attachment":[{"href":"https:\/\/ownpowr.com\/es\/wp-json\/wp\/v2\/media?parent=431"}],"wp:term":[{"taxonomy":"product_cat","embeddable":true,"href":"https:\/\/ownpowr.com\/es\/wp-json\/wp\/v2\/product_cat?post=431"},{"taxonomy":"product_tag","embeddable":true,"href":"https:\/\/ownpowr.com\/es\/wp-json\/wp\/v2\/product_tag?post=431"}],"curies":[{"name":"wp","href":"https:\/\/api.w.org\/{rel}","templated":true}]}}