{"id":4519,"date":"2023-11-01T11:34:21","date_gmt":"2023-11-01T09:34:21","guid":{"rendered":"https:\/\/ownpowr.com\/?post_type=product&#038;p=4519"},"modified":"2026-04-16T13:25:20","modified_gmt":"2026-04-16T11:25:20","slug":"deye-gb-lm4-0-battery-module","status":"publish","type":"product","link":"https:\/\/ownpowr.com\/es\/product\/modulo-de-bateria-deye-gb-lm4-0\/","title":{"rendered":"M\u00f3dulo de bater\u00eda Deye GB-LM4.0"},"content":{"rendered":"<p>El m\u00f3dulo de bater\u00eda de alto voltaje Deye GB-LM4.0 es apilable (consulte la hoja de datos) en las series GB-SL y GB-L deye.<\/p>\n<p>GB-LM4.0 M\u00f3dulo para bater\u00eda de alto voltaje GB-L 4kWh (HV) LiFePO4 | 40ah bater\u00eda solar<br \/>\n<strong>Seguridad<\/strong><br \/>\nDispositivo de venteo de explosiones incorporado para excavar el gas y dispositivo de protecci\u00f3n contra incendios incorporado para apagar la fuente de fuego durante 3 segundos<br \/>\n<strong>Pila de alta tensi\u00f3n<\/strong><br \/>\nLos m\u00f3dulos se conectan en serie sin necesidad de cables y la plataforma de alto voltaje mejora la eficacia del sistema.<br \/>\n<strong>Gesti\u00f3n t\u00e9rmica<\/strong><br \/>\nDetecci\u00f3n de la temperatura de piezas clave, c\u00e9lulas, conectores de alimentaci\u00f3n, etc.<br \/>\n<strong>Funcionamiento en una amplia gama de temperaturas<\/strong><br \/>\nLa funci\u00f3n de calefacci\u00f3n es opcional para satisfacer los escenarios de aplicaci\u00f3n con baja temperatura y nosense.<br \/>\n<strong>Respeto medioambiental<\/strong><br \/>\nGrado de protecci\u00f3n IP 65, grado de protecci\u00f3n contra la corrosi\u00f3n \u2265C2, bater\u00eda de protecci\u00f3n medioambiental<br \/>\n<strong>Inteligente y visual<\/strong><br \/>\nAdmite actualizaci\u00f3n remota, informaci\u00f3n de advertencia de bater\u00eda en tiempo real y visualizaci\u00f3n de datos en LCD.<\/p>\n<p>Informaci\u00f3n general:<\/p>\n<p>Tipo de bater\u00eda: LiFePO4(LFP)<br \/>\nTensi\u00f3n nominal: 102,4Vcc<br \/>\nCapacidad nominal: 40Ah<br \/>\nEnerg\u00eda nominal: 4,09 kWh<br \/>\nM\u00e1x. Corriente de carga\/descarga: 40A<br \/>\nCorriente m\u00e1xima de carga\/descarga: 50A<br \/>\nTemperatura de carga: 0~55\u00b0C<br \/>\nTemperatura de descarga: -20\u00b0C~55\u00b0C<br \/>\nTemperatura de almacenamiento: 0\u00b0C~35\u00b0C<br \/>\nProtecci\u00f3n contra la penetraci\u00f3n: IP65<br \/>\nDimensi\u00f3n (ancho\/alto): 540*385*220mm<br \/>\nPeso aproximado: 39 kg<\/p>\n<p><a href=\"https:\/\/ownpowr.com\/wp-content\/uploads\/2023\/11\/datasheet-gb-sl-eu.pdf\" target=\"_blank\" rel=\"noopener\">Ficha de datos GB-SL-EU<\/a><\/p>\n<p>&nbsp;<\/p>","protected":false},"excerpt":{"rendered":"<p>El m\u00f3dulo de bater\u00eda de alto voltaje GB-LM4.0 Deye es apilable (consulte la hoja de datos) en las series GB-SL y GB-L deye. GB-LM4.0 M\u00f3dulo de bater\u00eda de alto voltaje apilable GB-L 4kWh (HV) LiFePO4 [...]<\/p>","protected":false},"featured_media":4528,"template":"","meta":{"_seopress_robots_primary_cat":"none","_seopress_titles_title":"Deye GB-LM4.0 High Voltage, Stackable LiFePO4 Battery Module","_seopress_titles_desc":"Discover the stackable high-voltage GB-LM4.0 battery module by Deye featuring LiFePO4(LFP) type, 102.4Vdc voltage, 40Ah capacity, and 4.09kWh energy.","_seopress_robots_index":"","_kad_blocks_custom_css":"","_kad_blocks_head_custom_js":"","_kad_blocks_body_custom_js":"","_kad_blocks_footer_custom_js":""},"product_cat":[17],"product_tag":[],"class_list":{"0":"post-4519","1":"product","2":"type-product","3":"status-publish","4":"has-post-thumbnail","6":"product_cat-home-batteries","8":"first","9":"instock","10":"sale","11":"taxable","12":"shipping-taxable","13":"purchasable","14":"product-type-simple"},"taxonomy_info":{"product_cat":[{"value":17,"label":"Home batteries"}]},"featured_image_src_large":["https:\/\/ownpowr.com\/wp-content\/uploads\/2023\/11\/gb-lm4.0.jpg",550,322,false],"author_info":[],"comment_info":"","_links":{"self":[{"href":"https:\/\/ownpowr.com\/es\/wp-json\/wp\/v2\/product\/4519","targetHints":{"allow":["GET"]}}],"collection":[{"href":"https:\/\/ownpowr.com\/es\/wp-json\/wp\/v2\/product"}],"about":[{"href":"https:\/\/ownpowr.com\/es\/wp-json\/wp\/v2\/types\/product"}],"wp:featuredmedia":[{"embeddable":true,"href":"https:\/\/ownpowr.com\/es\/wp-json\/wp\/v2\/media\/4528"}],"wp:attachment":[{"href":"https:\/\/ownpowr.com\/es\/wp-json\/wp\/v2\/media?parent=4519"}],"wp:term":[{"taxonomy":"product_cat","embeddable":true,"href":"https:\/\/ownpowr.com\/es\/wp-json\/wp\/v2\/product_cat?post=4519"},{"taxonomy":"product_tag","embeddable":true,"href":"https:\/\/ownpowr.com\/es\/wp-json\/wp\/v2\/product_tag?post=4519"}],"curies":[{"name":"wp","href":"https:\/\/api.w.org\/{rel}","templated":true}]}}