{"id":4577,"date":"2023-11-01T15:23:32","date_gmt":"2023-11-01T13:23:32","guid":{"rendered":"https:\/\/ownpowr.com\/?post_type=product&#038;p=4577"},"modified":"2025-02-27T11:22:13","modified_gmt":"2025-02-27T09:22:13","slug":"deye-gb-l-8-18-kwh","status":"publish","type":"product","link":"https:\/\/ownpowr.com\/es\/product\/deye-gb-l-8-18-kwh\/","title":{"rendered":"Deye GB-L-8,18 kWh"},"content":{"rendered":"<p>La Deye GB-L-8.18 es una bater\u00eda con bms de la serie de alto voltaje GB-L deye.<\/p>\n<p>El juego contiene de:<br \/>\n2x GB-LM4.0<br \/>\n1x GB-LBS<br \/>\n1x GB-LBase<\/p>\n<p>GB-L(HV)<\/p>\n<p>GB-LM8.0 M\u00f3dulo de bater\u00eda de alto voltaje para cluster 2 GB-L 4kWh (HV) LiFePO4 | 40ah bater\u00eda solar<br \/>\n<strong>Seguridad<\/strong><br \/>\nDispositivo de venteo de explosiones incorporado para excavar el gas y dispositivo de protecci\u00f3n contra incendios incorporado para apagar la fuente de fuego durante 3 segundos<br \/>\n<strong>Pila de alta tensi\u00f3n<\/strong><br \/>\nLos m\u00f3dulos se conectan en serie sin necesidad de cables y la plataforma de alto voltaje mejora la eficacia del sistema.<br \/>\n<strong>Gesti\u00f3n t\u00e9rmica<\/strong><br \/>\nDetecci\u00f3n de la temperatura de piezas clave, c\u00e9lulas, conectores de alimentaci\u00f3n, etc.<br \/>\n<strong>Funcionamiento en una amplia gama de temperaturas<\/strong><br \/>\nLa funci\u00f3n de calefacci\u00f3n es opcional para satisfacer los escenarios de aplicaci\u00f3n con baja temperatura y nosense.<br \/>\n<strong>Respeto medioambiental<\/strong><br \/>\nGrado de protecci\u00f3n IP 65, grado de protecci\u00f3n contra la corrosi\u00f3n \u2265C2, bater\u00eda de protecci\u00f3n medioambiental<br \/>\n<strong>Inteligente y visual<\/strong><br \/>\nAdmite actualizaci\u00f3n remota, informaci\u00f3n de advertencia de bater\u00eda en tiempo real y visualizaci\u00f3n de datos en LCD.<\/p>\n<p>&nbsp;<\/p>\n<p><a href=\"https:\/\/ownpowr.com\/wp-content\/uploads\/2023\/11\/gb-l-v1.3.pdf\" target=\"_blank\" rel=\"noopener\">GB-L-V1.3<\/a><\/p>","protected":false},"excerpt":{"rendered":"<p>La Deye GB-L-8.18 es una bater\u00eda con bms de la serie de alto voltaje GB-L deye. El juego contiene de: 2x GB-LM4.0 1x GB-LBS 1x GB-LBase GB-L(HV) GB-LM8.0 M\u00f3dulo de bater\u00eda para cluster [...]<\/p>","protected":false},"featured_media":4576,"template":"","meta":{"_seopress_robots_primary_cat":"none","_seopress_titles_title":"High-Performance Deye GB-L-8.18 Battery with BMS: Eco-Friendly and Safe","_seopress_titles_desc":"Elevate system efficiency with Deye GB-L-8.18 high voltage battery with BMS. Added safety, thermal management, environment friendly with remote upgrade.","_seopress_robots_index":"","_kad_blocks_custom_css":"","_kad_blocks_head_custom_js":"","_kad_blocks_body_custom_js":"","_kad_blocks_footer_custom_js":""},"product_cat":[17],"product_tag":[],"class_list":{"0":"post-4577","1":"product","2":"type-product","3":"status-publish","4":"has-post-thumbnail","6":"product_cat-home-batteries","8":"first","9":"instock","10":"sale","11":"taxable","12":"shipping-taxable","13":"purchasable","14":"product-type-simple"},"taxonomy_info":{"product_cat":[{"value":17,"label":"Home batteries"}]},"featured_image_src_large":["https:\/\/ownpowr.com\/wp-content\/uploads\/2023\/11\/gb-l-8.18.webp",1000,1000,false],"author_info":[],"comment_info":"","_links":{"self":[{"href":"https:\/\/ownpowr.com\/es\/wp-json\/wp\/v2\/product\/4577","targetHints":{"allow":["GET"]}}],"collection":[{"href":"https:\/\/ownpowr.com\/es\/wp-json\/wp\/v2\/product"}],"about":[{"href":"https:\/\/ownpowr.com\/es\/wp-json\/wp\/v2\/types\/product"}],"wp:featuredmedia":[{"embeddable":true,"href":"https:\/\/ownpowr.com\/es\/wp-json\/wp\/v2\/media\/4576"}],"wp:attachment":[{"href":"https:\/\/ownpowr.com\/es\/wp-json\/wp\/v2\/media?parent=4577"}],"wp:term":[{"taxonomy":"product_cat","embeddable":true,"href":"https:\/\/ownpowr.com\/es\/wp-json\/wp\/v2\/product_cat?post=4577"},{"taxonomy":"product_tag","embeddable":true,"href":"https:\/\/ownpowr.com\/es\/wp-json\/wp\/v2\/product_tag?post=4577"}],"curies":[{"name":"wp","href":"https:\/\/api.w.org\/{rel}","templated":true}]}}