{"id":4749,"date":"2023-12-15T10:25:25","date_gmt":"2023-12-15T08:25:25","guid":{"rendered":"https:\/\/ownpowr.com\/?post_type=product&#038;p=4749"},"modified":"2024-10-16T15:40:57","modified_gmt":"2024-10-16T13:40:57","slug":"deye-gb-sl-12k-hybrid-inverter-and-16-36kwh-gb-lm4-0-battery-module","status":"publish","type":"product","link":"https:\/\/ownpowr.com\/es\/product\/inversor-hibrido-deye-gb-sl-12k-y-modulo-de-baterias-16-36kwh-gb-lm4-0\/","title":{"rendered":"Deye GB-SL 12K inversor h\u00edbrido+16,36kWh GB-LM4.0 M\u00f3dulo de bater\u00eda"},"content":{"rendered":"<p>El inversor h\u00edbrido Deye GB-SL 12K y el m\u00f3dulo de bater\u00eda 16,63 GB-LM4.0 es un conjunto todo en uno.<\/p>\n<p>El juego contiene:<br \/>\n1 x GB-S12K<br \/>\n4 x GB-LM4.0<br \/>\n1 x GB-LB<br \/>\n1 x GB-LBase<\/p>\n<p>GB-SL(HV)<br \/>\nTODO EN UNO<br \/>\nDise\u00f1o integrado, bella apariencia e integraci\u00f3n de escenas<br \/>\nSalida m\u00e1xima :100% de salida desequilibrada, cada fase; salida m\u00e1xima hasta 50% de potencia nominal<br \/>\nConexi\u00f3n m\u00e1xima :Max. 10 unidades en paralelo para funcionamiento en red y sin red<br \/>\nM\u00e1s apoyo: Apoyo al almacenamiento de energ\u00eda del generador diesel<br \/>\nPila de alto voltaje: Los m\u00f3dulos se conectan en serie sin conexi\u00f3n de cables, y la plataforma de alta tensi\u00f3n mejora la eficiencia del sistema<br \/>\nGesti\u00f3n t\u00e9rmica: Detecci\u00f3n de la temperatura de las piezas clave, la c\u00e9lula, el enchufe de alimentaci\u00f3n, etc.<br \/>\nFuncionamiento a amplia temperatura: La funci\u00f3n de calefacci\u00f3n es opcional para satisfacer los escenarios de aplicaci\u00f3n con baja temperatura y sin sentido<\/p>\n<p><a href=\"https:\/\/ownpowr.com\/wp-content\/uploads\/2023\/11\/datasheet-gb-sl-eu.pdf\" target=\"_blank\" rel=\"noopener\">Ficha de datos GB-SL-EU<\/a><\/p>","protected":false},"excerpt":{"rendered":"<p>El inversor h\u00edbrido Deye GB-SL 12K y el m\u00f3dulo de bater\u00eda 16,63 GB-LM4.0 es un conjunto todo en uno. El juego contiene: 1 x GB-S12K 4 x GB-LM4.0 1 x GB-LB 1 x [...]<\/p>","protected":false},"featured_media":4752,"template":"","meta":{"_seopress_robots_primary_cat":"none","_seopress_titles_title":"Deye GB-SL 12K Hybrid Inverter and 16.36 kWh GB-LM4.0 Battery","_seopress_titles_desc":"Get an all-in-one energy solution with our Deye GB-SL 12K hybrid inverter and 16.63 GB-LM4.0 battery module set, offering 100% unbalanced output and support for diesel generator energy storage.","_seopress_robots_index":"","_kad_blocks_custom_css":"","_kad_blocks_head_custom_js":"","_kad_blocks_body_custom_js":"","_kad_blocks_footer_custom_js":""},"product_cat":[17,19],"product_tag":[],"class_list":{"0":"post-4749","1":"product","2":"type-product","3":"status-publish","4":"has-post-thumbnail","6":"product_cat-home-batteries","7":"product_cat-sets-with-inverters","9":"first","10":"instock","11":"sale","12":"taxable","13":"shipping-taxable","14":"purchasable","15":"product-type-simple"},"taxonomy_info":{"product_cat":[{"value":17,"label":"Home batteries"},{"value":19,"label":"Sets with inverters"}]},"featured_image_src_large":["https:\/\/ownpowr.com\/wp-content\/uploads\/2023\/11\/deye-gb-sl-16.36.jpeg",300,300,false],"author_info":[],"comment_info":"","_links":{"self":[{"href":"https:\/\/ownpowr.com\/es\/wp-json\/wp\/v2\/product\/4749","targetHints":{"allow":["GET"]}}],"collection":[{"href":"https:\/\/ownpowr.com\/es\/wp-json\/wp\/v2\/product"}],"about":[{"href":"https:\/\/ownpowr.com\/es\/wp-json\/wp\/v2\/types\/product"}],"wp:featuredmedia":[{"embeddable":true,"href":"https:\/\/ownpowr.com\/es\/wp-json\/wp\/v2\/media\/4752"}],"wp:attachment":[{"href":"https:\/\/ownpowr.com\/es\/wp-json\/wp\/v2\/media?parent=4749"}],"wp:term":[{"taxonomy":"product_cat","embeddable":true,"href":"https:\/\/ownpowr.com\/es\/wp-json\/wp\/v2\/product_cat?post=4749"},{"taxonomy":"product_tag","embeddable":true,"href":"https:\/\/ownpowr.com\/es\/wp-json\/wp\/v2\/product_tag?post=4749"}],"curies":[{"name":"wp","href":"https:\/\/api.w.org\/{rel}","templated":true}]}}