{"id":48401,"date":"2025-01-30T10:32:50","date_gmt":"2025-01-30T08:32:50","guid":{"rendered":"https:\/\/ownpowr.com\/?post_type=product&#038;p=48401"},"modified":"2025-01-31T10:25:34","modified_gmt":"2025-01-31T08:25:34","slug":"blauhoff-home-12k-11-4-kwh-3-fase-systeem-slim-line-ip65","status":"publish","type":"product","link":"https:\/\/ownpowr.com\/es\/product\/blauhoff-home-12k-11-4-kwh-3-fase-sistema-slim-line-ip65\/","title":{"rendered":"Blauhoff Hogar 12K\/11,4 kWh Sistema trif\u00e1sico Slim Line IP65 HV"},"content":{"rendered":"<p>Blauhoff Sistema dom\u00e9stico trif\u00e1sico 12K\/11kWh Slim Line IP65 17 cm de grosor \u00a1Exterior\/Interior!<\/p>\n<p>El sistema trif\u00e1sico superfino Blauhoff Home 12K\/11kWh, de la conocida marca Blauhoff, ofrece una soluci\u00f3n fiable y eficaz para el almacenamiento de energ\u00eda en hogares de consumo medio. Con este potente sistema, podr\u00e1 optimizar la eficiencia energ\u00e9tica de su hogar, reducir su dependencia de la red y beneficiarse de un suministro el\u00e9ctrico de emergencia en caso de apagones. Adem\u00e1s, este sistema se suministra con montaje gratuito, lo que garantiza una instalaci\u00f3n sin complicaciones.<\/p>\n<p>El inversor tiene una longitud de 780 mm y un peso de 33,6 kg. Un cable adicional de 300 mm entre el inversor y la bater\u00eda le permite determinar la colocaci\u00f3n \u00f3ptima para su sistema, garantizando una transferencia de energ\u00eda eficaz y unas p\u00e9rdidas de energ\u00eda m\u00ednimas.<\/p>\n<p>El sistema de bater\u00edas Blauhoff es duradero y ultracompacto y plano, con unas dimensiones de 670 mm x 900 mm x 170 mm y un peso de 90 kg. La bater\u00eda tiene una capacidad de 11 kWh, lo que le permite almacenar el exceso de energ\u00eda generada por sus paneles solares u otras fuentes de energ\u00eda. En los momentos en los que no haya producci\u00f3n de energ\u00eda, podr\u00e1 utilizar la energ\u00eda almacenada para cubrir su consumo energ\u00e9tico, reduciendo as\u00ed su dependencia de la red y reduciendo a\u00fan m\u00e1s sus costes energ\u00e9ticos. Todo ello de forma autom\u00e1tica en combinaci\u00f3n con un contrato de energ\u00eda din\u00e1mica como el actual. As\u00ed podr\u00e1 aprovechar la energ\u00eda barata por la noche en invierno y utilizarla durante todo el d\u00eda y en verano utilizar la carga gratuita por la tarde y utilizarla por la noche y cargar el coche con ella por la ma\u00f1ana o por la noche.<\/p>\n<p>El sistema trif\u00e1sico Home 12K\/11kWh est\u00e1 recomendado para hogares con un consumo medio anual de unos 4000 kWh. Con una potencia de 12 kW, puede cubrir una parte importante de sus necesidades energ\u00e9ticas utilizando la energ\u00eda solar generada y la energ\u00eda almacenada en la bater\u00eda. Adem\u00e1s, este sistema proporciona energ\u00eda de emergencia para que los dispositivos importantes sigan funcionando durante los cortes de electricidad y sus rutinas diarias puedan continuar sin interrupciones.<\/p>\n<p>El sistema trif\u00e1sico Blauhoff Home 12K\/11kWh Slim Line est\u00e1 dise\u00f1ado pensando en la flexibilidad. Incorpora un puerto para generador\/molinera, que le ofrece la posibilidad de a\u00f1adir fuentes de energ\u00eda adicionales y aumentar a\u00fan m\u00e1s su independencia energ\u00e9tica. Con una conexi\u00f3n m\u00ednima de 3x25A y apto para configuraciones trif\u00e1sicas, este sistema es compatible con la mayor\u00eda de las redes el\u00e9ctricas dom\u00e9sticas.<\/p>\n<p>Con el montaje gratuito, puede confiar en una instalaci\u00f3n profesional, que garantizar\u00e1 que su sistema funcione de forma \u00f3ptima desde el primer momento y podr\u00e1 disfrutar de una experiencia sin preocupaciones.<\/p>\n<p>Haga el cambio a un suministro energ\u00e9tico m\u00e1s eficiente y sostenible con el sistema trif\u00e1sico Blauhoff Home 12K\/11kWh. Con un potente almacenamiento de energ\u00eda, energ\u00eda de reserva y flexibilidad en las fuentes de energ\u00eda, podr\u00e1 contar con un suministro fiable, ahorrar costes y reducir su huella de carbono. Elija el Blauhoff y prepare su hogar para las necesidades energ\u00e9ticas del futuro.<\/p>\n<p><a href=\"https:\/\/blauhoff.nl\/wp-content\/uploads\/2024\/02\/Datasheet-Blauhoff-RESS-HV-Slim-Line.pdf\" target=\"_blank\" rel=\"noopener\">Ficha de datos Blauhoff RESS HV Slim Line<\/a><\/p>\n<p>&nbsp;<\/p>","protected":false},"excerpt":{"rendered":"<p>Blauhoff Home 12K\/11kWh Sistema Trif\u00e1sico Slim Line IP65 17 cm de grosor \u00a1Exterior\/Interior! El sistema trif\u00e1sico superfino Blauhoff Home 12K\/11kWh, de la reconocida marca [...]<\/p>","protected":false},"featured_media":48404,"template":"","meta":{"_seopress_robots_primary_cat":"none","_seopress_titles_title":"Boost Home Efficiency with Blauhoff 12K\/11kWh 3 Phase Slim Line System","_seopress_titles_desc":"Optimize your home energy efficiency with the ultra-compact Blauhoff Home 12K\/11kWh 3 Phase System. Reduce grid dependence enjoy backup power during outages.","_seopress_robots_index":"","_kad_blocks_custom_css":"","_kad_blocks_head_custom_js":"","_kad_blocks_body_custom_js":"","_kad_blocks_footer_custom_js":""},"product_cat":[17,19],"product_tag":[],"class_list":{"0":"post-48401","1":"product","2":"type-product","3":"status-publish","4":"has-post-thumbnail","6":"product_cat-home-batteries","7":"product_cat-sets-with-inverters","9":"first","10":"instock","11":"taxable","12":"shipping-taxable","13":"purchasable","14":"product-type-simple"},"taxonomy_info":{"product_cat":[{"value":17,"label":"Home batteries"},{"value":19,"label":"Sets with inverters"}]},"featured_image_src_large":["https:\/\/ownpowr.com\/wp-content\/uploads\/2024\/03\/3-phase-12k-battery-11kwh-1024x1024.png",1024,1024,true],"author_info":[],"comment_info":"","_links":{"self":[{"href":"https:\/\/ownpowr.com\/es\/wp-json\/wp\/v2\/product\/48401","targetHints":{"allow":["GET"]}}],"collection":[{"href":"https:\/\/ownpowr.com\/es\/wp-json\/wp\/v2\/product"}],"about":[{"href":"https:\/\/ownpowr.com\/es\/wp-json\/wp\/v2\/types\/product"}],"wp:featuredmedia":[{"embeddable":true,"href":"https:\/\/ownpowr.com\/es\/wp-json\/wp\/v2\/media\/48404"}],"wp:attachment":[{"href":"https:\/\/ownpowr.com\/es\/wp-json\/wp\/v2\/media?parent=48401"}],"wp:term":[{"taxonomy":"product_cat","embeddable":true,"href":"https:\/\/ownpowr.com\/es\/wp-json\/wp\/v2\/product_cat?post=48401"},{"taxonomy":"product_tag","embeddable":true,"href":"https:\/\/ownpowr.com\/es\/wp-json\/wp\/v2\/product_tag?post=48401"}],"curies":[{"name":"wp","href":"https:\/\/api.w.org\/{rel}","templated":true}]}}