{"id":49941,"date":"2024-04-05T08:59:30","date_gmt":"2024-04-05T06:59:30","guid":{"rendered":"https:\/\/ownpowr.com\/?post_type=product&#038;p=49941"},"modified":"2025-03-28T13:11:33","modified_gmt":"2025-03-28T11:11:33","slug":"blauhoff-megapack-container-ess-3-85mwh","status":"publish","type":"product","link":"https:\/\/ownpowr.com\/es\/product\/blauhoff-megapack-contenedor-ess-3-85mwh\/","title":{"rendered":"Blauhoff Contenedor MegaPack ESS 3,85MWh"},"content":{"rendered":"<p>Blauhoff Megapack Contenedor ESS 3.85 es un sistema de bater\u00edas llave en mano en un contenedor (precio sin IVA y sin montaje).<\/p>\n<p><strong>Menor coste<\/strong><\/p>\n<p>F\u00e1cil de instalar y de bajo mantenimiento<\/p>\n<p>C\u00e9lulas m\u00e1s grandes , muchos kWh por lo tanto 50% m\u00e1s fuerte que las soluciones regulares y m\u00e1s compacto<\/p>\n<p><strong>Mejora de la eficacia<\/strong><\/p>\n<p>Basado en una plataforma de 1500V, el lado CC tiene una eficiencia de 93%.<\/p>\n<p>El contenedor anticorrosi\u00f3n est\u00e1ndar C4H tiene una vida \u00fatil de al menos 15 a\u00f1os<\/p>\n<p><strong>Seguro<\/strong><\/p>\n<p>El equilibrado m\u00faltiple garantiza la seguridad y la larga duraci\u00f3n de las pilas<\/p>\n<p>Los sistemas integrados de extinci\u00f3n por gas y agua garantizan la seguridad en condiciones extremas<\/p>\n<p><strong>Inteligente<\/strong><\/p>\n<p>Supervisi\u00f3n en tiempo real de Icloud AI<\/p>\n<p><strong>Homologaciones<\/strong><\/p>\n<p>CE-LVD:EN IEC62477-1, CE-EMC:EN IEC61000-6-2 , EN IEC 61000-6-4, UKCA: EN IEC 62477-1<\/p>\n<p>IEC62619-2022 (Seguridad de funcionamiento IEC UL 60730-1 Anexo H, incluida la c\u00e9lula)<\/p>\n<p>IEC 63056:2020<\/p>\n<p>Unidad NFPA855, Fcc-ID, UL1973:2022, UL9540A<\/p>\n<p>VDE4100<\/p>\n<p>&nbsp;<\/p>","protected":false},"excerpt":{"rendered":"<p>Blauhoff Megapack Contenedor ESS 3.85 es un sistema de bater\u00edas llave en mano en un contenedor (precio sin IVA y sin montaje). Menor coste F\u00e1cil de instalar y bajo mantenimiento C\u00e9lulas m\u00e1s grandes , [...]<\/p>","protected":false},"featured_media":214720,"template":"","meta":{"_seopress_robots_primary_cat":"none","_seopress_titles_title":"Blauhoff Megapack ESS 3.85MWh: High-Efficiency, Low-Cost, Battery System","_seopress_titles_desc":"Discover Blauhoff Megapack ESS 3.85 MWh container system - 50% stronger, efficient, safe, and smart with AI monitoring. Easy to install, low maintenance.","_seopress_robots_index":"","_kad_blocks_custom_css":"","_kad_blocks_head_custom_js":"","_kad_blocks_body_custom_js":"","_kad_blocks_footer_custom_js":""},"product_cat":[17],"product_tag":[],"class_list":{"0":"post-49941","1":"product","2":"type-product","3":"status-publish","4":"has-post-thumbnail","6":"product_cat-home-batteries","8":"first","9":"instock","10":"sale","11":"taxable","12":"shipping-taxable","13":"purchasable","14":"product-type-simple"},"taxonomy_info":{"product_cat":[{"value":17,"label":"Home batteries"}]},"featured_image_src_large":["https:\/\/ownpowr.com\/wp-content\/uploads\/2024\/04\/blauhoff-megawatt-420x420-1.jpg",420,420,false],"author_info":[],"comment_info":"","_links":{"self":[{"href":"https:\/\/ownpowr.com\/es\/wp-json\/wp\/v2\/product\/49941","targetHints":{"allow":["GET"]}}],"collection":[{"href":"https:\/\/ownpowr.com\/es\/wp-json\/wp\/v2\/product"}],"about":[{"href":"https:\/\/ownpowr.com\/es\/wp-json\/wp\/v2\/types\/product"}],"wp:featuredmedia":[{"embeddable":true,"href":"https:\/\/ownpowr.com\/es\/wp-json\/wp\/v2\/media\/214720"}],"wp:attachment":[{"href":"https:\/\/ownpowr.com\/es\/wp-json\/wp\/v2\/media?parent=49941"}],"wp:term":[{"taxonomy":"product_cat","embeddable":true,"href":"https:\/\/ownpowr.com\/es\/wp-json\/wp\/v2\/product_cat?post=49941"},{"taxonomy":"product_tag","embeddable":true,"href":"https:\/\/ownpowr.com\/es\/wp-json\/wp\/v2\/product_tag?post=49941"}],"curies":[{"name":"wp","href":"https:\/\/api.w.org\/{rel}","templated":true}]}}