{"id":506,"date":"2023-10-04T16:37:56","date_gmt":"2023-10-04T14:37:56","guid":{"rendered":"https:\/\/ownpowr.com\/product\/growatt-1ph-hybrid-inverter-sph6000\/"},"modified":"2025-03-27T13:31:36","modified_gmt":"2025-03-27T11:31:36","slug":"growatt-1ph-hybrid-inverter-sph6000","status":"publish","type":"product","link":"https:\/\/ownpowr.com\/es\/product\/growatt-inversor-hibrido-1ph-sph6000\/","title":{"rendered":"Growatt 1PH inversor h\u00edbrido SPH6000 no para Alemania"},"content":{"rendered":"<p>El inversor h\u00edbrido Growatt SPH6000 es compatible con sistemas fotovoltaicos de hasta 4000Wp. El inversor h\u00edbrido est\u00e1 pensado para almacenar energ\u00eda en bater\u00edas. Las bater\u00edas pueden pedirse por separado y no se suministran de serie. Con este c\u00f3modo sistema, el sistema FV no depende de la red y puede cuidarse por s\u00ed mismo. El sistema puede funcionar sin bater\u00eda y es posible conectarlo a la red.<\/p>\n<p>El inversor de bater\u00eda contiene 2 MPPT para poder conectar un total de 2 strings<\/p>\n<p><strong>Inversor silencioso<\/strong><br \/>\nEl inversor Growatt SPH6000 no contiene ventilador ni transformador, lo que lo hace muy silencioso. Esto hace que el inversor h\u00edbrido sea perfecto para instalaciones residenciales El inversor utiliza refrigeraci\u00f3n natural lo que le proporciona una vida \u00fatil extra larga.<\/p>\n<p><strong>Rendimiento<\/strong><br \/>\nEl SPH6000 tiene un \u00edndice de eficiencia m\u00e1xima de 97,5% Esto permite al inversor alcanzar el m\u00e1ximo rendimiento energ\u00e9tico. Este inversor es uno de los m\u00e1s vendidos en todo el mundo.<\/p>\n<p><strong>Growatt servicio en l\u00ednea<\/strong><br \/>\nEl inversor incluye medios de monitorizaci\u00f3n estables como LAN,WiFi o una combinaci\u00f3n de RF\/UTP ( Shinelink).Growatt ofrece un servicio inteligente en l\u00ednea para realizar problemas t\u00e9cnicos y actualizaciones a distancia. Esto mejora la facilidad de uso y la eficacia del inversor. Estas caracter\u00edsticas y servicios hacen que el inversor sea la mejor elecci\u00f3n para su sistema fotovoltaico<\/p>\n<p><a href=\"https:\/\/storeyourownpower.com\/wp-content\/uploads\/2022\/11\/Datasheet-Growatt-SPH6000.pdf\" target=\"_blank\" rel=\"noopener\">Ficha de datos Growatt SPH6000<\/a><\/p>","protected":false},"excerpt":{"rendered":"<p>El inversor h\u00edbrido Growatt SPH6000 es compatible con sistemas fotovoltaicos de hasta 4000Wp. El inversor h\u00edbrido est\u00e1 pensado para almacenar energ\u00eda en bater\u00edas. Las bater\u00edas pueden pedirse por separado y [...]<\/p>","protected":false},"featured_media":507,"template":"","meta":{"_seopress_robots_primary_cat":"none","_seopress_titles_title":"Growatt SPH6000 Hybrid Inverter: Efficient and Silent with Battery Compatibility","_seopress_titles_desc":"Maximize your energy yield with this silent, efficient inverter. Connect to the grid or store power in batteries for a self-sufficient system. Enjoy reliable monitoring and remote updates with Growatt's online service.","_seopress_robots_index":"","_kad_blocks_custom_css":"","_kad_blocks_head_custom_js":"","_kad_blocks_body_custom_js":"","_kad_blocks_footer_custom_js":""},"product_cat":[18],"product_tag":[],"class_list":{"0":"post-506","1":"product","2":"type-product","3":"status-publish","4":"has-post-thumbnail","6":"product_cat-hybrid-inverters","8":"first","9":"instock","10":"sale","11":"taxable","12":"shipping-taxable","13":"purchasable","14":"product-type-simple"},"taxonomy_info":{"product_cat":[{"value":18,"label":"Hybrid inverters"}]},"featured_image_src_large":["https:\/\/ownpowr.com\/wp-content\/uploads\/2022\/11\/Growatt_SPH_3000_6000_d63d-1024x1024.webp",1024,1024,true],"author_info":[],"comment_info":"","_links":{"self":[{"href":"https:\/\/ownpowr.com\/es\/wp-json\/wp\/v2\/product\/506","targetHints":{"allow":["GET"]}}],"collection":[{"href":"https:\/\/ownpowr.com\/es\/wp-json\/wp\/v2\/product"}],"about":[{"href":"https:\/\/ownpowr.com\/es\/wp-json\/wp\/v2\/types\/product"}],"wp:featuredmedia":[{"embeddable":true,"href":"https:\/\/ownpowr.com\/es\/wp-json\/wp\/v2\/media\/507"}],"wp:attachment":[{"href":"https:\/\/ownpowr.com\/es\/wp-json\/wp\/v2\/media?parent=506"}],"wp:term":[{"taxonomy":"product_cat","embeddable":true,"href":"https:\/\/ownpowr.com\/es\/wp-json\/wp\/v2\/product_cat?post=506"},{"taxonomy":"product_tag","embeddable":true,"href":"https:\/\/ownpowr.com\/es\/wp-json\/wp\/v2\/product_tag?post=506"}],"curies":[{"name":"wp","href":"https:\/\/api.w.org\/{rel}","templated":true}]}}