{"id":545,"date":"2023-10-04T16:37:39","date_gmt":"2023-10-04T14:37:39","guid":{"rendered":"https:\/\/ownpowr.com\/product\/encharge-3t-35-kwh\/"},"modified":"2025-03-20T13:35:02","modified_gmt":"2025-03-20T11:35:02","slug":"encharge-3t-35-kwh","status":"publish","type":"product","link":"https:\/\/ownpowr.com\/es\/product\/encharge-3t-35-kwh\/","title":{"rendered":"Enphase Encharge 3T s\u00f3lo cubierta"},"content":{"rendered":"<p>Enphase Encharge 3T con 15 a\u00f1os de garant\u00eda<\/p>\n<p>Nota importante: \u00a1Se requiere certificaci\u00f3n de instalador! Por favor visite la Universidad Enphase para obtener su certificaci\u00f3n.<\/p>\n<p>Bater\u00eda Enphase IQ 3T\/10T Caracter\u00edsticas:<\/p>\n<ul>\n<li>Sistema de bater\u00edas de CA totalmente integrado con microinversores IQ 8X-BAT incorporados.<\/li>\n<li>Conexi\u00f3n perfecta a la corriente alterna de una instalaci\u00f3n dom\u00e9stica est\u00e1ndar.<\/li>\n<li>Ajustes \u00f3ptimos del sistema adaptados a las necesidades del usuario.<\/li>\n<li>Control y supervisi\u00f3n c\u00f3modos a trav\u00e9s de una aplicaci\u00f3n m\u00f3vil.<\/li>\n<li>Dise\u00f1o de refrigeraci\u00f3n pasiva (sin piezas m\u00f3viles ni ventiladores).<\/li>\n<li>Rendimiento duradero con 10 a\u00f1os de garant\u00eda.<\/li>\n<\/ul>\n<p>Tenga en cuenta que la certificaci\u00f3n del instalador es obligatoria para la instalaci\u00f3n de bater\u00edas. Puede ponerse en contacto con su gestor de cuenta Enphase para obtener los detalles de la certificaci\u00f3n.<\/p>\n<p>Dispositivo requerido: Enphase IQ Gateway-S Medido.<\/p>\n<p>El Enphase IQ 3T ofrece una capacidad total de almacenamiento de 3,5 kWh y cuenta con cuatro microinversores integrados con una potencia combinada de 1,28 kW.<\/p>\n<p>Los instaladores pueden dise\u00f1ar sistemas eficientes para satisfacer las necesidades energ\u00e9ticas tanto de los nuevos clientes como de los que ya cuentan con instalaciones de paneles solares.<\/p>\n<p>El sistema de almacenamiento en bater\u00edas Encharge 3T incluye microinversores integrados de la serie IQ de Enphase y una unidad de gesti\u00f3n de bater\u00edas (BMU).<\/p>\n<p>Contenido del paquete:<\/p>\n<ul>\n<li>1x Unidad Base Encharge 3T (ENP-B03-T01-INT00-1-2)<\/li>\n<li>1x Kit de cubierta Encharge 3T con accesorios (ENP-B03T-C-0430-O)<\/li>\n<\/ul>\n<p><strong>M\u00e1s informaci\u00f3n:<\/strong><\/p>\n<ul>\n<li><a href=\"https:\/\/storeyourownpower.com\/wp-content\/uploads\/2022\/12\/Datenblatt-German-Encharge-3T.pdf\" target=\"_blank\" rel=\"noopener\">Datenblatt alem\u00e1n Encharge 3T<\/a><\/li>\n<li><a href=\"https:\/\/storeyourownpower.com\/wp-content\/uploads\/2022\/12\/Datasheet-English-Encharge-3T.pdf\" target=\"_blank\" rel=\"noopener\">Datasheet Espa\u00f1ol Encharge 3T<\/a><\/li>\n<li><a href=\"https:\/\/storeyourownpower.com\/wp-content\/uploads\/2022\/12\/Warranty-terms-English-Encharge-3T.pdf\" target=\"_blank\" rel=\"noopener\">T\u00e9rminos de la garant\u00eda Espa\u00f1ol Encharge 3T<\/a><\/li>\n<li><a href=\"https:\/\/storeyourownpower.com\/wp-content\/uploads\/2022\/12\/Warranty-terms-German-Encharge-3T.pdf\" target=\"_blank\" rel=\"noopener\">Condiciones de la garant\u00eda alemana Encharge 3T<\/a><\/li>\n<li><a href=\"https:\/\/storeyourownpower.com\/wp-content\/uploads\/2022\/12\/Mounting-instructions-English-Encharge-3T.pdf\" target=\"_blank\" rel=\"noopener\">Instrucciones de montaje Espa\u00f1ol Encharge 3T<\/a><\/li>\n<\/ul>","protected":false},"excerpt":{"rendered":"<p>\u00a115 a\u00f1os de garant\u00eda en este precio !<\/p>","protected":false},"featured_media":546,"template":"","meta":{"_seopress_robots_primary_cat":"none","_seopress_titles_title":"Enphase Encharge 3T: Long-lasting battery storage system with integrated microinverters and warranty","_seopress_titles_desc":"Installer certification required! Optimal AC battery system with mobile app control, passive cooling, and 10-year warranty. Get certified at Enphase University.","_seopress_robots_index":"","_kad_blocks_custom_css":"","_kad_blocks_head_custom_js":"","_kad_blocks_body_custom_js":"","_kad_blocks_footer_custom_js":""},"product_cat":[17],"product_tag":[],"class_list":{"0":"post-545","1":"product","2":"type-product","3":"status-publish","4":"has-post-thumbnail","6":"product_cat-home-batteries","8":"first","9":"instock","10":"sale","11":"taxable","12":"shipping-taxable","13":"purchasable","14":"product-type-simple"},"taxonomy_info":{"product_cat":[{"value":17,"label":"Home batteries"}]},"featured_image_src_large":["https:\/\/ownpowr.com\/wp-content\/uploads\/2022\/12\/1-8-2-6-18265324d3fe1b03cc0df847668d9c62cbe673aa_det_bp_ee_encharge_3t-jpg_600x600@2x.jpeg",600,540,false],"author_info":[],"comment_info":"","_links":{"self":[{"href":"https:\/\/ownpowr.com\/es\/wp-json\/wp\/v2\/product\/545","targetHints":{"allow":["GET"]}}],"collection":[{"href":"https:\/\/ownpowr.com\/es\/wp-json\/wp\/v2\/product"}],"about":[{"href":"https:\/\/ownpowr.com\/es\/wp-json\/wp\/v2\/types\/product"}],"wp:featuredmedia":[{"embeddable":true,"href":"https:\/\/ownpowr.com\/es\/wp-json\/wp\/v2\/media\/546"}],"wp:attachment":[{"href":"https:\/\/ownpowr.com\/es\/wp-json\/wp\/v2\/media?parent=545"}],"wp:term":[{"taxonomy":"product_cat","embeddable":true,"href":"https:\/\/ownpowr.com\/es\/wp-json\/wp\/v2\/product_cat?post=545"},{"taxonomy":"product_tag","embeddable":true,"href":"https:\/\/ownpowr.com\/es\/wp-json\/wp\/v2\/product_tag?post=545"}],"curies":[{"name":"wp","href":"https:\/\/api.w.org\/{rel}","templated":true}]}}