{"id":549,"date":"2022-12-01T12:58:41","date_gmt":"2022-12-01T10:58:41","guid":{"rendered":"https:\/\/ownpowr.com\/product\/sungrow-sh10-0rt-v112\/"},"modified":"2025-03-30T21:03:00","modified_gmt":"2025-03-30T19:03:00","slug":"sungrow-sh10-0rt-v112","status":"publish","type":"product","link":"https:\/\/ownpowr.com\/es\/product\/sungrow-sh10-0rt-v112\/","title":{"rendered":"Sungrow Inversor h\u00edbrido SH10.0RT 10 kW"},"content":{"rendered":"<p>Sungrow SH10.0RT-V112<\/p>\n<p>Aplicaci\u00f3n flexible:<\/p>\n<p>- Amplio rango de tensi\u00f3n de bater\u00eda de 150-600V<\/p>\n<p>- Admite la conexi\u00f3n en paralelo con control maestro-esclavo<\/p>\n<p>- Proporciona energ\u00eda 100% a cargas desequilibradas en modo de reserva<\/p>\n<p>Gesti\u00f3n inteligente:<\/p>\n<p>- Alto autoconsumo con EMS integrado optimizado<\/p>\n<p>- Supervisi\u00f3n en l\u00ednea gratuita para mejorar la gesti\u00f3n energ\u00e9tica del usuario final, el instalador y el minorista<\/p>\n<p>- Actualizaci\u00f3n remota del firmware y ajustes personalizables<\/p>\n<p>Independencia energ\u00e9tica:<\/p>\n<p>- Transici\u00f3n sin problemas al modo de reserva para la protecci\u00f3n contra cortes de energ\u00eda<\/p>\n<p>- Carga \/ descarga r\u00e1pida para satisfacer la demanda de mayor consumo<\/p>\n<p>F\u00e1cil instalaci\u00f3n:<\/p>\n<p>- Conectores a presi\u00f3n exclusivos para ahorrar tiempo de instalaci\u00f3n<\/p>\n<p>- Puesta en marcha sin contacto con el smartphone<\/p>\n<p>- Ligero y compacto<\/p>\n<p><a href=\"https:\/\/storeyourownpower.com\/wp-content\/uploads\/2022\/12\/Datasheet-English-2.pdf\" target=\"_blank\" rel=\"noopener\">Datasheet Espa\u00f1ol<\/a><br \/>\n<a href=\"https:\/\/storeyourownpower.com\/wp-content\/uploads\/2022\/12\/Datasheet-German-2.pdf\" target=\"_blank\" rel=\"noopener\">Hoja de datos en alem\u00e1n<\/a><br \/>\n<a href=\"https:\/\/storeyourownpower.com\/wp-content\/uploads\/2022\/11\/DE-FS-SHRT-und-SBR-Unterschiede-und-Kompatibilita\u0308t-Versionen.pdf\" target=\"_blank\" rel=\"noopener\">Diferencias y compatibilidad de las versiones SHRT y SBR<\/a><\/p>","protected":false},"excerpt":{"rendered":"<p>Sungrow SH10.0RT-V112 Aplicaci\u00f3n flexible: - Amplio rango de tensi\u00f3n de bater\u00eda de 150-600V - Admite la conexi\u00f3n en paralelo con el controlador maestro-slave - Proporciona energ\u00eda 100% a cargas desequilibradas en modo de reserva Gesti\u00f3n inteligente: - [...]<\/p>","protected":false},"featured_media":550,"template":"","meta":{"_seopress_robots_primary_cat":"none","_seopress_titles_title":"Sungrow SH10.0RT-V112: Flexible Application, Smart Management, Energy Independence, Easy Installation","_seopress_titles_desc":"Discover the Sungrow SH10.0RT-V112 with wide battery voltage range, smart management features, seamless backup mode, and easy installation for energy independence.","_seopress_robots_index":"","_kad_blocks_custom_css":"","_kad_blocks_head_custom_js":"","_kad_blocks_body_custom_js":"","_kad_blocks_footer_custom_js":""},"product_cat":[18],"product_tag":[],"class_list":{"0":"post-549","1":"product","2":"type-product","3":"status-publish","4":"has-post-thumbnail","6":"product_cat-hybrid-inverters","8":"first","9":"outofstock","10":"sale","11":"taxable","12":"shipping-taxable","13":"purchasable","14":"product-type-simple"},"taxonomy_info":{"product_cat":[{"value":18,"label":"Hybrid inverters"}]},"featured_image_src_large":["https:\/\/ownpowr.com\/wp-content\/uploads\/2022\/12\/b-1-1-f-b11f61014011a7497a53e4a35156c0f10529e03c_det_ivh_sung_shx-xrt-jpg_600x600@2x.jpeg",600,540,false],"author_info":[],"comment_info":"","_links":{"self":[{"href":"https:\/\/ownpowr.com\/es\/wp-json\/wp\/v2\/product\/549","targetHints":{"allow":["GET"]}}],"collection":[{"href":"https:\/\/ownpowr.com\/es\/wp-json\/wp\/v2\/product"}],"about":[{"href":"https:\/\/ownpowr.com\/es\/wp-json\/wp\/v2\/types\/product"}],"wp:featuredmedia":[{"embeddable":true,"href":"https:\/\/ownpowr.com\/es\/wp-json\/wp\/v2\/media\/550"}],"wp:attachment":[{"href":"https:\/\/ownpowr.com\/es\/wp-json\/wp\/v2\/media?parent=549"}],"wp:term":[{"taxonomy":"product_cat","embeddable":true,"href":"https:\/\/ownpowr.com\/es\/wp-json\/wp\/v2\/product_cat?post=549"},{"taxonomy":"product_tag","embeddable":true,"href":"https:\/\/ownpowr.com\/es\/wp-json\/wp\/v2\/product_tag?post=549"}],"curies":[{"name":"wp","href":"https:\/\/api.w.org\/{rel}","templated":true}]}}