{"id":610,"date":"2023-01-12T07:31:13","date_gmt":"2023-01-12T05:31:13","guid":{"rendered":"https:\/\/ownpowr.com\/product\/sungrow-sbr-accessories-bms\/"},"modified":"2025-02-27T10:14:26","modified_gmt":"2025-02-27T08:14:26","slug":"sungrow-sbr-accessories-bms","status":"publish","type":"product","link":"https:\/\/ownpowr.com\/es\/product\/sungrow-sbr-accesorios-bms\/","title":{"rendered":"Bater\u00eda Sungrow SBR premium BMS + accesorios V2\/V1 (v114)"},"content":{"rendered":"<p>Sungrow BATER\u00cdA SBR ACCESORIOS PREMIUM Sistema de gesti\u00f3n de la bater\u00eda + accesorios V2 Azul V1 Naranja<\/p>\n<p>Este sistema de bater\u00edas est\u00e1 espec\u00edficamente dise\u00f1ado para soluciones residenciales de almacenamiento de energ\u00eda.<\/p>\n<p>El sistema integrado de gesti\u00f3n de la bater\u00eda supervisa constantemente su rendimiento, garantizando un funcionamiento seguro dentro de los par\u00e1metros definidos.<\/p>\n<p>Componentes incluidos:<\/p>\n<ul>\n<li>1x Portapilas<\/li>\n<li>1x Tapa de la bater\u00eda<\/li>\n<li>1x Interruptor de bater\u00eda<\/li>\n<li>1x Soporte<\/li>\n<li>1x Mazo de cables<\/li>\n<li>1x Perno<\/li>\n<li>2x Juego de anclajes de expansi\u00f3n<\/li>\n<li>4x Pies<\/li>\n<li>6x Tornillo M5<\/li>\n<li>4x Coilover M5<\/li>\n<li>2x Arandelas M6<\/li>\n<li>1x Documentaci\u00f3n<\/li>\n<\/ul>","protected":false},"excerpt":{"rendered":"<p>Sungrow BATER\u00cdA SBR ACCESORIOS PREMIUM Sistema de gesti\u00f3n de bater\u00edas + accesorios V2 Azul V1 Naranja Este sistema de bater\u00edas est\u00e1 espec\u00edficamente dise\u00f1ado para soluciones residenciales de almacenamiento de energ\u00eda. El sistema integrado de gesti\u00f3n de la bater\u00eda [...]<\/p>","protected":false},"featured_media":611,"template":"","meta":{"_seopress_robots_primary_cat":"none","_seopress_titles_title":"","_seopress_titles_desc":"","_seopress_robots_index":"","_kad_blocks_custom_css":"","_kad_blocks_head_custom_js":"","_kad_blocks_body_custom_js":"","_kad_blocks_footer_custom_js":""},"product_cat":[33,17],"product_tag":[],"class_list":{"0":"post-610","1":"product","2":"type-product","3":"status-publish","4":"has-post-thumbnail","6":"product_cat-accessories","7":"product_cat-home-batteries","9":"first","10":"instock","11":"sale","12":"taxable","13":"shipping-taxable","14":"purchasable","15":"product-type-simple"},"taxonomy_info":{"product_cat":[{"value":33,"label":"Accessories"},{"value":17,"label":"Home batteries"}]},"featured_image_src_large":["https:\/\/ownpowr.com\/wp-content\/uploads\/2023\/01\/Sungrow-Management-System.jpeg",420,420,false],"author_info":[],"comment_info":"","_links":{"self":[{"href":"https:\/\/ownpowr.com\/es\/wp-json\/wp\/v2\/product\/610","targetHints":{"allow":["GET"]}}],"collection":[{"href":"https:\/\/ownpowr.com\/es\/wp-json\/wp\/v2\/product"}],"about":[{"href":"https:\/\/ownpowr.com\/es\/wp-json\/wp\/v2\/types\/product"}],"wp:featuredmedia":[{"embeddable":true,"href":"https:\/\/ownpowr.com\/es\/wp-json\/wp\/v2\/media\/611"}],"wp:attachment":[{"href":"https:\/\/ownpowr.com\/es\/wp-json\/wp\/v2\/media?parent=610"}],"wp:term":[{"taxonomy":"product_cat","embeddable":true,"href":"https:\/\/ownpowr.com\/es\/wp-json\/wp\/v2\/product_cat?post=610"},{"taxonomy":"product_tag","embeddable":true,"href":"https:\/\/ownpowr.com\/es\/wp-json\/wp\/v2\/product_tag?post=610"}],"curies":[{"name":"wp","href":"https:\/\/api.w.org\/{rel}","templated":true}]}}