{"id":620,"date":"2023-10-04T16:36:05","date_gmt":"2023-10-04T14:36:05","guid":{"rendered":"https:\/\/ownpowr.com\/product\/byd-premium-lvs-pdu-base\/"},"modified":"2025-10-15T14:01:34","modified_gmt":"2025-10-15T12:01:34","slug":"byd-premium-lvs-pdu-base","status":"publish","type":"product","link":"https:\/\/ownpowr.com\/es\/product\/byd-premium-lvs-pdu-base\/","title":{"rendered":"BYD premium LVS PDU + base"},"content":{"rendered":"<p>BYD Sistema de control de bater\u00edas LVS Premium con base<\/p>\n<p>La BYD Premium LVS PDU (Unidad de distribuci\u00f3n de energ\u00eda) con base es una unidad de control dise\u00f1ada para el conjunto de bater\u00edas LVS. Cada pila de bater\u00edas requiere una PDU para un funcionamiento \u00f3ptimo.<\/p>\n<p>Caracter\u00edsticas principales:<\/p>\n<ul>\n<li>Capacidad escalable de 4 kWh a 256 kWh<\/li>\n<li>M\u00e1xima flexibilidad con soporte para hasta 64 m\u00f3dulos de bater\u00eda<\/li>\n<li>Capacidad de conexi\u00f3n en paralelo<\/li>\n<li>Compatible con los principales inversores monof\u00e1sicos y trif\u00e1sicos<\/li>\n<li>Utiliza la tecnolog\u00eda de bater\u00edas de fosfato de hierro y litio sin cobalto (LFP) para una mayor seguridad, ciclos de vida m\u00e1s largos y un rendimiento energ\u00e9tico superior<\/li>\n<li>Capaz de funcionar como reserva de emergencia de alta potencia y sin conexi\u00f3n a la red el\u00e9ctrica<\/li>\n<li>El dise\u00f1o patentado del enchufe interno elimina la necesidad de cableado adicional<\/li>\n<li>Optimizaci\u00f3n del autoconsumo apta para aplicaciones residenciales y comerciales<\/li>\n<\/ul>\n<p>BATTERY-BOX PREMIUM LVS<\/p>\n<p>M\u00f3dulo de 4 kWh Transporte e instalaci\u00f3n simplificados gracias a su dise\u00f1o modular<\/p>\n<p>El BYD Battery-Box Premium LVS es un vers\u00e1til paquete de bater\u00edas de fosfato de hierro y litio (LFP) dise\u00f1ado para su uso con un inversor externo. Cada Battery-Box Premium LVS consta de 1 a 6 m\u00f3dulos de bater\u00edas apilados en paralelo, proporcionando capacidades utilizables que van de 4 a 24,0 kWh en una sola torre. Las configuraciones disponibles incluyen:<\/p>\n<ul>\n<li>Bater\u00eda-Box LVS 4.0 (4 kWh)<\/li>\n<li>Bater\u00eda-Box LVS 8.0 (8 kWh)<\/li>\n<li>Caja de bater\u00edas LVS 12.0 (12 kWh)<\/li>\n<li>Caja de bater\u00edas LVS 16.0 (16 kWh)<\/li>\n<li>Battery-Box LVS 20.0 (20 kWh - s\u00f3lo torre \u00fanica)<\/li>\n<li>Battery-Box LVS 24.0 (24 kWh - s\u00f3lo torre \u00fanica)<\/li>\n<\/ul>\n<p>Para necesidades de almacenamiento de energ\u00eda mayores, puede conectar hasta 16 unidades Battery-Box LVS 16.0 en paralelo, lo que da como resultado una capacidad m\u00e1xima de 256 kWh. Adem\u00e1s, el sistema ofrece escalabilidad al permitir a\u00f1adir posteriormente m\u00f3dulos LVS o torres paralelas que contengan de 1 a 4 m\u00f3dulos.<\/p>\n<h2><strong style=\"font-size: 16px\">M\u00e1s informaci\u00f3n:<\/strong><\/h2>\n<ul>\n<li><a href=\"https:\/\/storeyourownpower.com\/wp-content\/uploads\/2023\/01\/Datasheet-English-LVS.pdf\" target=\"_blank\" rel=\"noopener\">Datasheet Espa\u00f1ol LVS<\/a><\/li>\n<li><a href=\"https:\/\/storeyourownpower.com\/wp-content\/uploads\/2023\/01\/Datenblatt-German-LVS.pdf\" target=\"_blank\" rel=\"noopener\">Datenblatt alem\u00e1n LVS<\/a><\/li>\n<li><a href=\"https:\/\/storeyourownpower.com\/wp-content\/uploads\/2023\/01\/Mounting-instructions-English-LVS.pdf\" target=\"_blank\" rel=\"noopener\">Instrucciones de montaje Espa\u00f1ol LVS<\/a><\/li>\n<li><a href=\"https:\/\/storeyourownpower.com\/wp-content\/uploads\/2023\/01\/Mounting-instructions-German-LVS.pdf\" target=\"_blank\" rel=\"noopener\">Instrucciones de montaje LVS alem\u00e1n<\/a><\/li>\n<li><a href=\"https:\/\/storeyourownpower.com\/wp-content\/uploads\/2023\/01\/Warranty-terms-English.pdf\" target=\"_blank\" rel=\"noopener\">Condiciones de la garant\u00eda Espa\u00f1ol<\/a><\/li>\n<li><a href=\"https:\/\/storeyourownpower.com\/wp-content\/uploads\/2023\/01\/Warranty-terms-German-LVS.pdf\" target=\"_blank\" rel=\"noopener\">Condiciones de garant\u00eda LVS alem\u00e1n<\/a><\/li>\n<\/ul>","protected":false},"excerpt":{"rendered":"<p>Sistema de control de bater\u00edas LVS Premium BYD con base La PDU (unidad de distribuci\u00f3n de energ\u00eda) LVS Premium BYD con base es una unidad de control dise\u00f1ada para el conjunto de bater\u00edas LVS. Cada pila [...]<\/p>","protected":false},"featured_media":621,"template":"","meta":{"_seopress_robots_primary_cat":"none","_seopress_titles_title":"BYD Premium LVS PDU + base | Maximum Flexibility for any Application","_seopress_titles_desc":"The BYD Battery-Box Premium LVS offers scalable power storage from 4 kWh to 256 kWh with safety, flexibility, and high-powered capabilities for residential and commercial applications.","_seopress_robots_index":"","_kad_blocks_custom_css":"","_kad_blocks_head_custom_js":"","_kad_blocks_body_custom_js":"","_kad_blocks_footer_custom_js":""},"product_cat":[17],"product_tag":[],"class_list":{"0":"post-620","1":"product","2":"type-product","3":"status-publish","4":"has-post-thumbnail","6":"product_cat-home-batteries","8":"first","9":"instock","10":"sale","11":"taxable","12":"shipping-taxable","13":"purchasable","14":"product-type-simple"},"taxonomy_info":{"product_cat":[{"value":17,"label":"Home batteries"}]},"featured_image_src_large":["https:\/\/ownpowr.com\/wp-content\/uploads\/2023\/01\/BYD-LVS-BMU.jpeg",600,540,false],"author_info":[],"comment_info":"","_links":{"self":[{"href":"https:\/\/ownpowr.com\/es\/wp-json\/wp\/v2\/product\/620","targetHints":{"allow":["GET"]}}],"collection":[{"href":"https:\/\/ownpowr.com\/es\/wp-json\/wp\/v2\/product"}],"about":[{"href":"https:\/\/ownpowr.com\/es\/wp-json\/wp\/v2\/types\/product"}],"wp:featuredmedia":[{"embeddable":true,"href":"https:\/\/ownpowr.com\/es\/wp-json\/wp\/v2\/media\/621"}],"wp:attachment":[{"href":"https:\/\/ownpowr.com\/es\/wp-json\/wp\/v2\/media?parent=620"}],"wp:term":[{"taxonomy":"product_cat","embeddable":true,"href":"https:\/\/ownpowr.com\/es\/wp-json\/wp\/v2\/product_cat?post=620"},{"taxonomy":"product_tag","embeddable":true,"href":"https:\/\/ownpowr.com\/es\/wp-json\/wp\/v2\/product_tag?post=620"}],"curies":[{"name":"wp","href":"https:\/\/api.w.org\/{rel}","templated":true}]}}