{"id":631,"date":"2023-10-05T01:25:09","date_gmt":"2023-10-04T23:25:09","guid":{"rendered":"https:\/\/ownpowr.com\/product\/sofar-solar-hyd-10ktl-3ph\/"},"modified":"2025-03-27T12:59:51","modified_gmt":"2025-03-27T10:59:51","slug":"sofar-solar-hyd-10ktl-3ph","status":"publish","type":"product","link":"https:\/\/ownpowr.com\/es\/product\/sofar-solar-hyd-10ktl-3ph\/","title":{"rendered":"SofarSolar HYD-10KTL-3PH"},"content":{"rendered":"<p>Nuestra \u00faltima incorporaci\u00f3n al segmento de los inversores, el fabricante chino Sofar Solar, lanza una gama de productos completa.<\/p>\n<p>Los inversores h\u00edbridos de la serie HYD KTL-3PH brillan por su amplio rango de tensi\u00f3n para potentes generaciones de m\u00f3dulos y hasta 2 conexiones de bater\u00eda. La protecci\u00f3n integrada contra sobretensiones CA + CC y la gesti\u00f3n de sombras tambi\u00e9n forman parte del equipamiento de serie. Con clases de potencia de 5 a 20 kW, siempre encontrar\u00e1 el adecuado.<\/p>\n<p>Pilas compatibles:<\/p>\n<p>- Pylontech Fuerza H1 14,2 a 24,86<\/p>\n<p>- Pylontech Fuerza H2 7,1 a 14,2<\/p>\n<p>- Axitec AXIstorage Li SV1 13,5 a 23,6<\/p>\n<p>- Axitec AXIstorage Li SV2 6,7 a 13,5<\/p>\n<p>Ventajas del producto:<\/p>\n<p>- Amplio rango de tensi\u00f3n MPPT de 180 a 960 V<\/p>\n<p>- Protecci\u00f3n integrada contra sobretensiones CA \/ CC tipo II<\/p>\n<p>- Gesti\u00f3n activa de sombras<\/p>\n<p>Caracter\u00edsticas del producto:<\/p>\n<p>- Potencia de CA: 5 kW<\/p>\n<p>- N\u00famero de MPPT: 2<\/p>\n<p>- Fases de conexi\u00f3n: 3<\/p>\n<p>- Interfaces: RS485, WiFi, Bluetooth, Ethernet, 4 x dig.In (FRE)<\/p>\n<p>- Clavija de conexi\u00f3n: MC4<\/p>\n<p>- Clase de protecci\u00f3n: IP 65<\/p>\n<p>- Refrigeraci\u00f3n: pasiva<\/p>\n<p>- Dimensiones: 571 x 515 x 264 mm (Al x An x Fo)<\/p>\n<p>- Peso: 33,0 kg<\/p>\n<p>- Garant\u00eda: 5 a\u00f1os<\/p>\n<p><a href=\"https:\/\/storeyourownpower.com\/wp-content\/uploads\/2023\/02\/Datasheet-German-Sofar.pdf\" target=\"_blank\" rel=\"noopener\">Ficha de datos Alem\u00e1n Sofar<\/a><\/p>","protected":false},"excerpt":{"rendered":"<p>Nuestra \u00faltima incorporaci\u00f3n al segmento de los inversores, el fabricante chino Sofar Solar, lanza una gama de productos completa. Los inversores h\u00edbridos de la serie HYD KTL-3PH brillan con una amplia [...]<\/p>","protected":false},"featured_media":628,"template":"","meta":{"_seopress_robots_primary_cat":"none","_seopress_titles_title":"Sofar Solar HYD 10KTL-3PH","_seopress_titles_desc":"Sofar Solar HYD KTL-3PH series offers a wide voltage range, 2 battery connections, overvoltage protection, shadow management, and more. Find the perfect power class from 5 to 20 kW.","_seopress_robots_index":"","_kad_blocks_custom_css":"","_kad_blocks_head_custom_js":"","_kad_blocks_body_custom_js":"","_kad_blocks_footer_custom_js":""},"product_cat":[18],"product_tag":[],"class_list":{"0":"post-631","1":"product","2":"type-product","3":"status-publish","4":"has-post-thumbnail","6":"product_cat-hybrid-inverters","8":"first","9":"instock","10":"sale","11":"taxable","12":"shipping-taxable","13":"purchasable","14":"product-type-simple"},"taxonomy_info":{"product_cat":[{"value":18,"label":"Hybrid inverters"}]},"featured_image_src_large":["https:\/\/ownpowr.com\/wp-content\/uploads\/2023\/02\/Sofar-inverter.jpeg",672,606,false],"author_info":[],"comment_info":"","_links":{"self":[{"href":"https:\/\/ownpowr.com\/es\/wp-json\/wp\/v2\/product\/631","targetHints":{"allow":["GET"]}}],"collection":[{"href":"https:\/\/ownpowr.com\/es\/wp-json\/wp\/v2\/product"}],"about":[{"href":"https:\/\/ownpowr.com\/es\/wp-json\/wp\/v2\/types\/product"}],"wp:featuredmedia":[{"embeddable":true,"href":"https:\/\/ownpowr.com\/es\/wp-json\/wp\/v2\/media\/628"}],"wp:attachment":[{"href":"https:\/\/ownpowr.com\/es\/wp-json\/wp\/v2\/media?parent=631"}],"wp:term":[{"taxonomy":"product_cat","embeddable":true,"href":"https:\/\/ownpowr.com\/es\/wp-json\/wp\/v2\/product_cat?post=631"},{"taxonomy":"product_tag","embeddable":true,"href":"https:\/\/ownpowr.com\/es\/wp-json\/wp\/v2\/product_tag?post=631"}],"curies":[{"name":"wp","href":"https:\/\/api.w.org\/{rel}","templated":true}]}}