{"id":652,"date":"2023-10-05T01:03:14","date_gmt":"2023-10-04T23:03:14","guid":{"rendered":"https:\/\/ownpowr.com\/product\/alphaess-smile-b3\/"},"modified":"2025-03-27T13:36:41","modified_gmt":"2025-03-27T11:36:41","slug":"alphaess-smile-b3","status":"publish","type":"product","link":"https:\/\/ownpowr.com\/es\/product\/sonrisa-alphaess-b3\/","title":{"rendered":"AlfaEss Smile B3"},"content":{"rendered":"<ul>\n<li class=\"l_b6bx1li fl slick-slide\" role=\"option\" data-slick-index=\"5\" aria-hidden=\"true\" aria-describedby=\"slick-slide05\">\n<div class=\"l_b6bx1lis\">\n<div class=\"ys_imgbox_cover\">\n<ul>\n<li id=\"\" class=\"l_b6bx1li fl slick-slide slick-cloned\" data-slick-index=\"6\" aria-hidden=\"true\">\n<div class=\"l_b6bx1lis\">\n<p>Presentaci\u00f3n de la soluci\u00f3n de almacenamiento de energ\u00eda SMILE-B3<\/p>\n<p>Libere el poder del almacenamiento eficiente de energ\u00eda con el SMILE-B3, un sistema robusto dise\u00f1ado para adaptarse sin problemas a su instalaci\u00f3n actual. Esta soluci\u00f3n de 3 kW ofrece un rango de capacidad de 2,9 kWh a 17,2 kWh, lo que garantiza la flexibilidad necesaria para satisfacer sus necesidades energ\u00e9ticas.<\/p>\n<p>Caracter\u00edsticas principales:<\/p>\n<ul>\n<li>Compatibilidad de retroadaptaci\u00f3n<\/li>\n<li>Capacidades de acoplamiento de CA<\/li>\n<li>Bater\u00eda incorporada para un mayor rendimiento<\/li>\n<li>Dise\u00f1o modular para una f\u00e1cil ampliaci\u00f3n<\/li>\n<li>Instalaci\u00f3n sin esfuerzo<\/li>\n<li>Vigilancia 24\/7 para su tranquilidad<\/li>\n<\/ul>\n<p>Especificaciones del SMILE-B3-PLUS:<\/p>\n<ul>\n<li>M\u00e1x. Potencia de salida de CA: 3 kW<\/li>\n<li>Rango de capacidad: 2,9 - 17,2 kWh<\/li>\n<li>M\u00e1x. Corriente de carga\/descarga: 60 A<\/li>\n<li>Profundidad de descarga (DoD): 96%<\/li>\n<li>Dimensiones (An x Pr x Al): 610 x 219 x 650 mm<\/li>\n<li>Temperatura de funcionamiento: -10\u00b0C a 50\u00b0C<\/li>\n<li>Protecci\u00f3n IP: IP65 \/ IP21<\/li>\n<li>Garant\u00eda: 5 a\u00f1os de garant\u00eda de producto, 10 a\u00f1os de garant\u00eda de rendimiento<\/li>\n<\/ul>\n<p>El SMILE-B3 es la soluci\u00f3n ideal para sistemas solares sin integraci\u00f3n actual de bater\u00edas. Puede emparejarse con hasta seis bater\u00edas de 2,9 kWh, ampliando su capacidad de almacenamiento a unos impresionantes 17,2 kWh. Actualice su almacenamiento de energ\u00eda con el SMILE-B3 y experimente una gesti\u00f3n de la energ\u00eda eficiente y fiable.<\/p>\n<\/div>\n<\/li>\n<\/ul>\n<\/div>\n<\/div>\n<\/li>\n<\/ul>\n<p><a href=\"https:\/\/storeyourownpower.com\/wp-content\/uploads\/2023\/02\/Datasheet-Smile-B3.pdf\" target=\"_blank\" rel=\"noopener\">Ficha de datos Smile B3<\/a><\/p>","protected":false},"excerpt":{"rendered":"<p>&nbsp;<\/p>\n<p>&nbsp;<\/p>","protected":false},"featured_media":653,"template":"","meta":{"_seopress_robots_primary_cat":"none","_seopress_titles_title":"Expand Your Solar Storage: SMILE-B3 3kW Retrofit AC-Coupling with Built-in Battery","_seopress_titles_desc":"Upgrade your existing solar system with SMILE-B3, a modular and easy-to-install solution that maximizes your storage capacity to 17.2kWh.","_seopress_robots_index":"","_kad_blocks_custom_css":"","_kad_blocks_head_custom_js":"","_kad_blocks_body_custom_js":"","_kad_blocks_footer_custom_js":""},"product_cat":[17],"product_tag":[],"class_list":{"0":"post-652","1":"product","2":"type-product","3":"status-publish","4":"has-post-thumbnail","6":"product_cat-home-batteries","8":"first","9":"instock","10":"sale","11":"taxable","12":"shipping-taxable","13":"purchasable","14":"product-type-simple"},"taxonomy_info":{"product_cat":[{"value":17,"label":"Home batteries"}]},"featured_image_src_large":["https:\/\/ownpowr.com\/wp-content\/uploads\/2023\/02\/320_320_Product_logo_storage_system_5d3ab2d32f5cd.png",320,286,false],"author_info":[],"comment_info":"","_links":{"self":[{"href":"https:\/\/ownpowr.com\/es\/wp-json\/wp\/v2\/product\/652","targetHints":{"allow":["GET"]}}],"collection":[{"href":"https:\/\/ownpowr.com\/es\/wp-json\/wp\/v2\/product"}],"about":[{"href":"https:\/\/ownpowr.com\/es\/wp-json\/wp\/v2\/types\/product"}],"wp:featuredmedia":[{"embeddable":true,"href":"https:\/\/ownpowr.com\/es\/wp-json\/wp\/v2\/media\/653"}],"wp:attachment":[{"href":"https:\/\/ownpowr.com\/es\/wp-json\/wp\/v2\/media?parent=652"}],"wp:term":[{"taxonomy":"product_cat","embeddable":true,"href":"https:\/\/ownpowr.com\/es\/wp-json\/wp\/v2\/product_cat?post=652"},{"taxonomy":"product_tag","embeddable":true,"href":"https:\/\/ownpowr.com\/es\/wp-json\/wp\/v2\/product_tag?post=652"}],"curies":[{"name":"wp","href":"https:\/\/api.w.org\/{rel}","templated":true}]}}