{"id":82539,"date":"2024-05-30T16:41:16","date_gmt":"2024-05-30T14:41:16","guid":{"rendered":"https:\/\/ownpowr.com\/?post_type=product&#038;p=82539"},"modified":"2025-08-25T14:36:32","modified_gmt":"2025-08-25T12:36:32","slug":"blauhoff-maxus-60k-144kwh-energy-storage-cabinet-liquid-cooling-with-ev-charger","status":"publish","type":"product","link":"https:\/\/ownpowr.com\/es\/product\/blauhoff-maxus-60k-144kwh-armario-de-almacenamiento-de-energia-refrigeracion-liquida-con-cargador-ev\/","title":{"rendered":"Blauhoff Maxus Armario de almacenamiento de energ\u00eda de 60K\/144KWh Refrigeraci\u00f3n l\u00edquida con cargador EV"},"content":{"rendered":"<p>&nbsp;<\/p>\n<p>El montaje lo realiza su instalador local con la ayuda de nuestro personal t\u00e9cnico.<\/p>\n<p>Blauhoff Maxus Armario de almacenamiento de energ\u00eda 60k\/144Kwh Refrigeraci\u00f3n l\u00edquida Garant\u00eda 10Y 8000 ciclos con cargador EV<\/p>\n<p>C\u00e9lulas prism\u00e1ticas para una mayor calidad y duraci\u00f3n , 8000 ciclos y 10 a\u00f1os de garant\u00eda en las c\u00e9lulas sin coste adicional y 5 a\u00f1os en el conjunto.<\/p>\n<p>La mayor\u00eda de los otros proveedores tienen de 3 a 5 a\u00f1os en enteros y c\u00e9lulas y luego hay que pagar extra, esto tambi\u00e9n se aplica al EMS de Dijkman que utilizamos, no hay costes mensuales y puede trabajar con el mercado de desequilibrio.<\/p>\n<p>ESS totalmente integrado para facilitar el transporte y la operaci\u00f3n y mantenimiento.<\/p>\n<p>El almacenamiento de energ\u00eda integrado con el cargador Ev y el dise\u00f1o modular hacen que el emplazamiento sea r\u00e1pido de montar y utilizar, con un m\u00e1ximo de 3 horas de trabajo.<\/p>\n<p>Blauhoff BLH-96kWh-Maxus, un ESS comercial e industrial todo en uno con refrigeraci\u00f3n l\u00edquida, est\u00e1 integrado con convertidor de almacenamiento de energ\u00eda, bater\u00eda, BMS, EMS, gesti\u00f3n t\u00e9rmica, distribuci\u00f3n de energ\u00eda, protecci\u00f3n contra incendios, cargador Ev, etc.<\/p>\n<p>El dise\u00f1o todo en uno es f\u00e1cil de instalar y de O&amp;M e interact\u00faa con todos los dem\u00e1s productos Maxus y negocia autom\u00e1ticamente con precios din\u00e1micos de energ\u00eda a trav\u00e9s de varios sistemas EMS.<\/p>\n<p>El dise\u00f1o de seguridad del sistema garantiza un mejor rendimiento y una mayor duraci\u00f3n de la bater\u00eda<br \/>\nvida \u00fatil. M\u00faltiples conjuntos de armarios pueden conectarse directamente en paralelo hasta 30 unidades para realizar el almacenamiento de energ\u00eda.<br \/>\nampliaci\u00f3n del sistema. Es superf\u00e1cilmente escalable y port\u00e1til.<\/p>\n<p>Refrigeraci\u00f3n l\u00edquida :<br \/>\nLa deriva t\u00e9rmica de las pilas<br \/>\nen todo el sistema est\u00e1 dentro de \u00b11,5\u00b0C debido a<br \/>\nsistema inteligente de refrigeraci\u00f3n l\u00edquida. Puede<br \/>\nprolongar la vida \u00fatil del sistema hasta<br \/>\n30%, aumentan la eficiencia del sistema a largo plazo<br \/>\nhasta 88,5%.<\/p>\n<p>Extras posibles :<\/p>\n<p>Energ\u00eda de emergencia STS- 2 cargadores EV 22kw - inversor h\u00edbrido para conexi\u00f3n de paneles ipv AC acoplados<\/p>\n<p>Seguro<br \/>\nEl sistema tiene cuatro niveles de gesti\u00f3n<br \/>\nestructura que puede proporcionar<br \/>\nprotecci\u00f3n contra cortocircuitos, sobrecorriente<br \/>\nprotecci\u00f3n contra sobretensi\u00f3n,<br \/>\nprotecci\u00f3n contra baja tensi\u00f3n, sobretemperatura<br \/>\nprotecci\u00f3n, etc.<\/p>\n<p>Seguridad obligatoria y certificados europeos, inversor y bater\u00edas :<\/p>\n<p>EN 50549-1 para el inversor del Maxus y es aplicable a unidades de generaci\u00f3n de energ\u00eda conectadas a redes de baja tensi\u00f3n y la EN 50549-2 es aplicable a unidades de generaci\u00f3n de energ\u00eda conectadas a redes de media tensi\u00f3n.<\/p>\n<p>NEN-EN-IEC 62619:2022 - Pilas y bater\u00edas secundarias que contienen electrolitos alcalinos u otros electrolitos no \u00e1cidos - Requisitos de seguridad para pilas y bater\u00edas secundarias de litio, para uso en aplicaciones industriales<\/p>\n<p>NEN-EN-IEC 61000-6-2\u3001EN IEC 61000-6-4<\/p>\n<p>UL 9540A:2019 edici\u00f3n 4 - Norma de m\u00e9todo de ensayo para evaluar la propagaci\u00f3n del incendio por fuga t\u00e9rmica en sistemas de almacenamiento de energ\u00eda en bater\u00edas<\/p>\n<p>UN38.3<\/p>","protected":false},"excerpt":{"rendered":"<p>&nbsp; El montaje lo realiza su instalador local con la ayuda de nuestro personal t\u00e9cnico. Blauhoff Maxus Armario de almacenamiento de energ\u00eda 60k\/144Kwh Refrigerado por l\u00edquido Garant\u00eda 10Y 8000 ciclos con cargador EV [...]<\/p>","protected":false},"featured_media":82535,"template":"","meta":{"_seopress_robots_primary_cat":"none","_seopress_titles_title":"","_seopress_titles_desc":"","_seopress_robots_index":"","_kad_blocks_custom_css":"","_kad_blocks_head_custom_js":"","_kad_blocks_body_custom_js":"","_kad_blocks_footer_custom_js":""},"product_cat":[17,19],"product_tag":[],"class_list":{"0":"post-82539","1":"product","2":"type-product","3":"status-publish","4":"has-post-thumbnail","6":"product_cat-home-batteries","7":"product_cat-sets-with-inverters","9":"first","10":"instock","11":"taxable","12":"shipping-taxable","13":"purchasable","14":"product-type-simple"},"taxonomy_info":{"product_cat":[{"value":17,"label":"Home batteries"},{"value":19,"label":"Sets with inverters"}]},"featured_image_src_large":["https:\/\/ownpowr.com\/wp-content\/uploads\/2024\/05\/photo-2024-02-21-15-07-10.jpg",800,800,false],"author_info":[],"comment_info":"","_links":{"self":[{"href":"https:\/\/ownpowr.com\/es\/wp-json\/wp\/v2\/product\/82539","targetHints":{"allow":["GET"]}}],"collection":[{"href":"https:\/\/ownpowr.com\/es\/wp-json\/wp\/v2\/product"}],"about":[{"href":"https:\/\/ownpowr.com\/es\/wp-json\/wp\/v2\/types\/product"}],"wp:featuredmedia":[{"embeddable":true,"href":"https:\/\/ownpowr.com\/es\/wp-json\/wp\/v2\/media\/82535"}],"wp:attachment":[{"href":"https:\/\/ownpowr.com\/es\/wp-json\/wp\/v2\/media?parent=82539"}],"wp:term":[{"taxonomy":"product_cat","embeddable":true,"href":"https:\/\/ownpowr.com\/es\/wp-json\/wp\/v2\/product_cat?post=82539"},{"taxonomy":"product_tag","embeddable":true,"href":"https:\/\/ownpowr.com\/es\/wp-json\/wp\/v2\/product_tag?post=82539"}],"curies":[{"name":"wp","href":"https:\/\/api.w.org\/{rel}","templated":true}]}}