{"id":831,"date":"2023-10-04T16:35:29","date_gmt":"2023-10-04T14:35:29","guid":{"rendered":"https:\/\/ownpowr.com\/product\/blauhoff-bess-all-in-one-10k-10kwh\/"},"modified":"2025-03-27T12:50:48","modified_gmt":"2025-03-27T10:50:48","slug":"k-star-all-in-one-10k-10kwh","status":"publish","type":"product","link":"https:\/\/ownpowr.com\/es\/product\/blauhoff-bess-todo-en-uno-10k-10kwh\/","title":{"rendered":"K-stars Soluci\u00f3n de almacenamiento trif\u00e1sico todo en uno 10K\/10kWh"},"content":{"rendered":"<div class=\"proInfos proInfos2 clearfix\">\n<div class=\"left\">\n<p>K-stars Soluci\u00f3n de almacenamiento trif\u00e1sico todo en uno (trif\u00e1sico)<\/p>\n<p>Beneficios clave<\/p>\n<ul>\n<li>Utiliza la bater\u00eda LFP de alto rendimiento de CATL, conocida por su calidad y que se encuentra entre los proveedores de c\u00e9lulas de primer nivel.<\/li>\n<li>Capaz de manejar una importante entrada fotovoltaica de 20 kW, con 10 kW para la carga y 10 kW para la salida de CA.<\/li>\n<li>Presenta un dise\u00f1o modular que permite ampliar el sistema de almacenamiento de energ\u00eda mediante m\u00faltiples unidades de 5,12 kWh.<\/li>\n<li>Proporciona una robusta salida de reserva trif\u00e1sica de 10 kW, con un tiempo de conexi\u00f3n\/desconexi\u00f3n de la red inferior a 20 ms.<\/li>\n<li>Incluye un sistema de gesti\u00f3n de la energ\u00eda (EMS), lo que la hace vers\u00e1til para diversas aplicaciones.<\/li>\n<li>Admite un m\u00e1ximo de 4 unidades en paralelo para salida de reserva en modo aislado de la red.<\/li>\n<li>Dise\u00f1o racionalizado todo en uno para mayor comodidad y eficacia.<\/li>\n<li>Exhibe una alta eficiencia, alcanzando hasta 97,6%.<\/li>\n<li>Presume de protecci\u00f3n IP65 para mayor durabilidad y resistencia.<\/li>\n<li>Funcionalidad opcional de supervisi\u00f3n de cadenas.<\/li>\n<li>Simplifica los procedimientos de instalaci\u00f3n.<\/li>\n<li>Equipada con un controlador digital.<\/li>\n<li>Dispone de protecci\u00f3n contra sobretensiones CC\/CA.<\/li>\n<li>Incorpora un controlador de potencia reactiva.<\/li>\n<\/ul>\n<p>BluE-S- E10KT<\/p>\n<p>Paquete de 2 x 5,1k<\/p>\n<p>1x kit de conexi\u00f3n para Blue- 2x pack 5.1<\/p>\n<p>Informaci\u00f3n sobre la garant\u00eda<\/p>\n<ul>\n<li>Viene con una garant\u00eda de 10 a\u00f1os.<\/li>\n<li>Dise\u00f1ada para unos impresionantes 10.000 ciclos.<\/li>\n<\/ul>\n<p>Oferta especial de instalaci\u00f3n<\/p>\n<ul>\n<li>\u00a1Disponible para su instalaci\u00f3n en los Pa\u00edses Bajos a un precio especial de s\u00f3lo 750 euros!<\/li>\n<\/ul>\n<p><a href=\"https:\/\/ownpowr.com\/wp-content\/uploads\/2023\/10\/datasheet-k-star-blue.pdf\" target=\"_blank\" rel=\"noopener\">Ficha de datos K-Star BluE<\/a><\/p>\n<\/div>\n<\/div>\n<div class=\"hotBuy hotBuy2 clearfix\">\n<div class=\"left\">\n<div class=\"a\">\n<p>&nbsp;<\/p>\n<\/div>\n<\/div>\n<\/div>","protected":false},"excerpt":{"rendered":"<p>Blauhoff<\/p>\n<p>10 a\u00f1os de garant\u00eda<\/p>\n<p>10000 ciclos<\/p>\n<p>80% DOD<\/p>","protected":false},"featured_media":832,"template":"","meta":{"_seopress_robots_primary_cat":"none","_seopress_titles_title":"K-star All-In-One Three Phase Storage Solution | High Performance LFP Battery","_seopress_titles_desc":"Get the K-star All-In-One Three Phase Storage Solution with CATL high performance LFP battery. 20KW PV input, modular design, easy installation, and more.","_seopress_robots_index":"","_kad_blocks_custom_css":"","_kad_blocks_head_custom_js":"","_kad_blocks_body_custom_js":"","_kad_blocks_footer_custom_js":""},"product_cat":[17,19],"product_tag":[],"class_list":{"0":"post-831","1":"product","2":"type-product","3":"status-publish","4":"has-post-thumbnail","6":"product_cat-home-batteries","7":"product_cat-sets-with-inverters","9":"first","10":"instock","11":"sale","12":"taxable","13":"shipping-taxable","14":"purchasable","15":"product-type-simple"},"taxonomy_info":{"product_cat":[{"value":17,"label":"Home batteries"},{"value":19,"label":"Sets with inverters"}]},"featured_image_src_large":["https:\/\/ownpowr.com\/wp-content\/uploads\/2023\/04\/Ontwerp-zonder-titel-1024x1024.png",1024,1024,true],"author_info":[],"comment_info":"","_links":{"self":[{"href":"https:\/\/ownpowr.com\/es\/wp-json\/wp\/v2\/product\/831","targetHints":{"allow":["GET"]}}],"collection":[{"href":"https:\/\/ownpowr.com\/es\/wp-json\/wp\/v2\/product"}],"about":[{"href":"https:\/\/ownpowr.com\/es\/wp-json\/wp\/v2\/types\/product"}],"wp:featuredmedia":[{"embeddable":true,"href":"https:\/\/ownpowr.com\/es\/wp-json\/wp\/v2\/media\/832"}],"wp:attachment":[{"href":"https:\/\/ownpowr.com\/es\/wp-json\/wp\/v2\/media?parent=831"}],"wp:term":[{"taxonomy":"product_cat","embeddable":true,"href":"https:\/\/ownpowr.com\/es\/wp-json\/wp\/v2\/product_cat?post=831"},{"taxonomy":"product_tag","embeddable":true,"href":"https:\/\/ownpowr.com\/es\/wp-json\/wp\/v2\/product_tag?post=831"}],"curies":[{"name":"wp","href":"https:\/\/api.w.org\/{rel}","templated":true}]}}