{"id":910,"date":"2023-10-04T16:42:22","date_gmt":"2023-10-04T14:42:22","guid":{"rendered":"https:\/\/ownpowr.com\/product\/koyoe-10kw-three-phase-include-wire-wifi-smart-meter\/"},"modified":"2025-03-27T13:38:41","modified_gmt":"2025-03-27T11:38:41","slug":"koyoe-10kw-three-phase-include-wire-wifi-smart-meter","status":"publish","type":"product","link":"https:\/\/ownpowr.com\/es\/product\/koyoe-10kw-trifasico-incluye-cable-wifi-contador-inteligente\/","title":{"rendered":"Koyoe 10kw Inversor Trif\u00e1sico, incluye cable, wifi, contador inteligente"},"content":{"rendered":"<h1>Koyoe 10kw Inversor Trif\u00e1sico, incluye cable, wifi, contador inteligente<\/h1>\n<p>Marca: Koyoe<\/p>\n<p>C\u00f3digo del producto \/ SKU: KY-EST10KH<\/p>\n<p>&nbsp;<\/p>\n<h2>Descripci\u00f3n<\/h2>\n<p><strong>Dise\u00f1o modular<\/strong><\/p>\n<p>Dise\u00f1o modular, instalaci\u00f3n apilada apariencia simple de signo, la integraci\u00f3n de m\u00f3dem casa;<\/p>\n<p><strong>Interruptor Smar<\/strong><\/p>\n<p>Funcionamiento sin conexi\u00f3n a la red,admite alimentaci\u00f3n de emergencia y conmutaci\u00f3n sin interrupciones;<\/p>\n<p><strong>Amplio rango de entrada de tensi\u00f3n<\/strong><\/p>\n<p>Rango de tensi\u00f3n fotovoltaica ultraancha 120V-500V, bater\u00eda y rango de tensi\u00f3n ultraancha 85V-450V;<\/p>\n<p><strong>Seguro y fiable<\/strong><\/p>\n<p>Refrigeraci\u00f3n por aire inteligente, bajo aumento de la temperatura. Larga vida \u00fatil, m\u00faltiples funciones de protecci\u00f3n;<\/p>\n<p><strong>Inteligente y sencillo<\/strong><\/p>\n<p>Soporta dise\u00f1o GPRS\/WIFI\/RS485\/USBLCD, soporta monitorizaci\u00f3n remota;<\/p>\n<p><strong>Alta eficiencia energ\u00e9tica<\/strong><\/p>\n<p>Menor reducci\u00f3n de la potencia de salida a alta temperatura,<br \/>\ncon eficiencia mejorada, potencia m\u00e1xima de entrada FV de hasta<br \/>\n1,3X potencia nominal<\/p>\n<p>&nbsp;<\/p>\n<p>Descargas<\/p>\n<p><a href=\"https:\/\/storeyourownpower.com\/wp-content\/uploads\/2023\/05\/Templates_cn_file_Ess-Warranty.pdf\">_Templates_cn_file_Ess Garant\u00eda<\/a><\/p>\n<p><a href=\"https:\/\/storeyourownpower.com\/wp-content\/uploads\/2023\/05\/Templates_cn_file_energy_10kw.pdf\">Plantillas_archivo_energ\u00eda_10kw<\/a><\/p>","protected":false},"excerpt":{"rendered":"<p>Koyoe 10kw Inversor Trif\u00e1sico, incluye cable, wifi, contador inteligente Marca: Koyoe C\u00f3digo de producto \/ SKU: KY-EST10KH Descripci\u00f3n Dise\u00f1o modular Dise\u00f1o modular, instalaci\u00f3n apilada apariencia simple de signo, integraci\u00f3n [...]<\/p>","protected":false},"featured_media":903,"template":"","meta":{"_seopress_robots_primary_cat":"none","_seopress_titles_title":"Koyoe 10kw Inverter Three Phase - Wire, WiFi, Smart Meter","_seopress_titles_desc":"Experience the ultimate modular design and seamless integration with Koyoe 10kw Inverter. With wide voltage input range and smart features like GPRS\/WIFI monitoring, this inverter guarantees safe and reliable power supply.","_seopress_robots_index":"","_kad_blocks_custom_css":"","_kad_blocks_head_custom_js":"","_kad_blocks_body_custom_js":"","_kad_blocks_footer_custom_js":""},"product_cat":[18],"product_tag":[],"class_list":{"0":"post-910","1":"product","2":"type-product","3":"status-publish","4":"has-post-thumbnail","6":"product_cat-hybrid-inverters","8":"first","9":"instock","10":"sale","11":"taxable","12":"shipping-taxable","13":"purchasable","14":"product-type-simple"},"taxonomy_info":{"product_cat":[{"value":18,"label":"Hybrid inverters"}]},"featured_image_src_large":["https:\/\/ownpowr.com\/wp-content\/uploads\/2023\/05\/Koyoe-10kW-3-Phase-Hybrid-Inverter1-1024x1024.png",1024,1024,true],"author_info":[],"comment_info":"","_links":{"self":[{"href":"https:\/\/ownpowr.com\/es\/wp-json\/wp\/v2\/product\/910","targetHints":{"allow":["GET"]}}],"collection":[{"href":"https:\/\/ownpowr.com\/es\/wp-json\/wp\/v2\/product"}],"about":[{"href":"https:\/\/ownpowr.com\/es\/wp-json\/wp\/v2\/types\/product"}],"wp:featuredmedia":[{"embeddable":true,"href":"https:\/\/ownpowr.com\/es\/wp-json\/wp\/v2\/media\/903"}],"wp:attachment":[{"href":"https:\/\/ownpowr.com\/es\/wp-json\/wp\/v2\/media?parent=910"}],"wp:term":[{"taxonomy":"product_cat","embeddable":true,"href":"https:\/\/ownpowr.com\/es\/wp-json\/wp\/v2\/product_cat?post=910"},{"taxonomy":"product_tag","embeddable":true,"href":"https:\/\/ownpowr.com\/es\/wp-json\/wp\/v2\/product_tag?post=910"}],"curies":[{"name":"wp","href":"https:\/\/api.w.org\/{rel}","templated":true}]}}