{"id":917,"date":"2023-10-04T16:42:59","date_gmt":"2023-10-04T14:42:59","guid":{"rendered":"https:\/\/ownpowr.com\/product\/pylontech-force-h1-bmu-base-v2\/"},"modified":"2025-02-20T12:30:23","modified_gmt":"2025-02-20T10:30:23","slug":"pylontech-force-h1-bmu-v2","status":"publish","type":"product","link":"https:\/\/ownpowr.com\/es\/product\/pylontech-force-h1-bmu-v2\/","title":{"rendered":"Pylontech fuerza H1 BMU base V2"},"content":{"rendered":"<p>Pylontech Force H1 V2 BMU Unidad base de gesti\u00f3n de la bater\u00eda<\/p>\n<p>Pylontech Force H1 V2 BMU La unidad base de gesti\u00f3n de bater\u00edas sirve de enlace de comunicaci\u00f3n entre la bater\u00eda Force H1 y el inversor. Tenga en cuenta que se necesita una BMU por pila de bater\u00edas.<\/p>\n<ul>\n<li>Facilita la comunicaci\u00f3n entre la bater\u00eda Force H1 y el inversor.<\/li>\n<\/ul>\n<p>Pylontech se especializa en la fabricaci\u00f3n de bater\u00edas de alto y bajo voltaje para aplicaciones residenciales y comerciales.<\/p>\n<p>Acceda a los documentos del producto para obtener m\u00e1s informaci\u00f3n.<\/p>\n<ul>\n<li><a title=\"Ficha de datos Pylontech Fuerza H1 yoa2dg9dkeusferjubbq doc link\" href=\"https:\/\/res.cloudinary.com\/gpceurope\/image\/upload\/v1620655621\/yoa2dg9dkeusferjubbq.pdf\" target=\"_blank\" rel=\"noopener\">\u00a0Ficha de datos Pylontech Fuerza H1<\/a><\/li>\n<li><a title=\"Lista de inversores compatibles con Pylontech wnvulbkipwxriesvmtmj doc link\" href=\"https:\/\/res.cloudinary.com\/gpceurope\/image\/upload\/v1620655628\/wnvulbkipwxriesvmtmj.pdf\" target=\"_blank\" rel=\"noopener\">\u00a0Lista de inversores compatibles con Pylontech<\/a><\/li>\n<li><a title=\"Manual de instalaci\u00f3n Pylontech Force H1 ndvnntilslprssd02qcw doc link\" href=\"https:\/\/res.cloudinary.com\/gpceurope\/image\/upload\/v1620655640\/ndvnntilslprssd02qcw.pdf\" target=\"_blank\" rel=\"noopener\">\u00a0Manual de instalaci\u00f3n Pylontech Fuerza H1<\/a><\/li>\n<li><a title=\"Garant\u00eda limitada quvv15iw5v0lk6cavph9 doc link\" href=\"https:\/\/res.cloudinary.com\/gpceurope\/image\/upload\/v1645348537\/quvv15iw5v0lk6cavph9.pdf\" target=\"_blank\" rel=\"noopener\">\u00a0Garant\u00eda limitada<\/a><\/li>\n<li><a href=\"https:\/\/storeyourownpower.com\/wp-content\/uploads\/2022\/10\/Datasheet-English-2.pdf\" target=\"_blank\" rel=\"noopener\">Hoja de datos Espa\u00f1ol<\/a><\/li>\n<li><a href=\"https:\/\/storeyourownpower.com\/wp-content\/uploads\/2022\/10\/Compatibility-list-English.pdf\" target=\"_blank\" rel=\"noopener\">Lista de compatibilidad Espa\u00f1ol<\/a><\/li>\n<li><a href=\"https:\/\/storeyourownpower.com\/wp-content\/uploads\/2022\/10\/Operation-manual-English.pdf\" target=\"_blank\" rel=\"noopener\">Manual de instrucciones Ingl\u00e9s<\/a><\/li>\n<li><a href=\"https:\/\/storeyourownpower.com\/wp-content\/uploads\/2022\/10\/Consumer-Warranty.pdf\" target=\"_blank\" rel=\"noopener\">Garant\u00eda del consumidor<\/a><\/li>\n<\/ul>","protected":false},"excerpt":{"rendered":"<p>\u00a1\u00a1\u00a1Este m\u00f3dulo de gesti\u00f3n de base est\u00e1 preparado para los inversores Kostal !!!<\/p>","protected":false},"featured_media":425,"template":"","meta":{"_seopress_robots_primary_cat":"none","_seopress_titles_title":"PYLONTECH FORCE H1 V2 BMU Base Battery Management Unit","_seopress_titles_desc":"Communication unit between the Force H1 battery and the inverter. Find product documents, compatibility list, installation manual, and warranty.","_seopress_robots_index":"","_kad_blocks_custom_css":"","_kad_blocks_head_custom_js":"","_kad_blocks_body_custom_js":"","_kad_blocks_footer_custom_js":""},"product_cat":[17],"product_tag":[],"class_list":{"0":"post-917","1":"product","2":"type-product","3":"status-publish","4":"has-post-thumbnail","6":"product_cat-home-batteries","8":"first","9":"instock","10":"sale","11":"taxable","12":"shipping-taxable","13":"purchasable","14":"product-type-simple"},"taxonomy_info":{"product_cat":[{"value":17,"label":"Home batteries"}]},"featured_image_src_large":["https:\/\/ownpowr.com\/wp-content\/uploads\/2023\/05\/IMG_0548.webp",800,408,false],"author_info":[],"comment_info":"","_links":{"self":[{"href":"https:\/\/ownpowr.com\/es\/wp-json\/wp\/v2\/product\/917","targetHints":{"allow":["GET"]}}],"collection":[{"href":"https:\/\/ownpowr.com\/es\/wp-json\/wp\/v2\/product"}],"about":[{"href":"https:\/\/ownpowr.com\/es\/wp-json\/wp\/v2\/types\/product"}],"wp:featuredmedia":[{"embeddable":true,"href":"https:\/\/ownpowr.com\/es\/wp-json\/wp\/v2\/media\/425"}],"wp:attachment":[{"href":"https:\/\/ownpowr.com\/es\/wp-json\/wp\/v2\/media?parent=917"}],"wp:term":[{"taxonomy":"product_cat","embeddable":true,"href":"https:\/\/ownpowr.com\/es\/wp-json\/wp\/v2\/product_cat?post=917"},{"taxonomy":"product_tag","embeddable":true,"href":"https:\/\/ownpowr.com\/es\/wp-json\/wp\/v2\/product_tag?post=917"}],"curies":[{"name":"wp","href":"https:\/\/api.w.org\/{rel}","templated":true}]}}