{"id":932,"date":"2023-10-04T16:37:39","date_gmt":"2023-10-04T14:37:39","guid":{"rendered":"https:\/\/ownpowr.com\/product\/enphase-encharge-3t-battery-only-15-year-warantee\/"},"modified":"2025-04-02T14:31:50","modified_gmt":"2025-04-02T12:31:50","slug":"enphase-encharge-3t-battery","status":"publish","type":"product","link":"https:\/\/ownpowr.com\/es\/product\/bateria-enphase-encharge-3t\/","title":{"rendered":"Bater\u00eda Enphase Encharge 3T"},"content":{"rendered":"<p>Enphase Encharge 3T con 15 a\u00f1os de garant\u00eda<\/p>\n<p>Nota: \u00a1Se requiere certificaci\u00f3n de instalador! Visite la Universidad Enphase para completar su certificaci\u00f3n.<\/p>\n<p>Bater\u00eda Enphase IQ 3T\/10T Ventajas de Enphase IQ 3T y 10T:<\/p>\n<ul>\n<li>Sistema de bater\u00edas de CA totalmente integrado con microinversores IQ 8X-BAT integrados<\/li>\n<li>Conexi\u00f3n sencilla a la corriente alterna de una instalaci\u00f3n dom\u00e9stica est\u00e1ndar<\/li>\n<li>Se adapta con precisi\u00f3n a las circunstancias espec\u00edficas del usuario<\/li>\n<li>Control y supervisi\u00f3n sencillos a trav\u00e9s de una aplicaci\u00f3n m\u00f3vil<\/li>\n<li>Sistema de refrigeraci\u00f3n pasivo (sin piezas m\u00f3viles ni ventiladores)<\/li>\n<li>Durabilidad excepcional con una garant\u00eda de 10 a\u00f1os<\/li>\n<li>La certificaci\u00f3n del instalador es obligatoria para la instalaci\u00f3n de bater\u00edas. P\u00f3ngase en contacto con su gestor de cuentas de Enphase para conocer los detalles de la certificaci\u00f3n.<\/li>\n<li>Aseg\u00farese de que dispone del Art. 270072 - Enphase - Dispositivo medidor IQ Gateway-S.<\/li>\n<li>El Enphase IQ 3T proporciona una capacidad total de almacenamiento de 3,5 kWh y cuenta con cuatro microinversores integrados con una potencia combinada de 1,28 kW.<\/li>\n<li>Los instaladores pueden adaptar f\u00e1cilmente el tama\u00f1o del sistema para satisfacer las necesidades tanto de los nuevos clientes como de los que ya tienen paneles solares.<\/li>\n<\/ul>\n<p>Sistema de almacenamiento en bater\u00eda Encharge 3T con microinversores integrados de la serie IQ de Enphase y unidad de gesti\u00f3n de bater\u00edas (BMU).<\/p>\n<p>Este set incluye:<\/p>\n<ul>\n<li>1x Unidad Base Encharge 3T (ENP-B03-T01-INT00-1-2)<\/li>\n<\/ul>\n<p>Disfrute de la tranquilidad que le ofrece el Enphase Encharge 3T, respaldado por una generosa garant\u00eda de 15 a\u00f1os. Tenga en cuenta el requisito de certificaci\u00f3n del instalador para una correcta instalaci\u00f3n y configuraci\u00f3n.<\/p>\n<p><strong>M\u00e1s informaci\u00f3n:<\/strong><\/p>\n<ul>\n<li><a href=\"https:\/\/storeyourownpower.com\/wp-content\/uploads\/2022\/12\/Datenblatt-German-Encharge-3T.pdf\" target=\"_blank\" rel=\"noopener\">Datenblatt alem\u00e1n Encharge 3T<\/a><\/li>\n<li><a href=\"https:\/\/storeyourownpower.com\/wp-content\/uploads\/2022\/12\/Datasheet-English-Encharge-3T.pdf\" target=\"_blank\" rel=\"noopener\">Datasheet Espa\u00f1ol Encharge 3T<\/a><\/li>\n<li><a href=\"https:\/\/storeyourownpower.com\/wp-content\/uploads\/2022\/12\/Warranty-terms-English-Encharge-3T.pdf\" target=\"_blank\" rel=\"noopener\">T\u00e9rminos de la garant\u00eda Espa\u00f1ol Encharge 3T<\/a><\/li>\n<li><a href=\"https:\/\/storeyourownpower.com\/wp-content\/uploads\/2022\/12\/Warranty-terms-German-Encharge-3T.pdf\" target=\"_blank\" rel=\"noopener\">Condiciones de la garant\u00eda alemana Encharge 3T<\/a><\/li>\n<li><a href=\"https:\/\/storeyourownpower.com\/wp-content\/uploads\/2022\/12\/Mounting-instructions-English-Encharge-3T.pdf\" target=\"_blank\" rel=\"noopener\">Instrucciones de montaje Espa\u00f1ol Encharge 3T<\/a><\/li>\n<\/ul>","protected":false},"excerpt":{"rendered":"<p>\u00a115 a\u00f1os de garant\u00eda en este precio !<\/p>","protected":false},"featured_media":39969,"template":"","meta":{"_seopress_robots_primary_cat":"none","_seopress_titles_title":"Enphase Encharge 3T: 15-Year Warranty, Installer Certification Required","_seopress_titles_desc":"Discover the advantages of Enphase IQ Battery 3T\/10T, a fully integrated AC battery system that optimally adjusts to your needs. Get certified at Enphase University.","_seopress_robots_index":"","_kad_blocks_custom_css":"","_kad_blocks_head_custom_js":"","_kad_blocks_body_custom_js":"","_kad_blocks_footer_custom_js":""},"product_cat":[17],"product_tag":[],"class_list":{"0":"post-932","1":"product","2":"type-product","3":"status-publish","4":"has-post-thumbnail","6":"product_cat-home-batteries","8":"first","9":"outofstock","10":"sale","11":"taxable","12":"shipping-taxable","13":"purchasable","14":"product-type-simple"},"taxonomy_info":{"product_cat":[{"value":17,"label":"Home batteries"}]},"featured_image_src_large":["https:\/\/ownpowr.com\/wp-content\/uploads\/2023\/10\/enphase-iq-batterij-3t-achterkant-900x900-2.jpeg",658,658,false],"author_info":[],"comment_info":"","_links":{"self":[{"href":"https:\/\/ownpowr.com\/es\/wp-json\/wp\/v2\/product\/932","targetHints":{"allow":["GET"]}}],"collection":[{"href":"https:\/\/ownpowr.com\/es\/wp-json\/wp\/v2\/product"}],"about":[{"href":"https:\/\/ownpowr.com\/es\/wp-json\/wp\/v2\/types\/product"}],"wp:featuredmedia":[{"embeddable":true,"href":"https:\/\/ownpowr.com\/es\/wp-json\/wp\/v2\/media\/39969"}],"wp:attachment":[{"href":"https:\/\/ownpowr.com\/es\/wp-json\/wp\/v2\/media?parent=932"}],"wp:term":[{"taxonomy":"product_cat","embeddable":true,"href":"https:\/\/ownpowr.com\/es\/wp-json\/wp\/v2\/product_cat?post=932"},{"taxonomy":"product_tag","embeddable":true,"href":"https:\/\/ownpowr.com\/es\/wp-json\/wp\/v2\/product_tag?post=932"}],"curies":[{"name":"wp","href":"https:\/\/api.w.org\/{rel}","templated":true}]}}