{"id":1761,"date":"2023-08-31T23:36:30","date_gmt":"2023-08-31T21:36:30","guid":{"rendered":"https:\/\/ownpowr.com\/?page_id=1761"},"modified":"2023-09-11T14:41:36","modified_gmt":"2023-09-11T12:41:36","slug":"privacy-policy","status":"publish","type":"page","link":"https:\/\/ownpowr.com\/et\/privaatsuspoliitika\/","title":{"rendered":"Privaatsuspoliitika"},"content":{"rendered":"<p>Ownpowr-s, mis on k\u00e4ttesaadav aadressil https:\/\/ownpowr.com, on \u00fcks meie peamisi prioriteete k\u00fclastajate privaatsus. K\u00e4esolev privaatsuspoliitika dokument sisaldab teavet, mida Ownpowr kogub ja salvestab, ning seda, kuidas me seda kasutame.<\/p><p>Kui teil on lisak\u00fcsimusi v\u00f5i vajate lisateavet meie privaatsuspoliitika kohta, v\u00f5tke meiega julgelt \u00fchendust. Meie privaatsuspoliitika on koostatud j\u00e4rgmiste organisatsioonide abiga <a href=\"https:\/\/www.gdprprivacynotice.com\/\">GDPR privaatsuspoliitika generaator<\/a><\/p><h3 class=\"wp-block-heading\">\u00dcldine andmekaitse m\u00e4\u00e4rus (GDPR)<\/h3><p>Oleme teie andmete vastutav t\u00f6\u00f6tleja.<\/p><p>Blauhoffi \u00f5iguslik alus k\u00e4esolevas privaatsuspoliitikas kirjeldatud isikuandmete kogumiseks ja kasutamiseks s\u00f5ltub kogutud isikuandmetest ja konkreetsest kontekstist, milles me andmeid kogume:<\/p><ul class=\"wp-block-list\"><li>Blauhoff peab teiega lepingut t\u00e4itma.<\/li>\n\n<li>Te olete andnud Blauhoffile selleks loa.<\/li>\n\n<li>Teie isikuandmete t\u00f6\u00f6tlemine on Blauhoffi \u00f5igustatud huvides.<\/li>\n\n<li>Blauhoff peab j\u00e4rgima seadust<\/li><\/ul><p>Blauhoff s\u00e4ilitab teie isikuandmeid ainult nii kaua, kui see on vajalik k\u00e4esolevas privaatsuspoliitikas s\u00e4testatud eesm\u00e4rkidel. Me s\u00e4ilitame ja kasutame teie andmeid ulatuses, mis on vajalik meie juriidiliste kohustuste t\u00e4itmiseks, vaidluste lahendamiseks ja meie p\u00f5him\u00f5tete j\u00f5ustamiseks.<\/p><p>Kui olete Euroopa Majanduspiirkonna (EMP) elanik, on teil teatud andmekaitse\u00f5igused. Kui soovite teada saada, milliseid isikuandmeid me teie kohta hoiame ja kui soovite, et need meie s\u00fcsteemidest eemaldataks, v\u00f5tke meiega \u00fchendust.<\/p><p>Teatud tingimustel on teil j\u00e4rgmised andmekaitselised \u00f5igused:<\/p><ul class=\"wp-block-list\"><li>\u00d5igus p\u00e4\u00e4seda juurde, ajakohastada v\u00f5i kustutada teavet, mis meil teie kohta on.<\/li>\n\n<li>Parandus\u00f5igus.<\/li>\n\n<li>\u00d5igus esitada vastuv\u00e4iteid.<\/li>\n\n<li>Piirangu\u00f5igus.<\/li>\n\n<li>\u00d5igus andmete \u00fclekantavusele<\/li>\n\n<li>\u00d5igus n\u00f5usolekut tagasi v\u00f5tta<\/li><\/ul><h3 class=\"wp-block-heading\">Logifailid<\/h3><p>Ownpowr j\u00e4rgib logifailide kasutamise standardmenetlust. Need failid logivad k\u00fclastajad, kui nad k\u00fclastavad veebisaite. K\u00f5ik hostingufirmad teevad seda ja see on osa hostinguteenuste anal\u00fc\u00fcsist. Logifailide abil kogutud teave h\u00f5lmab internetiprotokolli (IP) aadressi, brauseri t\u00fc\u00fcpi, internetiteenuse pakkujat (ISP), kuup\u00e4eva ja kellaaja templit, viitavaid\/v\u00e4ljuvate lehtede arvu ja v\u00f5imalusel ka kl\u00f5psude arvu. Need ei ole seotud \u00fchegi isiklikult tuvastatava teabega. Andmete eesm\u00e4rk on anal\u00fc\u00fcsida suundumusi, hallata veebilehte, j\u00e4lgida kasutajate liikumist veebilehel ja koguda demograafilist teavet.<\/p><h3 class=\"wp-block-heading\">K\u00fcpsised ja veebimajakad<\/h3><p>Nagu iga teine veebisait, kasutab ka Ownpowr k\u00fcpsiseid. Neid k\u00fcpsiseid kasutatakse teabe salvestamiseks, sealhulgas k\u00fclastajate eelistuste ja veebilehe lehek\u00fclgede kohta, millele k\u00fclastaja sisenes v\u00f5i mida ta k\u00fclastas. Seda teavet kasutatakse kasutajate kasutuskogemuse optimeerimiseks, kohandades meie veebilehe sisu vastavalt k\u00fclastajate brauseri t\u00fc\u00fcbile ja\/v\u00f5i muule teabele.<\/p><h3 class=\"wp-block-heading\">Privaatsuspoliitika<\/h3><p>Sellest nimekirjast leiate iga Ownpowr reklaamipartneri privaatsuspoliitikat.<\/p><p>Kolmandate osapoolte reklaamiserverid v\u00f5i reklaamiv\u00f5rgud kasutavad tehnoloogiaid nagu k\u00fcpsised, JavaScript v\u00f5i veebimajakad, mida kasutatakse nende vastavates reklaamides ja linkides, mis ilmuvad Ownpowr-s, mis saadetakse otse kasutajate brauserile. Sellisel juhul saavad nad automaatselt teie IP-aadressi. Neid tehnoloogiaid kasutatakse nende reklaamikampaaniate t\u00f5hususe m\u00f5\u00f5tmiseks ja\/v\u00f5i k\u00fclastatavatel veebisaitidel kuvatava reklaamisisu isikup\u00e4rastamiseks.<\/p><p>Pange t\u00e4hele, et Ownpowr-l ei ole juurdep\u00e4\u00e4su ega kontrolli nende k\u00fcpsiste \u00fcle, mida kasutavad kolmandatest isikutest reklaamijad.<\/p><h3 class=\"wp-block-heading\">Kolmandate osapoolte privaatsuspoliitikad<\/h3><p>Ownpowr privaatsuspoliitikat ei kohaldata teiste reklaamijate v\u00f5i veebisaitide suhtes. Seega soovitame teil \u00fcksikasjalikuma teabe saamiseks tutvuda nende kolmandate osapoolte reklaamiserverite vastavate privaatsuspoliitikatega. See v\u00f5ib sisaldada nende tavasid ja juhiseid selle kohta, kuidas teatud valikutest loobuda.<\/p><p>Saate k\u00fcpsiste keelamise valida oma veebilehitseja valikute kaudu. \u00dcksikasjalikumat teavet k\u00fcpsiste haldamise kohta konkreetsete veebilehitsejate puhul leiate veebilehitsejate vastavatelt veebilehtedelt.<\/p><h3 class=\"wp-block-heading\">Laste teave<\/h3><p>Teine osa meie prioriteedist on laste kaitse lisamine interneti kasutamise ajal. Me julgustame vanemaid ja eestkostjaid j\u00e4lgima, osalema ja\/v\u00f5i j\u00e4lgima ja suunama nende tegevust internetis.<\/p><p>Ownpowr ei kogu teadlikult mingeid isikuandmeid alla 13-aastastelt lastelt. Kui arvate, et teie laps on meie veebisaidil sellist teavet esitanud, soovitame teil meiega viivitamatult \u00fchendust v\u00f5tta ja me teeme k\u00f5ik endast oleneva, et sellised andmed meie andmetest viivitamatult eemaldada.<\/p><h3 class=\"wp-block-heading\">Ainult veebip\u00f5hine privaatsuspoliitika<\/h3><p>Meie privaatsuspoliitika kehtib ainult meie veebip\u00f5hise tegevuse suhtes ja kehtib meie veebisaidi k\u00fclastajate suhtes seoses teabega, mida nad jagavad ja\/v\u00f5i koguvad Ownpowr-s. See poliitika ei kehti teabe kohta, mida kogutakse v\u00e4ljaspool internetti v\u00f5i muude kanalite kaudu kui see veebileht.<\/p><h3 class=\"wp-block-heading\">N\u00f5usolek<\/h3><p>Kasutades meie veebisaiti, n\u00f5ustute k\u00e4esolevaga meie privaatsuspoliitikaga ja n\u00f5ustute selle tingimustega.<\/p>","protected":false},"excerpt":{"rendered":"<p>Veebilehel Ownpowr, mis on k\u00e4ttesaadav aadressil https:\/\/ownpowr.com, on \u00fcks meie peamisi prioriteete k\u00fclastajate privaatsus. K\u00e4esolev privaatsuspoliitika dokument sisaldab andmeid, mida kogutakse ja salvestatakse [...]<\/p>","protected":false},"author":1,"featured_media":0,"parent":0,"menu_order":0,"comment_status":"closed","ping_status":"closed","template":"","meta":{"_seopress_robots_primary_cat":"","_seopress_titles_title":"","_seopress_titles_desc":"","_seopress_robots_index":"","_kad_blocks_custom_css":"","_kad_blocks_head_custom_js":"","_kad_blocks_body_custom_js":"","_kad_blocks_footer_custom_js":"","footnotes":""},"class_list":["post-1761","page","type-page","status-publish"],"taxonomy_info":[],"featured_image_src_large":false,"author_info":{"display_name":"job-39sj@s9jal019","author_link":"https:\/\/ownpowr.com\/et\/author\/job-39sjs9jal019\/"},"comment_info":0,"_links":{"self":[{"href":"https:\/\/ownpowr.com\/et\/wp-json\/wp\/v2\/pages\/1761","targetHints":{"allow":["GET"]}}],"collection":[{"href":"https:\/\/ownpowr.com\/et\/wp-json\/wp\/v2\/pages"}],"about":[{"href":"https:\/\/ownpowr.com\/et\/wp-json\/wp\/v2\/types\/page"}],"author":[{"embeddable":true,"href":"https:\/\/ownpowr.com\/et\/wp-json\/wp\/v2\/users\/1"}],"replies":[{"embeddable":true,"href":"https:\/\/ownpowr.com\/et\/wp-json\/wp\/v2\/comments?post=1761"}],"version-history":[{"count":0,"href":"https:\/\/ownpowr.com\/et\/wp-json\/wp\/v2\/pages\/1761\/revisions"}],"wp:attachment":[{"href":"https:\/\/ownpowr.com\/et\/wp-json\/wp\/v2\/media?parent=1761"}],"curies":[{"name":"wp","href":"https:\/\/api.w.org\/{rel}","templated":true}]}}