{"id":1763,"date":"2023-08-31T23:36:56","date_gmt":"2023-08-31T21:36:56","guid":{"rendered":"https:\/\/ownpowr.com\/?page_id=1763"},"modified":"2023-09-11T16:06:47","modified_gmt":"2023-09-11T14:06:47","slug":"terms-and-conditions","status":"publish","type":"page","link":"https:\/\/ownpowr.com\/et\/tingimused\/","title":{"rendered":"Tingimused"},"content":{"rendered":"<p><strong>Portaalid: www.ownpowr.com<\/strong><\/p><h3 class=\"wp-block-heading\"><strong>Artikkel 1. Kohaldatavus<\/strong><\/h3><p>1.1 K\u00e4esolevaid \u00fcldtingimusi kohaldatakse k\u00f5igi Blauhoffi pakkumiste ja k\u00f5igi Blauhoffiga s\u00f5lmitud lepingute suhtes, mida Blauhoff teeb kaubanime \"Blauhoff\" all.<\/p><p>1.2 K\u00e4esolevate \u00fcldtingimuste s\u00e4tetest v\u00f5ib k\u00f5rvale kalduda ainult juhul, kui selles on selges\u00f5naliselt kirjalikult kokku lepitud, millisel juhul j\u00e4\u00e4vad k\u00e4esolevate tingimuste \u00fclej\u00e4\u00e4nud s\u00e4tted t\u00e4ielikult kehtima.<\/p><p>1.3 Kui ostja viitab ka oma \u00fcldtingimustele, ei kohaldata neid tingimusi, v\u00e4lja arvatud juhul, kui Blauhoff on sellega selges\u00f5naliselt kirjalikult n\u00f5ustunud.<\/p><p>1.4 \"Ostja\" - iga veebilehe k\u00fclastaja v\u00f5i f\u00fc\u00fcsiline v\u00f5i juriidiline isik, kes on v\u00f5i hakkab olema Blauhoffiga mis tahes lepingulises suhtes.<\/p><p>1.5 Blauhoffil on \u00f5igus kasutada ostjaga s\u00f5lmitud lepingu t\u00e4itmisel kolmandaid isikuid. 1.6 Blauhoff j\u00e4tab endale \u00f5iguse neid tingimusi aeg-ajalt muuta v\u00f5i t\u00e4iendada. <\/p><h3 class=\"wp-block-heading\"><strong>Artikkel 2. Pakkumised ja lepingute s\u00f5lmimine<\/strong><\/h3><p>2.1 Pakkumisi v\u00f5i hinnapakkumisi tuleks k\u00e4sitleda kui kutset potentsiaalsetele ostjatele pakkumise tegemiseks. Blauhoff ei ole sellega kuidagi seotud, v\u00e4lja arvatud juhul, kui see on kirjalikult ja \u00fcheselt m\u00f5istetavalt fikseeritud. Potentsiaalse Ostja poolt pakkumise tegemise kutse vastuv\u00f5tmine kujutab endast pakkumist ja toob kaasa lepingu s\u00f5lmimise ainult siis, kui muud k\u00e4esoleva artikli s\u00e4tted on t\u00e4idetud.<\/p><p>2.2 Pakkumised kehtivad seni, kuni varusid j\u00e4tkub.<\/p><p>2.3 Registreeritud hinnapakkumine kehtib kaks (2) n\u00e4dalat, kui hinnapakkumises ei ole m\u00e4rgitud muud t\u00e4htaega.<\/p><p>2.4 Potentsiaalse Ostja poolt artiklis 2.1 nimetatud pakkumine loetakse tehtuks mis tahes j\u00e4rgmistel asjaoludel:<\/p><p>- potentsiaalne ostja on t\u00e4psustanud, millist toodet ja\/v\u00f5i teenust ta soovib saada;<\/p><p>- Ostja on pakkumisele alla kirjutanud ja Blauhoff on selle k\u00e4tte saanud, kui Blauhoff on teinud nimelise pakkumise;<\/p><p>- Potentsiaalne ostja on sisestanud oma andmed veebilehe asjakohasele sisestusekraanile ja saatnud vastavad andmed (\"tellimisvorm\") Blauhoffile elektrooniliselt ning Blauhoff on need andmed k\u00e4tte saanud.<\/p><p>2.5 Leping s\u00f5lmitakse hetkel, mil Ostjale antakse \u00fcle tellimuse kinnitus v\u00f5i, kui pakkumine on tehtud veebilehe kaudu, saadetakse see e-postiga Ostja esitatud e-posti aadressile. Blauhoff v\u00f5ib selle lepingu t\u00fchistada, kui Ostja ei t\u00e4ida v\u00f5i ei ole varem t\u00e4itnud tingimusi. Sellisel juhul teavitab Blauhoff sellest Ostjat k\u00fcmne (10) p\u00e4eva jooksul alates tellimuse k\u00e4ttesaamisest.<\/p><p>2.6 Ostja ja Blauhoff lepivad selges\u00f5naliselt kokku, et elektrooniliste sidevahendite kasutamisel s\u00f5lmitakse kehtiv leping kohe, kui artiklites 2.4 ja 2.5 s\u00e4testatud tingimused on t\u00e4idetud. Eelk\u00f5ige ei m\u00f5juta isegi tavalise allkirja puudumine pakkumise ja selle vastuv\u00f5tmise siduvat j\u00f5udu. Blauhoffi elektroonilised failid on siinkohal seadusega lubatud ulatuses t\u00f5enduseks.<\/p><p>2.7 K\u00f5iki pakkumisi ja toodete olulisemaid omadusi puudutav teave, pildid, suuliselt, telefoni v\u00f5i e-posti teel esitatud teated, avaldused jne on esitatud v\u00f5i tehtud v\u00f5imalikult t\u00e4pselt. Blauhoff ei garanteeri siiski, et k\u00f5ik pakkumised ja tooted vastavad t\u00e4ielikult esitatud teabele jne. P\u00f5him\u00f5tteliselt ei saa k\u00f5rvalekalded olla p\u00f5hjuseks h\u00fcvitise maksmiseks ja\/v\u00f5i t\u00fchistamiseks.<\/p><h3 class=\"wp-block-heading\"><strong>Artikkel 3. Hinnad<\/strong><\/h3><p>3.1 K\u00f5ik hinnad on v\u00e4ljendatud eurodes, kui ei ole kokku lepitud teisiti, vastavalt sellekohastele \u00f5igusaktidele.<\/p><p>3.2 Eripakkumised kehtivad ainult seni, kuni varusid j\u00e4tkub.<\/p><p>3.3 Ostja v\u00f5lgneb hinna, mille Blauhoff on talle oma kinnituses teatanud vastavalt k\u00e4esolevate tingimuste artiklile 2.5. Ilmsed (manipuleerimis)vead hinnapakkumises, n\u00e4iteks ilmsed ebat\u00e4psused, v\u00f5ivad ilmneda ka p\u00e4rast lepingu s\u00f5lmimist Blauhoffi poolt, mida parandatakse.<\/p><p>3.4 Tarnekulud ei sisaldu hinnas. V\u00e4ljaspool Madalmaid kehtivad eritariifid. Teatavate makseviiside puhul kehtivad t\u00e4iendavad tingimused seoses tarneviisi ja sellega seotud kuludega. Sellest teatatakse ostjale selgelt.<\/p><p>3.5 Kui p\u00e4rast hinnapakkumise kuup\u00e4eva suureneb \u00fcks v\u00f5i mitu omahinna tegurit, isegi kui see toimub prognoositavate asjaolude t\u00f5ttu, on Blauhoffil \u00f5igus vastavalt suurendada kokkulepitud hinda. Kui hinnat\u00f5us toimub kolme kuu jooksul p\u00e4rast pakkumuse s\u00f5lmimist.<\/p><p>tarbija v\u00f5ib lepingu 10 p\u00e4eva jooksul \u00fcles \u00f6elda, v\u00e4lja arvatud juhul, kui hinnat\u00f5us tuleneb tarnija seadusest tulenevast volitusest v\u00f5i kohustusest v\u00f5i kui on ette n\u00e4htud, et tarne toimub rohkem kui kolm kuud p\u00e4rast ostu sooritamist.<\/p><h3 class=\"wp-block-heading\"><strong>Artikkel 4. Maksmine<\/strong><\/h3><p>4.1 Tellimusi v\u00f5ib tasuda j\u00e4rgmistel viisidel:<\/p><p>-eelarvega v\u00f5i panga\u00fclekandega ja ideaalis, tellitud kaup saadetakse p\u00e4rast makse laekumist;<\/p><p>- Tellimuse k\u00e4ttesaamisel saab maksta pini v\u00f5i sularahaga ;<\/p><p>- Blauhoff v\u00f5ib tulevikus laiendada maksev\u00f5imalusi. Muudest maksev\u00f5imalustest teavitatakse Interneti-saidi kaudu.<\/p><p>4.2 Kui Blauhoff on kokku leppinud makset\u00e4htaja, satub ostja juba selle t\u00e4htaja m\u00f6\u00f6dumisel makseviivitusse. Maksetingimustes saab kokku leppida ainult kirjalikult tingimustel, mis m\u00e4\u00e4ratakse ja lepitakse kokku sel ajal.<\/p><p>4.3 Kui Ostja ei maksa v\u00f5i viivitab makseid, tuleb tasumata summalt tasuda seadusj\u00e4rgsed intressid hiljemalt p\u00e4evast, mil makse oleks pidanud toimuma, kuni t\u00e4ieliku tasumise p\u00e4evani, kusjuures alanud kuu loetakse terveks kuuks.<\/p><p>4.4 Ostja kannab ka k\u00f5ik kohtuv\u00e4lised ja kohtulikud sissen\u00f5udmiskulud, mida Blauhoff kannab seoses sellega, et Ostja ei ole oma (makse)kohustusi t\u00e4itnud. Ostja poolt makstavad kohtuv\u00e4lised sissen\u00f5udmiskulud on v\u00e4hemalt 15% v\u00f5lgnetavast summast ja mitte kunagi suuremad kui maksimaalselt lubatud sissen\u00f5udmiskulud. Toodete ja\/v\u00f5i teenuste tarnimise v\u00f5ib peatada kuni arve tasumiseni.<\/p><p>4.5 T\u00e4htaegse makse tegemata j\u00e4tmise korral on Blauhoffil \u00f5igus leping viivitamatult l\u00f5petada v\u00f5i peatada (edasine) tarne, kuni ostja on maksekohustuse t\u00e4ielikult t\u00e4itnud, sealhulgas tasunud intressid ja tasumisele kuuluvad kulud.<\/p><p>4.6 Kui Ostja ei t\u00e4ida oma maksekohustusi v\u00f5i tal on makseraskusi, on Blauhoffil \u00f5igus ka ilma eelneva sissen\u00f5udmiseta ja\/v\u00f5i makseh\u00e4irete teatamiseta. Leping tagasi v\u00f5tta ja l\u00f5petada. Ostja annab Blauhoffile loa toodete tagasiv\u00f5tmiseks, vajadusel eemaldamiseks ja tagasiv\u00f5tmiseks ning Ostja annab Blauhoffile selleks k\u00f5ik v\u00f5imalused. See n\u00f5usolek h\u00f5lmab ka olukorda, kus \u00fchinemine v\u00f5i midagi sellist oleks toimunud. Toodete k\u00f5rvaldamine toimub ostja kulul. Kui tooted k\u00f5rvaldatakse, ei ole Blauhoff kohustatud ostjale toodete eest maksma. Toote paigaldatud torud, liitmikud jne ja\/v\u00f5i tehtud ehituslikud kokkulepped t\u00fchistatakse.<\/p><h3 class=\"wp-block-heading\"><strong>Artikkel 5. Tarne ja tarneaeg<\/strong><\/h3><p>5.1 Tellimused toimetatakse kohale nii kiiresti kui v\u00f5imalik. P\u00f5him\u00f5tteliselt p\u00fc\u00fcab Blauhoff saata tellimusi viie t\u00f6\u00f6p\u00e4eva jooksul. Hilisem tarneaeg on 60 p\u00e4eva p\u00e4rast tellimuse k\u00e4ttesaamist, v\u00e4lja arvatud ettemaksete puhul, mille puhul on hilisem tarneaeg 40 p\u00e4eva p\u00e4rast makse laekumist. Nimetatud tarneaeg on ainult soovituslik ja mitte kunagi t\u00e4htaeg. M\u00f5ne toote, eelk\u00f5ige p\u00e4ikesepaneelis\u00fcsteemide puhul v\u00f5ivad tarneajad ja turuhinnad siiski suuresti erineda, s\u00f5ltuvalt praegusest \u00fclemaailmsest pakkumisest ja n\u00f5udlusest. Blauhoff teatab muutunud tarneaegadest niipea kui v\u00f5imalik. Blauhoff v\u00f5ib anda t\u00e4iendavat teavet tarneaegade kohta veebilehel v\u00f5i muul viisil kirjalikult. Selline teave on \u00fcksnes soovituslik.<\/p><p>5.2 Kui Ostja tellib toote, mis on ajutiselt otsas, teatatakse, millal toode on taas saadaval. Blauhoff p\u00fc\u00fcab Ostjat viivitustest teavitada kolme t\u00f6\u00f6p\u00e4eva jooksul e-posti v\u00f5i telefoni teel.<\/p><p>5.3 L\u00e4hetatud tellimuste tarned toimuvad Ostja poolt lepingu s\u00f5lmimisel esitatud aadressile.<\/p><p>5.4 Kui tarnitavad tooted on tarnitud m\u00e4\u00e4ratud tarneaadressile, l\u00e4heb risk nende toodete puhul \u00fcle Ostjale. Tarnete puhul, mida ostja v\u00f5tab vastu, l\u00e4heb risk nende toodete puhul \u00fcle ostjale \u00fcleandmise ajal, kuid igal juhul enne laadimist.<\/p><p>5.5 Tarned v\u00f5ivad praktilistel p\u00f5hjustel toimuda osade kaupa. 5.6 V\u00e4lismaale tarnimise suhtes v\u00f5ivad kehtida erinevad tingimused. <\/p><h3 class=\"wp-block-heading\"><strong>Artikkel 6. Vahetused<\/strong><\/h3><p>6.1 Ostja on kohustatud tooteid kohe p\u00e4rast k\u00e4ttesaamist hoolikalt kontrollima (v\u00f5i kontrollima) ning teatama viivitamatult k\u00f5ikidest puudustest v\u00f5i kahjustustest. Transpordikahjustustest tuleb viivitamatult teatada ka asjaomasele vedajale. Tarkvara v\u00f5i sarnaseid tooteid v\u00f5ib vahetada ainult 3 p\u00e4eva jooksul ja ainult originaalpakendis, mille pitser ei ole purunenud. Vahetamine on v\u00f5imalik ainult originaalarve esitamisel.<\/p><h3 class=\"wp-block-heading\"><strong>Artikkel 7. Rahulolu tagamine ja taganemis\u00f5igus<\/strong><\/h3><p>7.1 Tarbijal-ostjal on \u00f5igus kasutada taganemis\u00f5igust ilma trahvi v\u00f5i selgituseta 14 t\u00f6\u00f6p\u00e4eva jooksul alates kauba k\u00e4ttesaamisest. Sellest taganemis\u00f5igusest on v\u00e4lja j\u00e4etud spetsiaalselt tellitud ja kokkupandud tooted (peaaegu alati p\u00e4ikesepaneelis\u00fcsteemide puhul) ning tarkvara v\u00f5i muud tooted, mille pitser on rikutud. Tarbija-ostja vastutab tagastatud toodete kahjustuste eest, isegi kui need on p\u00f5hjustatud tagastustranspordist.<\/p><p>7.2 Kui tarbija-ostja on kasutanud eelmises punktis nimetatud taganemis\u00f5igust, tagab Blauhoff tarbija-ostja poolt makstud summa tagastamise Blauhoffile 14 p\u00e4eva jooksul.<\/p><p>7.3 Toote tagastamise kulud kannab tarbija-ostja.<\/p><h3 class=\"wp-block-heading\"><strong>Artikkel 8. Omandi\u00f5iguse s\u00e4ilitamine<\/strong><\/h3><p>8.1 Toodete omandi\u00f5igus, olenemata tegelikust tarnimisest, ei l\u00e4he ostjale \u00fcle enne, kui ostja on t\u00e4ielikult tasunud k\u00f5ik, mis ostja on Blauhoffiga s\u00f5lmitud lepinguga seoses v\u00f5lgu, kaasa arvatud intresside ja kulude tasumine, sealhulgas eelmiste v\u00f5i hilisemate tarnete ja k\u00f5igi toodetega seoses tehtud v\u00f5i tehtavate t\u00f6\u00f6de eest.<\/p><p>8.2 Ostja ei tohi tooteid enne omandi\u00f5iguse \u00fcleminekut koormata, m\u00fc\u00fca, edasi m\u00fc\u00fca, v\u00f5\u00f5randada ega muul viisil koormata.<\/p><h3 class=\"wp-block-heading\"><strong>Artikkel 9. Paigaldamine ja paigaldamine<\/strong><\/h3><p>9.1 Toode paigaldatakse ja \u00fchendatakse Ostja poolt, v\u00e4lja arvatud juhul, kui on kokku lepitud, et toote paigaldamise teostab Blauhoff.<\/p><p>9.2 Ostja vastutab Blauhoffi ees k\u00f5igi monteeritava toote paigutamiseks ja\/v\u00f5i toote n\u00f5uetekohase toimimise eest monteeritud kujul vajalike kinnitusdetailide, s\u00e4tete v\u00f5i tingimuste \u00f5igeaegse rakendamise eest.<\/p><p>9.3 Olenemata eelnevatest s\u00e4tetest peab Ostja Blauhoffi teenuste osutamise korral igal juhul omal kulul ja riisikol tagama, et:<\/p><p>a) Blauhoffi v\u00f5i tema poolt palgatud kolmanda isiku t\u00f6\u00f6tajad saavad kohe, kui nad j\u00f5uavad paigalduskohale, juurdep\u00e4\u00e4su ja v\u00f5ivad alustada ja j\u00e4tkata t\u00f6\u00f6d tavalise t\u00f6\u00f6aja jooksul ning lisaks sellele, kui Blauhoff peab seda vajalikuks, ka v\u00e4ljaspool tavalist t\u00f6\u00f6aega, tingimusel et ta on Ostjat \u00f5igeaegselt teavitanud.<\/p><p>(b) juurdep\u00e4\u00e4suteed paigalduskohale sobivad vajaliku transpordi jaoks. (c) m\u00e4\u00e4ratud paigalduskoht on ladustamiseks ja monteerimiseks sobiv.<\/p><p>(d) k\u00f5ik vajalikud ohutus- ja ettevaatusabin\u00f5ud on v\u00f5etud ja neid j\u00e4rgitakse ning et k\u00f5ik meetmed on v\u00f5etud ja neid j\u00e4rgitakse, et j\u00e4rgida kohaldatavaid valitsuse m\u00e4\u00e4rusi kokkupaneku\/paigaldamise kontekstis.<\/p><p>(e) toote paigutuskohas ei ole asbesti.<\/p><p>f) vajaduse korral tagab Ostja, et Blauhoffil on \u00f5igeaegselt juurdep\u00e4\u00e4s Teenuste osutamiseks vajalikele koosk\u00f5lastustele ja lubadele, samuti andmetele, mida Ostja peab seoses Teenuste osutamisega esitama.<\/p><p>9.4 Ostja peab tagama, et teiste isikute poolt teostatavad t\u00f6\u00f6d ja\/v\u00f5i tarned, mis ei ole osa Blauhoffi v\u00f5i tema poolt kaasatud kolmanda isiku poolt teostatavatest montaa\u017ei-\/paigaldust\u00f6\u00f6dest, teostatakse nii ja \u00f5igeaegselt, et t\u00f6\u00f6de teostamine Blauhoffi poolt v\u00f5i Blauhoffi nimel ei hiline. Kui siiski tekib viivitus k\u00e4esoleva l\u00f5ike t\u00e4henduses, peab ostja sellest Blauhoffi \u00f5igeaegselt teavitama.<\/p><p>9.5 Kahju ja kulud, mis on tekkinud seet\u00f5ttu, et k\u00e4esolevas artiklis s\u00e4testatud tingimusi ei ole t\u00e4idetud v\u00f5i ei ole \u00f5igeaegselt t\u00e4idetud, kannab ostja.<\/p><p>9.6 Ostja kannab riski kahju eest, mis tuleneb: ebat\u00e4psustest antud teabes ja\/v\u00f5i t\u00f6\u00f6\u00fclesannetes; ebat\u00e4psustest ostja poolt n\u00f5utud konstruktsioonides ja t\u00f6\u00f6meetodites; puudustest ostja poolt k\u00e4ttesaadavaks tehtud materjalides v\u00f5i ressurssides; puudustest vallas- v\u00f5i kinnisvaras, mille suhtes t\u00f6\u00f6d teostatakse.<\/p><p>9.7 Blauhoff teeb k\u00f5ik endast oleneva, et osutada teenuseid \u00f5igeaegselt. Blauhoff ei vastuta otseste ega kaudsete kahjude eest, kui ta ei suuda teenuseid \u00f5igeaegselt osutada.<\/p><p>9.8 Blauhoff p\u00fc\u00fcab osutada oma teenuseid hea t\u00f6\u00f6v\u00f5tjana.<\/p><p>9.9 Lisat\u00f6\u00f6de korral on Blauhoffil \u00f5igus n\u00f5uda Ostjalt tasu. Blauhoff teatab lisat\u00f6\u00f6dest v\u00f5imaluse korral Ostjale v\u00f5imalikult varakult. Ostja loetakse olevat n\u00f5us lisat\u00f6\u00f6de teostamisega, sellega seotud kuludega ja vajaduse korral kohandatud tarneajaga, kui ostja ei esita vastuv\u00e4iteid enne lisat\u00f6\u00f6de teostamise alustamist ja igal juhul viie p\u00e4eva jooksul p\u00e4rast Blauhoffi eespool nimetatud teatamist.<\/p><h3 class=\"wp-block-heading\"><strong>Artikkel 10. Garantii ja vastutus<\/strong><\/h3><p>10.1 Blauhoffi tarnitud toodete garantii m\u00e4\u00e4rab kindlaks k\u00f5nealuse toote tootja. Kui see regulatsioon on tarbija-ostja jaoks ebasoodne v\u00f5rreldes \u00f5igustega, mida tarbija-ostja saab Blauhoffi vastu seaduse ja kauglepingu alusel rakendada, siis kehtivad v\u00e4hemalt seaduse ja kauglepingu kohased \u00f5igused. Praktikas t\u00e4hendab see, et tarbijal-ostjal on \u00f5igus ostu tasuta parandamisele v\u00f5i asendamisele v\u00e4hemalt 2 aasta jooksul, kui tegemist on tema s\u00fc\u00fcst tingitud defektiga.<\/p><p>10.2 Blauhoff ei ole kunagi kohustatud ostjale v\u00f5i teistele isikutele h\u00fcvitist maksma, v\u00e4lja arvatud juhul, kui Blauhoffi poolt on tegemist tahtliku v\u00f5i raske hooletusega. Blauhoff ei vastuta kunagi kaudse v\u00f5i kaubandusliku kahju, kaudse kahju ja saamata j\u00e4\u00e4nud kasumi v\u00f5i k\u00e4ibe eest.<\/p><p>10.3 Blauhoffi vastutus kahju eest ei \u00fcleta kunagi kahju p\u00f5hjustanud toote v\u00f5i teenuse arvele m\u00e4rgitud v\u00e4\u00e4rtust.<\/p><p>10.4 Olenemata k\u00e4esoleva artikli s\u00e4tetest ei saa garantiid anda, kui kulumist v\u00f5ib pidada normaalseks ja lisaks j\u00e4rgmistel juhtudel:<\/p><p>-kui tootes on tehtud mis tahes muudatusi, sealhulgas parandusi, mis ei ole tehtud Blauhoffi v\u00f5i tootja n\u00f5usolekul;<\/p><p>-kui originaalarve ei ole v\u00f5imalik esitada, seda on muudetud v\u00f5i see on muutunud loetamatuks; -kui defektid on tingitud eba\u00f5igest v\u00f5i mittesobivast kasutamisest;<\/p><p>-kui kahju on tekkinud v\u00e4liste p\u00f5hjuste v\u00f5i m\u00f5jude t\u00f5ttu;<\/p><p>-kui kahju on p\u00f5hjustatud tahtlikult, raske hooletuse v\u00f5i hooletu hoolduse t\u00f5ttu.<\/p><p>10.5 Ostja on kohustatud h\u00fcvitama Blauhoffile k\u00f5ik n\u00f5uded, mida kolmandad isikud v\u00f5ivad Blauhoffi vastu esitada seoses lepingu t\u00e4itmisega, niiv\u00f5rd kui seadus ei takista vastavate kahjude ja kulude kandmist ostja poolt.<\/p><p>10.6 Blauhoff v\u00f5ib oma veebilehel lisada linke teistele veebilehtedele, mis v\u00f5ivad olla k\u00fclastajale huvipakkuvad v\u00f5i informatiivsed. Sellised lingid on puhtalt informatiivsed. Blauhoff ei vastuta viidatud veebilehe sisu ega selle kasutamise eest.<\/p><h3 class=\"wp-block-heading\"><strong>Artikkel 11. V\u00e4\u00e4ramatu j\u00f5ud<\/strong><\/h3><p>11.1 V\u00e4\u00e4ramatu j\u00f5u korral ei ole Blauhoff kohustatud t\u00e4itma oma kohustusi Ostja ees v\u00f5i on kohustus peatatud v\u00e4\u00e4ramatu j\u00f5u kestuse ajaks.<\/p><p>11.2 V\u00e4\u00e4ramatu j\u00f5ud on m\u00e4\u00e4ratletud kui mis tahes asjaolud, mis ei s\u00f5ltu tema tahtest ja mis takistavad k\u00f5igi v\u00f5i osa tema kohustuste t\u00e4itmist Ostja ees. Sellisteks asjaoludeks on n\u00e4iteks streigid, tulekahjud, \u00e4ritegevuse h\u00e4ired, energiakatkestused, tarnijate v\u00f5i muude kaasatud kolmandate isikute tarnimata j\u00e4tmine v\u00f5i hilinenud tarne ning valitsuse loa puudumine. V\u00e4\u00e4ramatu j\u00f5ud h\u00f5lmab ka (telekommunikatsiooni-)v\u00f5rgu v\u00f5i \u00fchenduse v\u00f5i kasutatud sides\u00fcsteemide rikkeid ja\/v\u00f5i Interneti-saidi mittek\u00e4ttesaadavust mis tahes ajal.<\/p><h3 class=\"wp-block-heading\"><strong>Artikkel 12. Intellektuaalne omand<\/strong><\/h3><p>12.1 Ostja tunnistab selges\u00f5naliselt, et k\u00f5ik kuvatud teabe, teatiste v\u00f5i muude toodete ja\/v\u00f5i internetilehek\u00fcljega seotud v\u00e4ljendite intellektuaalomandi \u00f5igused kuuluvad Blauhoffile, tema tarnijatele v\u00f5i muudele n\u00f5ude esitajatele.<\/p><p>12.2 Intellektuaalomandi \u00f5igused - patendi-, autori-, kaubam\u00e4rgi-, disainilahenduse ja mudeli\u00f5igused ja\/v\u00f5i muud (intellektuaalomandi) \u00f5igused, sealhulgas patendik\u00f5lblikud \u00f5igused<\/p><p>Tehniline ja\/v\u00f5i kaubanduslik oskusteave, meetodid ja kontseptsioonid.<\/p><p>12.3 Ostjal on keelatud k\u00e4esolevas artiklis kirjeldatud intellektuaalomandi \u00f5iguste kasutamine, sealhulgas muutmine, n\u00e4iteks reprodutseerimine, ilma Blauhoffi, tema tarnijate v\u00f5i teiste \u00f5igustatud isikute eelneva kirjaliku loata, v\u00e4lja arvatud juhul, kui see on puhtalt isiklikuks kasutamiseks seoses toote endaga.<\/p><h3 class=\"wp-block-heading\"><strong>Artikkel 13. Isikuandmed<\/strong><\/h3><p>13.1 Blauhoff t\u00f6\u00f6tleb Ostja andmeid ainult vastavalt oma privaatsuspoliitikale. 13.2 Blauhoff j\u00e4rgib kehtivaid privaatsusn\u00f5udeid ja \u00f5igusakte. <\/p><h3 class=\"wp-block-heading\"><strong>Artikkel 14. Kohaldatav \u00f5igus ja p\u00e4devus <\/strong>kohus<\/h3><p>14.1 K\u00f5ikide pakkumiste ja lepingute suhtes kohaldatakse eranditult Madalmaade \u00f5igust.<br>14.2 Viini m\u00fc\u00fcgikonventsiooni kohaldamine on s\u00f5naselgelt v\u00e4listatud.<\/p><p>14.3 K\u00f5ik vaidlused, mis on seotud Blauhoffi pakkumistega v\u00f5i Blauhoffiga s\u00f5lmitud lepingutega v\u00f5i tulenevad neist, esitatakse Madalmaade Zwolle p\u00e4devale kohtule, v\u00e4lja arvatud juhul, kui seadusega on s\u00f5naselgelt m\u00e4\u00e4ratud p\u00e4devaks m\u00f5ni muu kohus.<\/p><h3 class=\"wp-block-heading\"><strong>Artikkel 15. Mitmesugused<\/strong><\/h3><p>15.1 Blauhoff BV asub aadressil Heemstraweg 123, 6651 KH, Druten ja on registreeritud kaubanduskoja juures numbri all. 83845577. Palun saatke kogu kirjavahetus seoses lepingu v\u00f5i k\u00e4esolevate tingimustega Blauhoffile \u00fclaltoodud aadressil v\u00f5i veebilehel m\u00e4rgitud e-posti aadressil.<\/p><p>15.2 Blauhoff p\u00fc\u00fcab vastata talle saabunud e-kirjadele hiljemalt viie t\u00f6\u00f6p\u00e4eva jooksul.<\/p><h3 class=\"wp-block-heading\"><strong>Artikkel 16. Osta k\u00e4ibemaksuvabalt Hollandis ja Saksamaal<\/strong><\/h3><p>16.1 Madalmaades ja Saksamaal pakutakse teatavaid tooteid nulltariifiga. See nn nulltariif kehtib ainult siis, kui p\u00e4ikesepaneelid (inverter ja akud) on paigaldatud (eramu v\u00f5i kodu k\u00f5rvalhoonete, n\u00e4iteks ait, peale.<\/p><p>Tingimused Blauhoff 11-09-2023<\/p>","protected":false},"excerpt":{"rendered":"<p>Portaalid: www.ownpowr.com Artikkel 1. Kohaldatavus 1.1. K\u00e4esolevaid \u00fcldtingimusi kohaldatakse k\u00f5igi Blauhoff pakkumiste suhtes, millega kaupleb kaubam\u00e4rgi \"Blauhoff\" all, ja k\u00f5igi lepingute suhtes, mis on s\u00f5lmitud [...]<\/p>","protected":false},"author":1,"featured_media":0,"parent":0,"menu_order":0,"comment_status":"closed","ping_status":"closed","template":"","meta":{"_seopress_robots_primary_cat":"","_seopress_titles_title":"","_seopress_titles_desc":"","_seopress_robots_index":"","_kad_blocks_custom_css":"","_kad_blocks_head_custom_js":"","_kad_blocks_body_custom_js":"","_kad_blocks_footer_custom_js":"","footnotes":""},"class_list":["post-1763","page","type-page","status-publish"],"taxonomy_info":[],"featured_image_src_large":false,"author_info":{"display_name":"job-39sj@s9jal019","author_link":"https:\/\/ownpowr.com\/et\/author\/job-39sjs9jal019\/"},"comment_info":0,"_links":{"self":[{"href":"https:\/\/ownpowr.com\/et\/wp-json\/wp\/v2\/pages\/1763","targetHints":{"allow":["GET"]}}],"collection":[{"href":"https:\/\/ownpowr.com\/et\/wp-json\/wp\/v2\/pages"}],"about":[{"href":"https:\/\/ownpowr.com\/et\/wp-json\/wp\/v2\/types\/page"}],"author":[{"embeddable":true,"href":"https:\/\/ownpowr.com\/et\/wp-json\/wp\/v2\/users\/1"}],"replies":[{"embeddable":true,"href":"https:\/\/ownpowr.com\/et\/wp-json\/wp\/v2\/comments?post=1763"}],"version-history":[{"count":0,"href":"https:\/\/ownpowr.com\/et\/wp-json\/wp\/v2\/pages\/1763\/revisions"}],"wp:attachment":[{"href":"https:\/\/ownpowr.com\/et\/wp-json\/wp\/v2\/media?parent=1763"}],"curies":[{"name":"wp","href":"https:\/\/api.w.org\/{rel}","templated":true}]}}