{"id":22,"date":"2023-08-25T18:52:26","date_gmt":"2023-08-25T16:52:26","guid":{"rendered":"https:\/\/ownpowr.com\/?page_id=22"},"modified":"2023-09-11T14:43:48","modified_gmt":"2023-09-11T12:43:48","slug":"refund-returns","status":"publish","type":"page","link":"https:\/\/ownpowr.com\/et\/tagasimaksed-poordumised\/","title":{"rendered":"Tagasimakse- ja tagastamispoliitika"},"content":{"rendered":"<p>Toodete tarneaeg on m\u00e4rgitud iga toote juures.<br>V\u00e4ikesed materjalid, mida saab saata pakiautomaadiga, toimetame tavaliselt 1-2 p\u00e4eva jooksul kohale.<br><br>Kui kaal v\u00f5i suurus ei sobi pakiautoposti jaoks, toimetatakse materjalid kohale veoautoga. Lepime teiega eelnevalt kokku, millisel p\u00e4eval saate materjalid k\u00e4tte.<br><br>Tarnep\u00e4eval saate eeldatava tarneaja hommikul, see on soovituslik aeg.<\/p><h3 class=\"wp-block-heading\"><strong>Tarneaeg<\/strong><\/h3><ul class=\"wp-block-list\"><li>Pakiautomaadid 1-2 p\u00e4eva<\/li>\n\n<li>Paneelide ja paigaldusmaterjali 1-4 p\u00e4eva saatmiskulud arvutatakse vastavalt ostukorvi sisule. Kui panete k\u00f5ik materjalid ostukorvi, n\u00e4ete, kui palju on saatmiskulud. Tegelikud saatmiskulud on oluliselt suuremad.<\/li><\/ul><ul class=\"wp-block-list\"><li>Pakendipost kuni 23 kg 8,95 \u20ac<\/li>\n\n<li>Pakendipost kuni 30 kg 12,50 \u20ac.<\/li>\n\n<li>Veoautotransport, vahemikus 25-85 eurot, n\u00e4idatakse ostukorvis. <strong>Tagastamine \/ taganemis\u00f5igus<\/strong> Teil on \u00f5igus t\u00fchistada oma tellimus kuni 14 p\u00e4eva p\u00e4rast selle k\u00e4ttesaamist ilma p\u00f5hjendusi esitamata. Kui olete tellinud teenuse, n\u00e4iteks p\u00e4ikesepaneelide paigaldamise. Taganemis\u00f5igus l\u00f5peb 14 p\u00e4eva p\u00e4rast tellimuse kinnitamist. Teil on p\u00e4rast t\u00fchistamist veel 14 p\u00e4eva aega toote tagastamiseks. Seej\u00e4rel tagastatakse teile kogu tellimuse summa, sealhulgas saatmiskulud. Ainult tagastamiskulud teie kodust veebipoodi on teie enda kanda. Kui te kasutate oma taganemis\u00f5igust, tagastatakse toode ettev\u00f5tjale koos k\u00f5igi tarnitud tarvikutega ning algses seisukorras ja originaalpakendis. Selle \u00f5iguse kasutamiseks v\u00f5tke meiega \u00fchendust aadressil info@ownpowr.com. Seej\u00e4rel tagastame teile 14 p\u00e4eva jooksul p\u00e4rast teie tagastamisest teavitamist tasumisele kuuluva tellimuse summa, tingimusel, et toode on juba n\u00f5uetekohaselt k\u00e4tte saadud. Tagastamise aadress:<br>Tagastatav arve Blauhoff BV, Heemstraweg 123, 6651 KH, Druten<\/li><\/ul><h3 class=\"wp-block-heading\"><strong>Tagasi makse<\/strong><\/h3><p>P\u00e4rast taganemis\u00f5iguse kasutamist saate k\u00f5ik maksed, sealhulgas tarnekulud, tagasi neljateistk\u00fcmne p\u00e4eva jooksul. Tagasisaatmise kulud kannate ise.<\/p><h3 class=\"wp-block-heading\"><strong>Taganemis\u00f5iguse v\u00e4listamine<\/strong><\/h3><ul class=\"wp-block-list\"><li>Kohandatud v\u00f5i komposiittooted<\/li>\n\n<li>Tarvikud ja paigaldusmaterjalid.<\/li>\n\n<li>Juba tehtud paigaldust\u00f6\u00f6d<\/li>\n\n<li>Ettev\u00f5tete kliendid <strong>Kollektsioon<\/strong> Te esitate tellimuse eelnevalt meie veebipoes ja valite kauba k\u00e4ttesaamise v\u00f5imaluse. Kui oleme tellimuse t\u00f6\u00f6delnud, saate kinnitava e-kirja. Selles teatatakse teile, millal saate tellimuse k\u00e4tte. Tellimuse k\u00e4ttesaamine on v\u00f5imalik esmasp\u00e4evast reedeni kell 9-16. Veebipoes tuleb eelnevalt tasuda.<\/li><\/ul>","protected":false},"excerpt":{"rendered":"<p>Toodete tarneaeg on m\u00e4rgitud iga toote juures.V\u00e4ikesed materjalid, mida saab saata postipakiga, toimetame tavaliselt 1-2 p\u00e4eva jooksul. Kui kaal v\u00f5i suurus [...]<\/p>","protected":false},"author":1,"featured_media":0,"parent":0,"menu_order":0,"comment_status":"closed","ping_status":"closed","template":"","meta":{"_seopress_robots_primary_cat":"","_seopress_titles_title":"","_seopress_titles_desc":"","_seopress_robots_index":"","_kad_blocks_custom_css":"","_kad_blocks_head_custom_js":"","_kad_blocks_body_custom_js":"","_kad_blocks_footer_custom_js":"","footnotes":""},"class_list":["post-22","page","type-page","status-publish"],"taxonomy_info":[],"featured_image_src_large":false,"author_info":{"display_name":"job-39sj@s9jal019","author_link":"https:\/\/ownpowr.com\/et\/author\/job-39sjs9jal019\/"},"comment_info":0,"_links":{"self":[{"href":"https:\/\/ownpowr.com\/et\/wp-json\/wp\/v2\/pages\/22","targetHints":{"allow":["GET"]}}],"collection":[{"href":"https:\/\/ownpowr.com\/et\/wp-json\/wp\/v2\/pages"}],"about":[{"href":"https:\/\/ownpowr.com\/et\/wp-json\/wp\/v2\/types\/page"}],"author":[{"embeddable":true,"href":"https:\/\/ownpowr.com\/et\/wp-json\/wp\/v2\/users\/1"}],"replies":[{"embeddable":true,"href":"https:\/\/ownpowr.com\/et\/wp-json\/wp\/v2\/comments?post=22"}],"version-history":[{"count":0,"href":"https:\/\/ownpowr.com\/et\/wp-json\/wp\/v2\/pages\/22\/revisions"}],"wp:attachment":[{"href":"https:\/\/ownpowr.com\/et\/wp-json\/wp\/v2\/media?parent=22"}],"curies":[{"name":"wp","href":"https:\/\/api.w.org\/{rel}","templated":true}]}}