{"id":1090,"date":"2023-10-04T16:42:23","date_gmt":"2023-10-04T14:42:23","guid":{"rendered":"https:\/\/ownpowr.com\/product\/lg-chem-resu-6-5-prime\/"},"modified":"2025-02-27T12:49:47","modified_gmt":"2025-02-27T10:49:47","slug":"lg-chem-resu-6-5-prime","status":"publish","type":"product","link":"https:\/\/ownpowr.com\/et\/product\/lg-chem-resu-6-5-prime\/","title":{"rendered":"LG Chem Resu 6.5 PRIME"},"content":{"rendered":"<p>&nbsp;<\/p>\n<p>LG CHEM RESU 6.5 LI-IO 6,5 kWh aku LG CHEM RESU 6.5 LI-IO 6,5 kWh aku<\/p>\n<p>LG Chem ESS elamute energiasalvestuss\u00fcsteem \u00dchildub Sunny Island 3.0M, Sunny Island 4.4M, Sunny Island 6.0 H, SolaX, Sungrow, Schneider, Ingeteam, GoodWe, Redback, Victron Energy.<\/p>\n<p>RESU on intelligentne energialahendus kodumajapidamistele, mis v\u00e4hendab t\u00f5husalt teie elektrikulusid tippude juhtimise kaudu. Koos fotogalvaaniliste s\u00fcsteemidega optimeerib RESU isetoodetud elektrienergia kasutamist, aidates veelgi kaasa kulude kokkuhoiule. Lisaks sellele on RESU ootamatute elektrikatkestuste ajal usaldusv\u00e4\u00e4rne energiaallikas.<\/p>\n<p>RESU 6.5 ESS Storage tehnilised andmed:<\/p>\n<ul>\n<li>Elektriarvete kokkuhoid: T\u00f5hus tippude juhtimine<\/li>\n<li>PV-s\u00fcsteemide puhta energia kasutamine<\/li>\n<li>Usaldusv\u00e4\u00e4rne toiteallikas<\/li>\n<li>Keskkonnas\u00f5bralikud materjalid<\/li>\n<li>Madal hooldus<\/li>\n<\/ul>\n<p>Peamised tehnilised \u00fcksikasjad:<\/p>\n<ul>\n<li>Mudel: RESU 6.5<\/li>\n<li>Energiamaht (kWh): 6.5<\/li>\n<li>Pinge (V): 48<\/li>\n<li>Mahtuvus (Ah): 126<\/li>\n<li>Akujuhtimiss\u00fcsteem (BMS): integreeritud<\/li>\n<li>Kaal (kg): 52<\/li>\n<li>M\u00f5\u00f5tmed (mm): Laius 452, k\u00f5rgus 654, s\u00fcgavus 120<\/li>\n<\/ul>","protected":false},"excerpt":{"rendered":"<p>&nbsp; LG CHEM RESU 6.5 LI-IO 6.5 kWh aku LG Chem ESS elamute energiasalvestuss\u00fcsteem \u00dchildub Sunny Island 3.0M, Sunny Island 4.4M, Sunny Island 6.0 H, SolaX, [...]<\/p>","protected":false},"featured_media":1091,"template":"","meta":{"_seopress_robots_primary_cat":"none","_seopress_titles_title":"LG CHEM RESU 6.5 LI-IO: Smart Energy Solution for Homes","_seopress_titles_desc":"Lower your electricity bill with peak management, enhance self-consumption of self-generated electricity, and enjoy a reliable power source with LG Chem RESU 6.5 ESS storage battery.","_seopress_robots_index":"","_kad_blocks_custom_css":"","_kad_blocks_head_custom_js":"","_kad_blocks_body_custom_js":"","_kad_blocks_footer_custom_js":""},"product_cat":[17],"product_tag":[],"class_list":{"0":"post-1090","1":"product","2":"type-product","3":"status-publish","4":"has-post-thumbnail","6":"product_cat-home-batteries","8":"first","9":"instock","10":"sale","11":"taxable","12":"shipping-taxable","13":"purchasable","14":"product-type-simple"},"taxonomy_info":{"product_cat":[{"value":17,"label":"Home batteries"}]},"featured_image_src_large":["https:\/\/ownpowr.com\/wp-content\/uploads\/2023\/07\/Resu6.5.jpeg",600,540,false],"author_info":[],"comment_info":"","_links":{"self":[{"href":"https:\/\/ownpowr.com\/et\/wp-json\/wp\/v2\/product\/1090","targetHints":{"allow":["GET"]}}],"collection":[{"href":"https:\/\/ownpowr.com\/et\/wp-json\/wp\/v2\/product"}],"about":[{"href":"https:\/\/ownpowr.com\/et\/wp-json\/wp\/v2\/types\/product"}],"wp:featuredmedia":[{"embeddable":true,"href":"https:\/\/ownpowr.com\/et\/wp-json\/wp\/v2\/media\/1091"}],"wp:attachment":[{"href":"https:\/\/ownpowr.com\/et\/wp-json\/wp\/v2\/media?parent=1090"}],"wp:term":[{"taxonomy":"product_cat","embeddable":true,"href":"https:\/\/ownpowr.com\/et\/wp-json\/wp\/v2\/product_cat?post=1090"},{"taxonomy":"product_tag","embeddable":true,"href":"https:\/\/ownpowr.com\/et\/wp-json\/wp\/v2\/product_tag?post=1090"}],"curies":[{"name":"wp","href":"https:\/\/api.w.org\/{rel}","templated":true}]}}