{"id":139,"date":"2023-10-04T16:36:02","date_gmt":"2023-10-04T14:36:02","guid":{"rendered":"https:\/\/ownpowr.com\/product\/byd-b-box-premium-lvs-4-0\/"},"modified":"2025-10-15T14:02:31","modified_gmt":"2025-10-15T12:02:31","slug":"byd-b-box-premium-lvs-4-0","status":"publish","type":"product","link":"https:\/\/ownpowr.com\/et\/product\/byd-b-box-premium-lvs-4-0\/","title":{"rendered":"BYD Battery-Box premium LVS 4.0 kWh Tarne pool\/detsembri l\u00f5pp"},"content":{"rendered":"<p>BYD B-Box premium LVS 4.0<\/p>\n<p>Teave:<br \/>\n- kasutatav v\u00f5imsus: 4.00 kWh<br \/>\n- nimipinge: 51,2 V<br \/>\n- Max. V\u00e4ljundvool: 65A<br \/>\n- Maksimaalne v\u00e4ljundvool: 90A, 5s<br \/>\n- T\u00f6\u00f6pinge vahemik: 40-57.6 V<br \/>\n- keskkonnatemperatuur: -10 \u00b0C kuni +50 \u00b0C<br \/>\n- liidesed: CAN\/RS485<br \/>\n- energiakasutuse t\u00f5husus: &gt;= 95%<br \/>\n- sertifitseerimine: CEC \/ UN38.3 \/ VDE2510-50 \/ IEC62619\/ CE \/ CEC \/ UN38.3<br \/>\n- IP-kaitseklass: IP55<br \/>\n- Rakendused: ON Grid \/ ON Grid + Backup \/ OFF Grid: ON Grid \/ ON Grid + Backup \/ OFF Grid<br \/>\n- Alati laiendatav \/ kuni 16 LVS 16.0 paralleelselt \/ 256 kWh kasutatavus<\/p>\n<p>Komplekti kuuluvad:<br \/>\n1x BYD B-BOX PREMIUM LVS akumoodul<br \/>\n1x BYD LV PDU + alus<br \/>\n1x BYD LV akujuhtimisseade UUS<\/p>\n<p><strong>Lisateave:<\/strong><\/p>\n<ul>\n<li><a href=\"https:\/\/storeyourownpower.com\/wp-content\/uploads\/2023\/01\/Datasheet-English-LVS.pdf\" target=\"_blank\" rel=\"noopener\">Andmebaas inglise keeles LVS<\/a><\/li>\n<li><a href=\"https:\/\/storeyourownpower.com\/wp-content\/uploads\/2023\/01\/Datenblatt-German-LVS.pdf\" target=\"_blank\" rel=\"noopener\">Datenblatt Saksa LVS<\/a><\/li>\n<li><a href=\"https:\/\/storeyourownpower.com\/wp-content\/uploads\/2023\/01\/Mounting-instructions-English-LVS.pdf\" target=\"_blank\" rel=\"noopener\">Paigaldusjuhised inglise keeles LVS<\/a><\/li>\n<li><a href=\"https:\/\/storeyourownpower.com\/wp-content\/uploads\/2023\/01\/Mounting-instructions-German-LVS.pdf\" target=\"_blank\" rel=\"noopener\">Paigaldusjuhised Saksa LVS<\/a><\/li>\n<li><a href=\"https:\/\/storeyourownpower.com\/wp-content\/uploads\/2023\/01\/Warranty-terms-English.pdf\" target=\"_blank\" rel=\"noopener\">Garantiitingimused inglise keeles<\/a><\/li>\n<li><a href=\"https:\/\/storeyourownpower.com\/wp-content\/uploads\/2023\/01\/Warranty-terms-German-LVS.pdf\" target=\"_blank\" rel=\"noopener\">Garantiitingimused Saksa LVS<\/a><\/li>\n<\/ul>","protected":false},"excerpt":{"rendered":"<p>BYD B-Box premium LVS 4.0 Teave: - kasutatav maht: 4,00 kWh - nimipinge: 51,2 V - max. V\u00e4ljundvool: 65A - V\u00e4ljundi tippvool: 90A, 5s - T\u00f6\u00f6pinge [...]<\/p>","protected":false},"featured_media":140,"template":"","meta":{"_seopress_robots_primary_cat":"none","_seopress_titles_title":"BYD B-Box Premium LVS 4.0: High Capacity and Efficiency Battery for Grid Backup and Off-Grid Applications","_seopress_titles_desc":"Discover the BYD B-Box Premium LVS 4.0 with 4.00 kWh usable capacity, 65A output current, and IP55 protection class. Perfect for ON Grid, OFF Grid, and backup applications. Expandable up to 16 LVS 16.0 modules. Learn more!","_seopress_robots_index":"","_kad_blocks_custom_css":"","_kad_blocks_head_custom_js":"","_kad_blocks_body_custom_js":"","_kad_blocks_footer_custom_js":""},"product_cat":[17],"product_tag":[],"class_list":{"0":"post-139","1":"product","2":"type-product","3":"status-publish","4":"has-post-thumbnail","6":"product_cat-home-batteries","8":"first","9":"onbackorder","10":"sale","11":"taxable","12":"shipping-taxable","13":"purchasable","14":"product-type-simple"},"taxonomy_info":{"product_cat":[{"value":17,"label":"Home batteries"}]},"featured_image_src_large":["https:\/\/ownpowr.com\/wp-content\/uploads\/2022\/11\/e-252Fb-252F8-252F6-252Feb86ead2797e066c0412db7296196f199394b37d_det_sb_byd_b_box_lvs_4-0.jpeg",640,540,false],"author_info":[],"comment_info":"","_links":{"self":[{"href":"https:\/\/ownpowr.com\/et\/wp-json\/wp\/v2\/product\/139","targetHints":{"allow":["GET"]}}],"collection":[{"href":"https:\/\/ownpowr.com\/et\/wp-json\/wp\/v2\/product"}],"about":[{"href":"https:\/\/ownpowr.com\/et\/wp-json\/wp\/v2\/types\/product"}],"wp:featuredmedia":[{"embeddable":true,"href":"https:\/\/ownpowr.com\/et\/wp-json\/wp\/v2\/media\/140"}],"wp:attachment":[{"href":"https:\/\/ownpowr.com\/et\/wp-json\/wp\/v2\/media?parent=139"}],"wp:term":[{"taxonomy":"product_cat","embeddable":true,"href":"https:\/\/ownpowr.com\/et\/wp-json\/wp\/v2\/product_cat?post=139"},{"taxonomy":"product_tag","embeddable":true,"href":"https:\/\/ownpowr.com\/et\/wp-json\/wp\/v2\/product_tag?post=139"}],"curies":[{"name":"wp","href":"https:\/\/api.w.org\/{rel}","templated":true}]}}