{"id":185455,"date":"2025-01-30T09:44:03","date_gmt":"2025-01-30T07:44:03","guid":{"rendered":"https:\/\/ownpowr.com\/?post_type=product&#038;p=185455"},"modified":"2025-01-30T09:44:03","modified_gmt":"2025-01-30T07:44:03","slug":"blauhoff-maxus-storage-only-385kwh-liquid-cooled-energy-storage-cabinet-10y-warantee-8000-cycles","status":"publish","type":"product","link":"https:\/\/ownpowr.com\/et\/product\/blauhoff-maxus-ladustamise-ainult-385kwh-vedelikjahutusega-energiasalvesti-10y-garantii-8000-tsuklit\/","title":{"rendered":"Blauhoff Maxus Ainult ladustamine 385kWh vedelikjahutusega energiasalvesti 10-aastane garantii 8000 ts\u00fcklit"},"content":{"rendered":"<p>T\u00c4HELEPANU !<\/p>\n<p>Integratsiooni ja keerukuse t\u00f5ttu on see hind \u00e4ripaigaldaja hind ilma k\u00e4ibemaksuta ja ilma montaa\u017eita.<\/p>\n<p>Paigaldamise teostab teie kohalik paigaldaja meie tehnilise t\u00f6\u00f6taja abiga.<\/p>\n<p>Blauhoff Maxus Ainult ladustamine 385Kwh energiasalvestuskapp vedelikjahutusega 10-aastane garantii 8000 ts\u00fcklit<\/p>\n<p>V\u00f5imalik toetus https:\/\/blauhoff.nl\/subsidies-thuisbatterij-voor-bedrijven\/<\/p>\n<p>Prismaelemendid k\u00f5rgeima kvaliteedi ja pikima eluea tagamiseks, 8000 ts\u00fcklit ja 10-aastane garantii elementidele ilma lisakuludeta ning 5 aastat tervele akule.<\/p>\n<p>Enamikul teistel tarnijatel on 3-5 aastat terveid ja rakke ja p\u00e4rast seda tuleb juurde maksta !<\/p>\n<p>T\u00e4ielikult integreeritud ESS lihtsaks transpordiks ja hoolduseks. Saab kohandada paljude suuremate markide inverteritega (somotec) ja kasutada kompaktsete akusalvestustena.<\/p>\n<p>Integreeritud ja modulaarne disain v\u00f5imaldab seda kiiresti seadistada ja kasutada maksimaalselt 3 tundi t\u00f6\u00f6d.<\/p>\n<p>Blauhoff BLH-385kWh-Maxus, on t\u00f6\u00f6stuslik ESS-i ladustamiskapp koos vedelikjahutusega, on integreeritud , aku, BMS, soojusjuhtimine, energiajaotus, tulekaitse jne.<\/p>\n<p>Ohutusdisain tagab parema aku j\u00f5udluse ja pikema eluea.<br \/>\nelu. Energiasalvestuse saavutamiseks v\u00f5ib mitu kapiitorkomplekti otse paralleelselt \u00fchendada kuni 30 \u00fchikut.<br \/>\ns\u00fcsteemi laiendamine. See on v\u00e4ga kergesti skaleeritav ja kaasaskantav.<\/p>\n<p>Vedelikjahutus :<br \/>\nAkuelementide temperatuuridiferents<br \/>\nkogu s\u00fcsteemis on \u00b11,5 \u00b0C piires, mis on tingitud sellest, et<br \/>\nintelligentne vedelikjahutuss\u00fcsteem. See v\u00f5ib<br \/>\npikendab s\u00fcsteemi kasutusiga kuni<br \/>\n30%, suurendab s\u00fcsteemi pikaajalist t\u00f5husust<br \/>\nkuni 88.5%.<\/p>\n<p>Turvaline<br \/>\nS\u00fcsteemil on neli haldustasandit<br \/>\nstruktuur, mis v\u00f5ib pakkuda t\u00e4pset<br \/>\nl\u00fchisekaitse, \u00fclevoolukaitse<br \/>\nkaitse, \u00fclepingekaitse<br \/>\npinge allapoole kaitse, \u00fcle temperatuuri kaitse<br \/>\nkaitse jne.<\/p>\n<p><strong>NEN-EN-IEC 62619:2022 - Leeliselemente v\u00f5i muid mittehappelisi elektrol\u00fc\u00fcte sisaldavad sekundaarelemendid ja -patareid - Ohutusn\u00f5uded sekundaarsetele liitiumelementidele ja -patareidele, kasutamiseks t\u00f6\u00f6stuslikes rakendustes<\/strong><\/p>\n<p><strong>NEN-EN-IEC 61000-6-2\u3001EN IEC 61000-6-4<\/strong><\/p>\n<p><strong>UL 9540A:2019 v\u00e4ljaanne 4 - Standard katsemeetodile aku energiasalvestuss\u00fcsteemide termilise tulekahju leviku hindamiseks.<\/strong><\/p>\n<p><strong>UN38.3<\/strong><strong>s<\/strong><\/p>","protected":false},"excerpt":{"rendered":"<p>T\u00c4HELEPANU ! Integratsiooni ja keerukuse t\u00f5ttu on see hind \u00e4ripaigaldaja hind ilma k\u00e4ibemaksuta ja ilma montaa\u017eita Paigalduse teeb teie kohalik paigaldaja meie tehnilise [...]<\/p>","protected":false},"featured_media":185452,"template":"","meta":{"_seopress_robots_primary_cat":"none","_seopress_titles_title":"","_seopress_titles_desc":"","_seopress_robots_index":"","_kad_blocks_custom_css":"","_kad_blocks_head_custom_js":"","_kad_blocks_body_custom_js":"","_kad_blocks_footer_custom_js":""},"product_cat":[17],"product_tag":[],"class_list":{"0":"post-185455","1":"product","2":"type-product","3":"status-publish","4":"has-post-thumbnail","6":"product_cat-home-batteries","8":"first","9":"instock","10":"sale","11":"taxable","12":"shipping-taxable","13":"purchasable","14":"product-type-simple"},"taxonomy_info":{"product_cat":[{"value":17,"label":"Home batteries"}]},"featured_image_src_large":["https:\/\/ownpowr.com\/wp-content\/uploads\/2024\/10\/maxus-.png",300,300,false],"author_info":[],"comment_info":"","_links":{"self":[{"href":"https:\/\/ownpowr.com\/et\/wp-json\/wp\/v2\/product\/185455","targetHints":{"allow":["GET"]}}],"collection":[{"href":"https:\/\/ownpowr.com\/et\/wp-json\/wp\/v2\/product"}],"about":[{"href":"https:\/\/ownpowr.com\/et\/wp-json\/wp\/v2\/types\/product"}],"wp:featuredmedia":[{"embeddable":true,"href":"https:\/\/ownpowr.com\/et\/wp-json\/wp\/v2\/media\/185452"}],"wp:attachment":[{"href":"https:\/\/ownpowr.com\/et\/wp-json\/wp\/v2\/media?parent=185455"}],"wp:term":[{"taxonomy":"product_cat","embeddable":true,"href":"https:\/\/ownpowr.com\/et\/wp-json\/wp\/v2\/product_cat?post=185455"},{"taxonomy":"product_tag","embeddable":true,"href":"https:\/\/ownpowr.com\/et\/wp-json\/wp\/v2\/product_tag?post=185455"}],"curies":[{"name":"wp","href":"https:\/\/api.w.org\/{rel}","templated":true}]}}