{"id":187742,"date":"2024-10-25T09:11:12","date_gmt":"2024-10-25T07:11:12","guid":{"rendered":"https:\/\/ownpowr.com\/?post_type=product&#038;p=187742"},"modified":"2025-01-30T09:53:51","modified_gmt":"2025-01-30T07:53:51","slug":"blauhoff-25k-80kwh-hv-3-phase-system-powerpack-ip55-100ah-1c-charge-discharge","status":"publish","type":"product","link":"https:\/\/ownpowr.com\/et\/product\/blauhoff-25k-80kwh-hv-3-faasiline-susteem-powerpack-ip55-100ah-1c-laadimine-tuhjendamine\/","title":{"rendered":"Blauhoff 25K\/80kWh HV 3-faasiline s\u00fcsteem Powerpack IP55 100aH 1C laadimine\/laadimine"},"content":{"rendered":"<h2>Blauhoff Home 25K\/80 kWh HV 3 Fase s\u00fcsteem Cobalt vrij Powerpack IP55 Outdoor\/Indoor\/Cobalt vrij 100aH 1C<\/h2>\n<p>See super robustne ja v\u00f5imas ja paindlik Blauhoff Home BLH-25k\/80 kWh 3-faasiline s\u00fcsteem, mis kuulub gerenommeerde kaubam\u00e4rgile Blauhoff, pakub energiavarustuse jaoks energiavarustust, mis vastab suuremale v\u00f5imsusele. Selle v\u00f5imsa s\u00fcsteemiga saab optimeerida oma maja energiat\u00f5husust, v\u00e4hendada elektrienergia levikut ja saada kasu energiavarustuse t\u00f5hususest, kui see on seotud elektritoitev\u00f5rguga, ning saada kasu energiavarustusest, kui see on vajalik. Bovendien wordt dit systeem geleverd met gratis montage, wat zorgt voor een zorgeloze installatie. Communiceert met dynamische stroom als nodig zonder abonnement en altijd vrije keuze in energie leverancier !<\/p>\n<p>Pardal on pikkust 780 mm ja kaalu 33,6 kg. T\u00e4nu 300 mm pikkusele lisakaablile aku ja toiteallika vahel on v\u00f5imalik optimaalne paigutus oma s\u00fcsteemile, mis tagab t\u00f5husa energiakasutuse ja minimaalse energiakulu.<\/p>\n<p>Blauhoff patareis\u00fcsteem on kompaktne, kompaktne ja suur, m\u00f5\u00f5tmetega 734 mm x 400 mm mooduli kohta ja kaaluga 906 kg. Aku mahtuvus on 80 kWh, mille abil saate kasutada rohkem energiat, kui seda on v\u00f5imalik kasutada oma elektripaneelide v\u00f5i muude energiaallikate vastu. Hetkedel, mil ei ole energiatoodangut, v\u00f5ite kasutada energiakulu, et teie energiakulu v\u00e4heneks ja te saaksite elektrienergiav\u00f5rku ja teie energiakulusid paremini kasutada. See toimub automaatselt koos d\u00fcnaamilise energiakokkuleppega kui lisav\u00f5imalus. U kunt dan in de winter profiteren van goedkope stroom in de nacht en die de hele dag gebruiken en in de zomer gratis laden in de middag en s'avonds gebruiken en in de morgen of in de nacht de auto ermee opladen.<\/p>\n<p><strong>Spetsiaalne laadimis-\/laadimisfunktsioon 1C (100aH), mis v\u00f5imaldab laadida ja laadida akut. 8000 ts\u00fcklit 10-aastane garantii &amp; UL9540A sertifitseeritud, parim ja k\u00f5ige kallim kategooria!<\/strong><\/p>\n<p><strong>Altijd geleverd met gratis Blauhoff Smartlanhub inclusief app en hardware, zodat u automaatselt en zonder abonnementskosten dynamisch kan handelen en zelf de baas over uw energie leverancier bent.  U kunt dagelijks kan wisselen naar de voordeligste leverancier. \u00dchildub Homeautomationi ja Homey Pro domotica'ga.<\/strong><\/p>\n<p>Het Home BLH-25k\/80 kWh 3 Fase Systeem wordt aanbevolen for huishoudens met een gemiddeld jaarlijks verbruik van ongeveer 29200 kWh. 25 kW v\u00f5imsusega on v\u00f5imalik kasutada oma energiav\u00f5imsuse suurendamist, kasutades selleks aku energiavarustust ja aku energiavarustust. Lisaks sellele on see s\u00fcsteem noodstroomvoorziening, nii et belangrijke apparaten blijven werken tijdens stroomuitval en uw dagelijkse rutiin ongestoord kunnen doorgaan. Tevens is het systeem uit te bouwen to max 600kWh.<\/p>\n<p>Het Blauhoff Home BLH-25k\/80 kWh 3 Fase Systeem Powerpack is ontworpen met flexibleiliteit in gedachten. Het beschikt over een generators\/windmolen poort, waardoor u de mogelijkheid heeft om extra energiebronnen toe te voegen en uw energieonafhankelijkheid verder te vergroten. See s\u00fcsteem on t\u00e4nu minimaalsele 3x25A voolutugevusele ja 3-faasilisele konfiguratsioonile \u00fchilduv k\u00f5ige sagedamini kasutatavate elektriv\u00f5rkudega.<\/p>\n<p>T\u00e4nu tasuta montaa\u017eile saate kasutada professionaalset paigaldust, mis v\u00f5imaldab teil s\u00fcsteemi optimaalselt toimida alates viimasest hetkest ja te saate nautida suurep\u00e4rast hooldust.<\/p>\n<p>Tehke \u00fcleminek t\u00f5husale ja energias\u00e4\u00e4stlikumale energias\u00fcsteemile Blauhoff Home BLH-25k\/80kWh 3-faasilise s\u00fcsteemiga Blauhoff Home BLH-25k\/80kWh. Krachtige energieopslag, noodstroomvoorziening en flexible in energiebronnen kunt u vertrouwen op een betrouwbare stroomvoorziening, kostenbesparingen realiseren en uw ecologische voetafdruk verkleinen. Kies for Blauhoff en maak uw woning klaar for de energiebehoeften van de toekomst.<\/p>\n<p><a href=\"https:\/\/blauhoff.nl\/wp-content\/uploads\/2024\/10\/Blauhoff-Power-Pack-HV-V1.4-1.pdf\" target=\"_blank\" rel=\"noopener\">Blauhoff Power Pack HV V1.4 (1)<\/a><\/p>","protected":false},"excerpt":{"rendered":"<p>Blauhoff Home 25K\/80 kWh HV 3 Fase systeem Cobalt vrij Powerpack IP55 Outdoor\/Indoor\/Cobalt vrij 100aH 1C Het super robuste en makkelijk uitbreidbare Blauhoff Home BLH-25k\/80 kWh 3 Fase Systeem, van [...]<\/p>","protected":false},"featured_media":187745,"template":"","meta":{"_seopress_robots_primary_cat":"none","_seopress_titles_title":"","_seopress_titles_desc":"","_seopress_robots_index":"","_kad_blocks_custom_css":"","_kad_blocks_head_custom_js":"","_kad_blocks_body_custom_js":"","_kad_blocks_footer_custom_js":""},"product_cat":[17,19],"product_tag":[],"class_list":{"0":"post-187742","1":"product","2":"type-product","3":"status-publish","4":"has-post-thumbnail","6":"product_cat-home-batteries","7":"product_cat-sets-with-inverters","9":"first","10":"instock","11":"taxable","12":"shipping-taxable","13":"purchasable","14":"product-type-simple"},"taxonomy_info":{"product_cat":[{"value":17,"label":"Home batteries"},{"value":19,"label":"Sets with inverters"}]},"featured_image_src_large":["https:\/\/ownpowr.com\/wp-content\/uploads\/2024\/10\/bh3-25k-80kwh-300x300-1.png",300,300,false],"author_info":[],"comment_info":"","_links":{"self":[{"href":"https:\/\/ownpowr.com\/et\/wp-json\/wp\/v2\/product\/187742","targetHints":{"allow":["GET"]}}],"collection":[{"href":"https:\/\/ownpowr.com\/et\/wp-json\/wp\/v2\/product"}],"about":[{"href":"https:\/\/ownpowr.com\/et\/wp-json\/wp\/v2\/types\/product"}],"wp:featuredmedia":[{"embeddable":true,"href":"https:\/\/ownpowr.com\/et\/wp-json\/wp\/v2\/media\/187745"}],"wp:attachment":[{"href":"https:\/\/ownpowr.com\/et\/wp-json\/wp\/v2\/media?parent=187742"}],"wp:term":[{"taxonomy":"product_cat","embeddable":true,"href":"https:\/\/ownpowr.com\/et\/wp-json\/wp\/v2\/product_cat?post=187742"},{"taxonomy":"product_tag","embeddable":true,"href":"https:\/\/ownpowr.com\/et\/wp-json\/wp\/v2\/product_tag?post=187742"}],"curies":[{"name":"wp","href":"https:\/\/api.w.org\/{rel}","templated":true}]}}