{"id":189082,"date":"2024-11-01T14:03:58","date_gmt":"2024-11-01T12:03:58","guid":{"rendered":"https:\/\/ownpowr.com\/?post_type=product&#038;p=189082"},"modified":"2025-01-30T10:03:21","modified_gmt":"2025-01-30T08:03:21","slug":"blauhoff-home-30k-40-kwh-hv-3-phase-system-cobalt-free-powerpack-ip65-outdoor-indoor-cobalt-free-100ah-1c","status":"publish","type":"product","link":"https:\/\/ownpowr.com\/et\/product\/blauhoff-home-30k-40-kwh-hv-3-faasiline-susteem-koobaltvaba-powerpack-ip65-valjas-siseruumides-koobaltvaba-100ah-1c\/","title":{"rendered":"Blauhoff Kodu 30K\/40 kWh HV 3 faasi s\u00fcsteem Kobaltivaba Powerpack IP65 V\u00e4ljas\/v\u00e4ljas\/kobaltivaba 100aH 1C soojendusega"},"content":{"rendered":"<p>Blauhoff Kodu 30K\/40 kWh HV 3 faasi s\u00fcsteem Kobaltivaba Powerpack IP55 V\u00e4ljas\/v\u00e4ljas\/kobaltivaba 100aH 1C soojendusega<\/p>\n<p>Tuntud kaubam\u00e4rgiga Blauhoff Home BLH-30k\/40 kWh 3-faasiline s\u00fcsteem Blauhoff pakub usaldusv\u00e4\u00e4rset ja t\u00f5husat lahendust suurema tarbimisega kodumajapidamistes energia salvestamiseks. Selle v\u00f5imsa s\u00fcsteemi abil saate optimeerida oma kodu energiat\u00f5husust, v\u00e4hendada s\u00f5ltuvust elektriv\u00f5rgust ja saada kasu avariitoiteest elektrikatkestuste korral. Lisaks on selle s\u00fcsteemiga kaasas tasuta montaa\u017e, mis tagab muretu paigalduse. Suhtleb d\u00fcnaamilise energiaga vastavalt vajadusele ilma tellimuseta ja alati vaba energiavarustaja valikuga !<\/p>\n<p>Inverteri pikkus on 780 mm ja kaal 33,6 kg. 300 mm pikkune lisakaabel inverteri ja aku vahel v\u00f5imaldab m\u00e4\u00e4rata teie s\u00fcsteemi jaoks optimaalse paigutuse, mis tagab t\u00f5husa energia\u00fclekande ja minimaalsed energiakaod.<\/p>\n<p>Akus\u00fcsteem Blauhoff on vastupidav, koobaltivaba ning kompaktne ja lame, m\u00f5\u00f5tmetega 734 mm x 400 mm \u00fche mooduli kohta ja kaaluga 453 kg. Aku maht on 40 kWh, mis v\u00f5imaldab salvestada p\u00e4ikesepaneelide v\u00f5i muude energiaallikate toodetud liigset energiat. Kui energiatootmine puudub, saate salvestatud energiat kasutada energiatarbimise katmiseks, v\u00e4hendades seel\u00e4bi s\u00f5ltuvust elektriv\u00f5rgust ja v\u00e4hendades veelgi energiakulusid. See k\u00f5ik toimub automaatselt koos d\u00fcnaamilise energiakokkuleppega nagu praegu. Siis saate talvel \u00f6\u00f6sel kasutada odavat energiat ja kasutada seda kogu p\u00e4eva ning suvel laadida tasuta p\u00e4rastl\u00f5unal ja kasutada seda \u00f5htul ning laadida sellega autot hommikul v\u00f5i \u00f6\u00f6sel.<\/p>\n<p>Spetsiaalselt valmistatud laadija\/laadija 1C (100aH), nii et saate laadida ja t\u00fchjendada uskumatult kiiresti. 8000 ts\u00fcklit 10-aastane garantii &amp; UL9540A sertifitseeritud, k\u00f5rgeim saavutatav ja tuleohutuim kategooria!<\/p>\n<p>Tarnitakse alati koos tasuta Blauhoff Smartlanhubiga, mis sisaldab rakendust ja riistvara, nii et saate automaatselt ja d\u00fcnaamiliselt kaubelda ilma liitumistasudeta ning olla oma energiatarnija eest vastutav. Saate iga p\u00e4ev vahetada k\u00f5ige soodsama tarnija vastu. \u00dchildub ka Homeautomationi ja Homey Pro koduautomaatikaga.<\/p>\n<p>3-faasiline s\u00fcsteem BLH-30k\/40 kWh on soovitatav kodumajapidamistele, mille keskmine aastane tarbimine on ligikaudu 14600 kWh. 30 kW v\u00f5imsusega saate katta m\u00e4rkimisv\u00e4\u00e4rse osa oma energiavajadusest, kasutades toodetud p\u00e4ikeseenergiat ja akusse salvestatud energiat. Lisaks pakub see s\u00fcsteem avariitoite, nii et olulised seadmed j\u00e4tkavad elektrikatkestuste ajal t\u00f6\u00f6d ja teie igap\u00e4evane rutiin saab katkematult j\u00e4tkuda. Samuti on s\u00fcsteem laiendatav kuni 600 kWh.<\/p>\n<p>Blauhoff Home BLH-30k\/40 kWh 3-faasilise s\u00fcsteemi Powerpack on loodud paindlikkust silmas pidades. Sellel on generaatori\/tuuliku port, mis annab teile v\u00f5imaluse lisada t\u00e4iendavaid energiaallikaid ja suurendada veelgi oma energias\u00f5ltumatust. See s\u00fcsteem, mille minimaalne \u00fchendus on 3x25A ja mis sobib 3-faasiliste konfiguratsioonide jaoks, \u00fchildub enamiku kodumajapidamiste elektriv\u00f5rkudega.<\/p>\n<p>T\u00e4nu tasuta montaa\u017eile v\u00f5ite loota professionaalsele paigaldusele, mis tagab, et teie s\u00fcsteem t\u00f6\u00f6tab optimaalselt esimesest hetkest alates ja te saate nautida muretut kogemust.<\/p>\n<p>Tehke \u00fcleminek t\u00f5husamale ja s\u00e4\u00e4stvamale energiavarustusele Blauhoff Home BLH-30k\/40kWh 3-faasilise s\u00fcsteemiga. T\u00e4nu v\u00f5imsale energiasalvestusele, varuv\u00f5imsusele ja energiaallikate paindlikkusele saate loota usaldusv\u00e4\u00e4rsele energiavarustusele, saavutada kulude kokkuhoidu ja v\u00e4hendada oma s\u00fcsinikujalaj\u00e4lge. Valige Blauhoff ja valmistage oma kodu ette tuleviku energiavajadusteks.<\/p>\n<p><a href=\"https:\/\/blauhoff.nl\/wp-content\/uploads\/2024\/10\/Blauhoff-Power-Pack-HV-V1.4-1.pdf\" target=\"_blank\" rel=\"noopener\">Blauhoff Power Pack HV V1.4 (1)<\/a><\/p>","protected":false},"excerpt":{"rendered":"<p>Blauhoff Home 30K\/40 kWh HV 3-faasiline s\u00fcsteem koobaltivaba Powerpack IP55 V\u00e4ljas \/ sees \/ koobaltivaba 100aH 1C soojendusega Super tugev ja kergesti laiendatav Blauhoff Home BLH-30k\/40 kWh 3-faasiline s\u00fcsteem, [...]<\/p>","protected":false},"featured_media":189085,"template":"","meta":{"_seopress_robots_primary_cat":"none","_seopress_titles_title":"","_seopress_titles_desc":"","_seopress_robots_index":"","_kad_blocks_custom_css":"","_kad_blocks_head_custom_js":"","_kad_blocks_body_custom_js":"","_kad_blocks_footer_custom_js":""},"product_cat":[17,19],"product_tag":[],"class_list":{"0":"post-189082","1":"product","2":"type-product","3":"status-publish","4":"has-post-thumbnail","6":"product_cat-home-batteries","7":"product_cat-sets-with-inverters","9":"first","10":"instock","11":"taxable","12":"shipping-taxable","13":"purchasable","14":"product-type-simple"},"taxonomy_info":{"product_cat":[{"value":17,"label":"Home batteries"},{"value":19,"label":"Sets with inverters"}]},"featured_image_src_large":["https:\/\/ownpowr.com\/wp-content\/uploads\/2024\/11\/bh3-25k-30kwh-1-480x480-1.png",480,480,false],"author_info":[],"comment_info":"","_links":{"self":[{"href":"https:\/\/ownpowr.com\/et\/wp-json\/wp\/v2\/product\/189082","targetHints":{"allow":["GET"]}}],"collection":[{"href":"https:\/\/ownpowr.com\/et\/wp-json\/wp\/v2\/product"}],"about":[{"href":"https:\/\/ownpowr.com\/et\/wp-json\/wp\/v2\/types\/product"}],"wp:featuredmedia":[{"embeddable":true,"href":"https:\/\/ownpowr.com\/et\/wp-json\/wp\/v2\/media\/189085"}],"wp:attachment":[{"href":"https:\/\/ownpowr.com\/et\/wp-json\/wp\/v2\/media?parent=189082"}],"wp:term":[{"taxonomy":"product_cat","embeddable":true,"href":"https:\/\/ownpowr.com\/et\/wp-json\/wp\/v2\/product_cat?post=189082"},{"taxonomy":"product_tag","embeddable":true,"href":"https:\/\/ownpowr.com\/et\/wp-json\/wp\/v2\/product_tag?post=189082"}],"curies":[{"name":"wp","href":"https:\/\/api.w.org\/{rel}","templated":true}]}}