{"id":197463,"date":"2025-01-30T10:32:48","date_gmt":"2025-01-30T08:32:48","guid":{"rendered":"https:\/\/ownpowr.com\/?post_type=product&#038;p=197463"},"modified":"2025-01-31T10:21:17","modified_gmt":"2025-01-31T08:21:17","slug":"blauhoff-home-6k-152-kwh-slim-line-hv","status":"publish","type":"product","link":"https:\/\/ownpowr.com\/et\/product\/blauhoff-home-6k-152-kwh-slim-line-hv\/","title":{"rendered":"Blauhoff Home 6K\/15,2 kWh 3 faasi Slim Line HV"},"content":{"rendered":"<p>Blauhoff Home 6K\/15.2kWh 3-faasiline s\u00fcsteem Slim Line IP65 17 cm \u00f5huke Outdoor\/Indoor !<\/p>\n<p>Tuntud kaubam\u00e4rgiga Blauhoff Home 6K\/15,2kWh 3-faasiline s\u00fcsteem Blauhoff pakub usaldusv\u00e4\u00e4rset ja t\u00f5husat lahendust keskmise tarbimisega kodumajapidamistes energia salvestamiseks. Selle v\u00f5imsa s\u00fcsteemiga saate optimeerida oma kodu energiat\u00f5husust, v\u00e4hendada s\u00f5ltuvust elektriv\u00f5rgust ja saada kasu avariitoiteest elektrikatkestuse korral. Lisaks on selle s\u00fcsteemiga kaasas tasuta paigaldus, mis tagab muretu paigalduse. Suhtleb d\u00fcnaamilise energiaga vastavalt vajadusele ilma liitumislepinguta ja alati vaba energiavarustaja valik!<\/p>\n<p>Inverteri pikkus on 780 mm ja kaal 33,6 kg. T\u00e4nu 300 mm pikkusele lisakaablile inverteri ja aku vahel saate m\u00e4\u00e4rata oma s\u00fcsteemi jaoks optimaalse paigutuse, mis tagab t\u00f5husa energia\u00fclekande ja minimaalsed energiakaod.<\/p>\n<p>Akus\u00fcsteem Blauhoff on vastupidav ning \u00fclimalt kompaktne ja lame, m\u00f5\u00f5tmetega 670 mm x 900 mm x 170 mm ja kaaluga 150 kg. Aku mahutavus on 15,2 kWh, mis v\u00f5imaldab salvestada p\u00e4ikesepaneelide v\u00f5i muude energiaallikate toodetud liigset energiat. Kui energiatootmine puudub, saate salvestatud energiat kasutada oma energiatarbimise katmiseks, muutes teid v\u00e4hem s\u00f5ltuvaks elektriv\u00f5rgust ja v\u00e4hendades veelgi energiakulusid. See k\u00f5ik toimub automaatselt koos d\u00fcnaamilise energiakokkuleppega, kui see on olemas. Siis saate talvel \u00f6\u00f6sel kasu odavast elektrist ja kasutada seda kogu p\u00e4eva ning suvel saate p\u00e4rastl\u00f5unal ja \u00f5htul tasuta laadida ja kasutada seda hommikul v\u00f5i \u00f6\u00f6sel oma auto laadimiseks.<\/p>\n<p>Kodu 6K\/15,2kWh 3-faasiline s\u00fcsteem on soovitatav majapidamistele, mille keskmine aastane tarbimine on ligikaudu 5548kWh. V\u00f5imsusega 6 kW saate katta m\u00e4rkimisv\u00e4\u00e4rse osa oma energiavajadusest, kasutades toodetud p\u00e4ikeseenergiat ja akusse salvestatud energiat. Lisaks pakub see s\u00fcsteem avariitoite, nii et olulised seadmed j\u00e4tkavad elektrikatkestuste ajal t\u00f6\u00f6d ja teie igap\u00e4evased toimingud saavad katkematult j\u00e4tkuda.<\/p>\n<p>Blauhoff Home 6K\/15,2kWh 3-faasiline s\u00fcsteem Slim Line on disainitud paindlikkust silmas pidades. Sellel on generaatori\/tuuliku port, mis annab teile v\u00f5imaluse lisada t\u00e4iendavaid energiaallikaid ja suurendada veelgi oma energias\u00f5ltumatust. See s\u00fcsteem, mille minimaalne \u00fchendus on 3x25A ja mis sobib 3-faasiliste konfiguratsioonide jaoks, \u00fchildub enamiku koduste elektriv\u00f5rkudega.<\/p>\n<p>T\u00e4nu tasuta paigaldusele v\u00f5ite loota professionaalsele paigaldusele, mis tagab, et teie s\u00fcsteem t\u00f6\u00f6tab optimaalselt esimesest hetkest alates ja te saate nautida muretut kogemust.<\/p>\n<p>Tehke \u00fcleminek t\u00f5husamale ja s\u00e4\u00e4stvamale energiavarustusele Blauhoff Home 6K\/15,2kWh 3-faasilise s\u00fcsteemiga. T\u00e4nu v\u00f5imsale energiasalvestusele, avariitoiteallikale ja energiaallikate paindlikkusele v\u00f5ite loota usaldusv\u00e4\u00e4rsele energiavarustusele, saavutada kulude kokkuhoidu ja v\u00e4hendada oma \u00f6koloogilist jalaj\u00e4lge. Valige Blauhoff ja tehke oma kodu valmis tuleviku energiavajadusteks.<\/p>\n<p><a href=\"https:\/\/blauhoff.nl\/wp-content\/uploads\/2024\/02\/Datasheet-Blauhoff-RESS-HV-Slim-Line.pdf\" target=\"_blank\" rel=\"noopener\">Teabeleht Blauhoff RESS HV Slim Line<\/a><\/p>","protected":false},"excerpt":{"rendered":"<p>Blauhoff Home 6K\/15.2kWh 3-faasiline s\u00fcsteem Slim Line IP65 17 cm \u00f5huke Outdoor\/Indoor ! Super \u00f5huke Blauhoff Home 6K\/15.2kWh 3-faasiline s\u00fcsteem, tuntud kaubam\u00e4rgilt Blauhoff, pakub [...]<\/p>","protected":false},"featured_media":197466,"template":"","meta":{"_seopress_robots_primary_cat":"none","_seopress_titles_title":"","_seopress_titles_desc":"","_seopress_robots_index":"","_kad_blocks_custom_css":"","_kad_blocks_head_custom_js":"","_kad_blocks_body_custom_js":"","_kad_blocks_footer_custom_js":""},"product_cat":[17,19],"product_tag":[],"class_list":{"0":"post-197463","1":"product","2":"type-product","3":"status-publish","4":"has-post-thumbnail","6":"product_cat-home-batteries","7":"product_cat-sets-with-inverters","9":"first","10":"instock","11":"taxable","12":"shipping-taxable","13":"purchasable","14":"product-type-simple"},"taxonomy_info":{"product_cat":[{"value":17,"label":"Home batteries"},{"value":19,"label":"Sets with inverters"}]},"featured_image_src_large":["https:\/\/ownpowr.com\/wp-content\/uploads\/2024\/12\/3-phase-6k-battery-152kwh-480x480-1.png",480,480,false],"author_info":[],"comment_info":"","_links":{"self":[{"href":"https:\/\/ownpowr.com\/et\/wp-json\/wp\/v2\/product\/197463","targetHints":{"allow":["GET"]}}],"collection":[{"href":"https:\/\/ownpowr.com\/et\/wp-json\/wp\/v2\/product"}],"about":[{"href":"https:\/\/ownpowr.com\/et\/wp-json\/wp\/v2\/types\/product"}],"wp:featuredmedia":[{"embeddable":true,"href":"https:\/\/ownpowr.com\/et\/wp-json\/wp\/v2\/media\/197466"}],"wp:attachment":[{"href":"https:\/\/ownpowr.com\/et\/wp-json\/wp\/v2\/media?parent=197463"}],"wp:term":[{"taxonomy":"product_cat","embeddable":true,"href":"https:\/\/ownpowr.com\/et\/wp-json\/wp\/v2\/product_cat?post=197463"},{"taxonomy":"product_tag","embeddable":true,"href":"https:\/\/ownpowr.com\/et\/wp-json\/wp\/v2\/product_tag?post=197463"}],"curies":[{"name":"wp","href":"https:\/\/api.w.org\/{rel}","templated":true}]}}