{"id":205857,"date":"2025-01-30T13:37:19","date_gmt":"2025-01-30T11:37:19","guid":{"rendered":"https:\/\/ownpowr.com\/?post_type=product&#038;p=205857"},"modified":"2025-01-31T10:08:34","modified_gmt":"2025-01-31T08:08:34","slug":"blauhoff-25k-50kwh-hv-3-phase-system-powerpack-ip55-100ah-1c-charge-discharge","status":"publish","type":"product","link":"https:\/\/ownpowr.com\/et\/product\/blauhoff-25k-50kwh-hv-3-faasiline-susteem-powerpack-ip55-100ah-1c-laadimine-tuhjendamine\/","title":{"rendered":"Blauhoff 25K\/50kWh HV 3-faasiline s\u00fcsteem Powerpack IP55 100aH 1C laadimine\/laadimine"},"content":{"rendered":"<p>Blauhoff Kodu 25K\/50 kWh HV 3-faasiline s\u00fcsteem koobaltivaba Powerpack IP55 V\u00e4ljas\/v\u00e4ljas\/koobaltivaba 100aH 1C<\/p>\n<p>Tuntud kaubam\u00e4rgiga Blauhoff Home BLH-25k\/50 kWh 3-faasiline s\u00fcsteem Blauhoff pakub usaldusv\u00e4\u00e4rset ja t\u00f5husat energiasalvestuslahendust suurema tarbimisega majapidamistele. Selle v\u00f5imsa s\u00fcsteemi abil saate optimeerida oma kodu energiat\u00f5husust, v\u00e4hendada s\u00f5ltuvust elektriv\u00f5rgust ja saada kasu avariitoiteest elektrikatkestuste korral. Lisaks sellele on selle s\u00fcsteemiga kaasas tasuta montaa\u017e, mis tagab muretu paigalduse. Suhtleb vastavalt vajadusele d\u00fcnaamilise v\u00f5imsusega ilma tellimuseta ja alati vaba energiavarustaja valikuga!<\/p>\n<p>Inverteri pikkus on 780 mm ja kaal 33,6 kg. T\u00e4nu 300 mm pikkusele lisakaablile inverteri ja aku vahel saate m\u00e4\u00e4rata oma s\u00fcsteemi jaoks optimaalse paigutuse, mis tagab t\u00f5husa energia\u00fclekande ja minimaalse energiakadu.<\/p>\n<p>3-faasiline s\u00fcsteem Home BLH-25k\/50 kWh on soovitatav kodumajapidamistele, mille keskmine aastane tarbimine on umbes 18250 kWh. 25 kW v\u00f5imsusega saate katta olulise osa oma energiavajadusest, kasutades toodetud p\u00e4ikeseenergiat ja akusse salvestatud energiat. Lisaks pakub see s\u00fcsteem avariitoite, nii et olulised seadmed j\u00e4tkavad elektrikatkestuste ajal t\u00f6\u00f6d ja teie igap\u00e4evased toimingud saavad katkematult j\u00e4tkuda. S\u00fcsteem on laiendatav kuni 600 kWh.<\/p>\n<p>Blauhoff Home BLH-25k\/50 kWh 3-faasiline s\u00fcsteemipakett on loodud paindlikkust silmas pidades. Sellel on generaatori\/tuuliku port, mis v\u00f5imaldab teil lisada t\u00e4iendavaid energiaallikaid ja suurendada veelgi oma energias\u00f5ltumatust. See s\u00fcsteem, mille minimaalne \u00fchendus on 3x25A ja mis sobib 3-faasiliste konfiguratsioonide jaoks, \u00fchildub enamiku koduste elektriv\u00f5rkudega.<\/p>\n<p>T\u00e4nu tasuta montaa\u017eile v\u00f5ite loota professionaalsele paigaldusele, mis tagab teie s\u00fcsteemi optimaalse toimimise esimesest hetkest alates ja te saate nautida muretut kogemust.<\/p>\n<p>Tehke \u00fcleminek t\u00f5husamale ja s\u00e4\u00e4stvamale energiavarustusele Blauhoff Home BLH-25k\/50 kWh 3-faasilise s\u00fcsteemiga. T\u00e4nu v\u00f5imsale energiasalvestusele, varuv\u00f5imsusele ja energiaallikate paindlikkusele saate loota usaldusv\u00e4\u00e4rsele energiavarustusele, saavutada kulude kokkuhoidu ja v\u00e4hendada oma s\u00fcsinikujalaj\u00e4lge. Valige Blauhoff ja valmistage oma kodu ette tuleviku energiavajadusteks.<\/p>\n<p>Lisav\u00f5imalusena saadaval ka soojendusega paigaldamiseks k\u00fclmades ruumides v\u00f5i \u00f5ues !<\/p>\n<p><a href=\"https:\/\/blauhoff.nl\/wp-content\/uploads\/2024\/10\/Blauhoff-Power-Pack-HV-V1.4-1.pdf\" target=\"_blank\" rel=\"noopener\">Blauhoff Power Pack HV V1.4 (1)<\/a><\/p>\n<div style=\"width: 640px;\" class=\"wp-video\"><video class=\"wp-video-shortcode\" id=\"video-205857-1\" width=\"640\" height=\"360\" preload=\"metadata\" controls=\"controls\"><source type=\"video\/mp4\" src=\"https:\/\/blauhoff.nl\/wp-content\/uploads\/2024\/12\/Blauhoff-PowerPack-Series.mp4?_=1\" \/><a href=\"https:\/\/blauhoff.nl\/wp-content\/uploads\/2024\/12\/Blauhoff-PowerPack-Series.mp4\">https:\/\/blauhoff.nl\/wp-content\/uploads\/2024\/12\/Blauhoff-PowerPack-Series.mp4<\/a><\/video><\/div>","protected":false},"excerpt":{"rendered":"<p>Blauhoff Home 25K\/50 kWh HV 3-faasiline s\u00fcsteem koobaltivaba Powerpack IP55 Outdoor\/Indoor\/Cobalt-free 100aH 1C Super tugev ja kergesti laiendatav Blauhoff Home BLH-25k\/50 kWh 3-faasiline s\u00fcsteem, tuntud [...]<\/p>","protected":false},"featured_media":205860,"template":"","meta":{"_seopress_robots_primary_cat":"none","_seopress_titles_title":"","_seopress_titles_desc":"","_seopress_robots_index":"","_kad_blocks_custom_css":"","_kad_blocks_head_custom_js":"","_kad_blocks_body_custom_js":"","_kad_blocks_footer_custom_js":""},"product_cat":[17,19],"product_tag":[],"class_list":{"0":"post-205857","1":"product","2":"type-product","3":"status-publish","4":"has-post-thumbnail","6":"product_cat-home-batteries","7":"product_cat-sets-with-inverters","9":"first","10":"instock","11":"taxable","12":"shipping-taxable","13":"purchasable","14":"product-type-simple"},"taxonomy_info":{"product_cat":[{"value":17,"label":"Home batteries"},{"value":19,"label":"Sets with inverters"}]},"featured_image_src_large":["https:\/\/ownpowr.com\/wp-content\/uploads\/2025\/01\/bh3_12k_50kwh-480x480-2.png",480,480,false],"author_info":[],"comment_info":"","_links":{"self":[{"href":"https:\/\/ownpowr.com\/et\/wp-json\/wp\/v2\/product\/205857","targetHints":{"allow":["GET"]}}],"collection":[{"href":"https:\/\/ownpowr.com\/et\/wp-json\/wp\/v2\/product"}],"about":[{"href":"https:\/\/ownpowr.com\/et\/wp-json\/wp\/v2\/types\/product"}],"wp:featuredmedia":[{"embeddable":true,"href":"https:\/\/ownpowr.com\/et\/wp-json\/wp\/v2\/media\/205860"}],"wp:attachment":[{"href":"https:\/\/ownpowr.com\/et\/wp-json\/wp\/v2\/media?parent=205857"}],"wp:term":[{"taxonomy":"product_cat","embeddable":true,"href":"https:\/\/ownpowr.com\/et\/wp-json\/wp\/v2\/product_cat?post=205857"},{"taxonomy":"product_tag","embeddable":true,"href":"https:\/\/ownpowr.com\/et\/wp-json\/wp\/v2\/product_tag?post=205857"}],"curies":[{"name":"wp","href":"https:\/\/api.w.org\/{rel}","templated":true}]}}