{"id":205862,"date":"2025-01-30T13:47:48","date_gmt":"2025-01-30T11:47:48","guid":{"rendered":"https:\/\/ownpowr.com\/?post_type=product&#038;p=205862"},"modified":"2025-01-31T10:08:07","modified_gmt":"2025-01-31T08:08:07","slug":"blauhoff-home-10k-60-kwh-lv-3-phase-system-powerpack-ip55-100ah-1c-charge-discharge","status":"publish","type":"product","link":"https:\/\/ownpowr.com\/et\/product\/blauhoff-home-10k-60-kwh-lv-3-faasiline-susteem-powerpack-ip55-100ah-1c-laadimine-tuhjendamine\/","title":{"rendered":"Blauhoff Home 10K\/60 kWh LV 3-faasiline s\u00fcsteem Powerpack IP55 100aH 1C laadimine\/laadimine"},"content":{"rendered":"<p>Blauhoff Kodu 10K\/60 kWh 3-faasiline s\u00fcsteem koobaltivaba Powerpack IP55 V\u00e4ljas\/v\u00e4ljas\/koobaltivaba 100aH 1C<\/p>\n<p>Tuntud kaubam\u00e4rgiga Blauhoff Home BLH-10k\/60kWh 3-faasiline s\u00fcsteem pakub usaldusv\u00e4\u00e4rset ja t\u00f5husat energiasalvestuslahendust suurema tarbimisega majapidamistele. Selle v\u00f5imsa s\u00fcsteemiga saate optimeerida oma kodu energiat\u00f5husust, v\u00e4hendada s\u00f5ltuvust elektriv\u00f5rgust ja saada kasu avariitoiteest elektrikatkestuste korral. Lisaks sellele on selle s\u00fcsteemi paigaldamine tasuta, mis tagab muretut paigaldamist. Suhtleb d\u00fcnaamilise energiaga vastavalt vajadusele ilma tellimuseta ja alati vaba energiavarustaja valikuga !<\/p>\n<p>Inverteri pikkus on 780 mm ja kaal 33,6 kg. T\u00e4nu 300 mm pikkusele lisakaablile inverteri ja aku vahel saate m\u00e4\u00e4rata oma s\u00fcsteemi jaoks optimaalse paigutuse, mis tagab t\u00f5husa energia\u00fclekande ja minimaalsed energiakaod.<\/p>\n<p>Akus\u00fcsteem Blauhoff on vastupidav, koobaltivaba ning kompaktne ja lame, m\u00f5\u00f5tmetega 734 mm x 400 mm \u00fche mooduli kohta ja kaaluga 831 kg. Aku maht on 60 kWh, mis v\u00f5imaldab salvestada p\u00e4ikesepaneelide v\u00f5i muude energiaallikate toodetud liigset energiat. Kui energiatootmine puudub, saate salvestatud energiat kasutada energiatarbimise katmiseks, v\u00e4hendades seel\u00e4bi s\u00f5ltuvust elektriv\u00f5rgust ja v\u00e4hendades veelgi energiakulusid. See k\u00f5ik toimub automaatselt koos d\u00fcnaamilise energiakokkuleppega nagu praegu. Siis saate talvel \u00f6\u00f6sel kasutada odavat energiat ja kasutada seda kogu p\u00e4eva ning suvel laadida tasuta p\u00e4rastl\u00f5unal ja kasutada seda \u00f5htul ning laadida sellega autot hommikul v\u00f5i \u00f6\u00f6sel.<\/p>\n<p>Spetsiaalselt valmistatud laadija\/laadija 1C (100aH), nii et saate laadida ja t\u00fchjendada v\u00e4lkkiirusel. 8000 ts\u00fcklit 10-aastane garantii &amp; UL9540A sertifitseeritud, k\u00f5rgeim saavutatav ja tuleohutu kategooria!<\/p>\n<p>Alati koos tasuta Blauhoff Smartlanhubiga, mis sisaldab rakendust ja riistvara, nii et saate d\u00fcnaamiliselt ja automaatselt kaubelda ilma liitumistasudeta ja olla ise oma energiatarnija eest vastutav. Saate iga p\u00e4ev vahetada k\u00f5ige soodsama tarnija vastu. \u00dchildub ka Homeautomationi ja Homey Pro koduautomaatikaga.<\/p>\n<p>Kodu BLH-10k\/60kWh 3-faasiline s\u00fcsteem on soovitatav majapidamistele, mille keskmine aastane tarbimine on ligikaudu 21900 kWh. 10 kW v\u00f5imsusega saate katta m\u00e4rkimisv\u00e4\u00e4rse osa oma energiavajadusest, kasutades toodetud p\u00e4ikeseenergiat ja akusse salvestatud energiat. Lisaks tagab see s\u00fcsteem avariitoite, nii et olulised seadmed j\u00e4tkavad t\u00f6\u00f6d elektrikatkestuste ajal ja teie igap\u00e4evased toimingud saavad katkematult j\u00e4tkuda. S\u00fcsteem on laiendatav kuni 600 kWh-ni.<\/p>\n<p>Het Blauhoff Home BLH-10k\/60 kWh 3 Fase Systeem Powerpack is ontworpen met flexibleiliteit in gedachten. Het beschikt over een generators\/windmolen poort, waardoor u de mogelijkheid heeft om extra energiebronnen toe te voegen en uw energieonafhankelijkheid verder te vergroten. See s\u00fcsteem on t\u00e4nu minimaalsele 3x25A voolutugevusele ja 3-faasilisele konfiguratsioonile \u00fchilduv k\u00f5ige sagedamini kasutatavate elektriv\u00f5rkudega.<\/p>\n<p>T\u00e4nu tasuta montaa\u017eile v\u00f5ite loota professionaalsele paigaldusele, mis tagab teie s\u00fcsteemi optimaalse toimimise esimesest hetkest alates ja te saate nautida muretut kogemust.<\/p>\n<p>Tehke \u00fcleminek t\u00f5husamale ja s\u00e4\u00e4stvamale energiavarustusele Blauhoff Home BLH-10k\/60 kWh 3-faasilise s\u00fcsteemiga. T\u00e4nu v\u00f5imsale energiasalvestusele, avariitoormusele ja energiaallikate paindlikkusele v\u00f5ite loota usaldusv\u00e4\u00e4rsele energiavarustusele, saavutada kulude kokkuhoidu ja v\u00e4hendada oma s\u00fcsinikujalaj\u00e4lge. Valige Blauhoff ja valmistage oma kodu ette tuleviku energiavajadusteks.<\/p>\n<p>Lisav\u00f5imalusena saadaval ka soojendusega paigaldamiseks k\u00fclmades ruumides v\u00f5i \u00f5ues !<\/p>\n<p><a href=\"https:\/\/blauhoff.nl\/wp-content\/uploads\/2024\/03\/Blauhoff-Power-Pack-LV-V1.1.pdf\">Blauhoff Power Pack LV V1.1<\/a><\/p>\n<div style=\"width: 640px;\" class=\"wp-video\"><video class=\"wp-video-shortcode\" id=\"video-205862-1\" width=\"640\" height=\"360\" preload=\"metadata\" controls=\"controls\"><source type=\"video\/mp4\" src=\"https:\/\/blauhoff.nl\/wp-content\/uploads\/2024\/12\/Blauhoff-PowerPack-Series.mp4?_=1\" \/><a href=\"https:\/\/blauhoff.nl\/wp-content\/uploads\/2024\/12\/Blauhoff-PowerPack-Series.mp4\">https:\/\/blauhoff.nl\/wp-content\/uploads\/2024\/12\/Blauhoff-PowerPack-Series.mp4<\/a><\/video><\/div>\n<p>&nbsp;<\/p>\n<p>&nbsp;<\/p>","protected":false},"excerpt":{"rendered":"<p>Blauhoff Home 10K\/60 kWh 3-faasiline s\u00fcsteem koobaltivaba Powerpack IP55 Outdoor\/Indoor\/Cobalt free 100aH 1C Super tugev ja kergesti laiendatav Blauhoff Home BLH-10k\/60kWh 3-faasiline s\u00fcsteem, tuntud [...]<\/p>","protected":false},"featured_media":205866,"template":"","meta":{"_seopress_robots_primary_cat":"none","_seopress_titles_title":"","_seopress_titles_desc":"","_seopress_robots_index":"","_kad_blocks_custom_css":"","_kad_blocks_head_custom_js":"","_kad_blocks_body_custom_js":"","_kad_blocks_footer_custom_js":""},"product_cat":[17,19],"product_tag":[],"class_list":{"0":"post-205862","1":"product","2":"type-product","3":"status-publish","4":"has-post-thumbnail","6":"product_cat-home-batteries","7":"product_cat-sets-with-inverters","9":"first","10":"instock","11":"taxable","12":"shipping-taxable","13":"purchasable","14":"product-type-simple"},"taxonomy_info":{"product_cat":[{"value":17,"label":"Home batteries"},{"value":19,"label":"Sets with inverters"}]},"featured_image_src_large":["https:\/\/ownpowr.com\/wp-content\/uploads\/2025\/01\/bh3_10k_60kwh-480x480-1.png",480,480,false],"author_info":[],"comment_info":"","_links":{"self":[{"href":"https:\/\/ownpowr.com\/et\/wp-json\/wp\/v2\/product\/205862","targetHints":{"allow":["GET"]}}],"collection":[{"href":"https:\/\/ownpowr.com\/et\/wp-json\/wp\/v2\/product"}],"about":[{"href":"https:\/\/ownpowr.com\/et\/wp-json\/wp\/v2\/types\/product"}],"wp:featuredmedia":[{"embeddable":true,"href":"https:\/\/ownpowr.com\/et\/wp-json\/wp\/v2\/media\/205866"}],"wp:attachment":[{"href":"https:\/\/ownpowr.com\/et\/wp-json\/wp\/v2\/media?parent=205862"}],"wp:term":[{"taxonomy":"product_cat","embeddable":true,"href":"https:\/\/ownpowr.com\/et\/wp-json\/wp\/v2\/product_cat?post=205862"},{"taxonomy":"product_tag","embeddable":true,"href":"https:\/\/ownpowr.com\/et\/wp-json\/wp\/v2\/product_tag?post=205862"}],"curies":[{"name":"wp","href":"https:\/\/api.w.org\/{rel}","templated":true}]}}