{"id":206014,"date":"2025-01-31T10:06:09","date_gmt":"2025-01-31T08:06:09","guid":{"rendered":"https:\/\/ownpowr.com\/?post_type=product&#038;p=206014"},"modified":"2025-02-07T14:32:59","modified_gmt":"2025-02-07T12:32:59","slug":"blauhoff-8k-20kwh-lv-3-fase-systeem-powerpack-ip55-100ah-1c-charge-discharge","status":"publish","type":"product","link":"https:\/\/ownpowr.com\/et\/product\/blauhoff-8k-20kwh-lv-3-fase-systeem-powerpack-ip55-100ah-1c-laadimine-tuhjendamine\/","title":{"rendered":"Blauhoff 8K\/20kWh LV 1 Phase Systeem Powerpack IP55 100aH 1C Laadimine \/ t\u00fchjendamine"},"content":{"rendered":"<p><strong>Blauhoff Kodu 8K\/20 kWh LV 1 faasi s\u00fcsteem Kobaltivaba Powerpack IP65 V\u00e4ljas\/v\u00e4ljas\/kobaltivaba 100aH 1C<\/strong><\/p>\n<p>Tuntud kaubam\u00e4rgiga Blauhoff Home BLH-8k\/20 kWh 1-faasiline s\u00fcsteem Blauhoff pakub usaldusv\u00e4\u00e4rset ja t\u00f5husat energiasalvestuslahendust suurema tarbimisega majapidamistele. Selle v\u00f5imsa s\u00fcsteemi abil saate optimeerida oma kodu energiat\u00f5husust, v\u00e4hendada s\u00f5ltuvust elektriv\u00f5rgust ja saada kasu avariitoiteest elektrikatkestuste korral. Lisaks sellele on selle s\u00fcsteemi paigaldamine tasuta, mis tagab muretut paigaldamist. Suhtleb d\u00fcnaamilise energiaga vastavalt vajadusele ilma tellimuseta ja alati vaba energiavarustaja valikuga !<\/p>\n<p>Inverteri pikkus on 780 mm ja kaal 33,6 kg. T\u00e4iendav 300 mm pikkune kaabel inverteri ja aku vahel v\u00f5imaldab m\u00e4\u00e4rata teie s\u00fcsteemi jaoks optimaalse paigutuse, mis tagab t\u00f5husa energia\u00fclekande ja minimaalsed energiakaod.<\/p>\n<p>Akus\u00fcsteem Blauhoff on vastupidav, koobaltivaba ning kompaktne ja lame, m\u00f5\u00f5tmetega 734 mm x 400 mm \u00fche mooduli kohta ja kaaluga 237 kg. Aku maht on 20 kWh, mis v\u00f5imaldab salvestada p\u00e4ikesepaneelide v\u00f5i muude energiaallikate toodetud liigset energiat. Ajal, mil energiatootmine puudub, saate salvestatud energiat kasutada energiatarbimise katmiseks, v\u00e4hendades seel\u00e4bi s\u00f5ltuvust elektriv\u00f5rgust ja v\u00e4hendades veelgi energiakulusid. See k\u00f5ik toimub automaatselt koos d\u00fcnaamilise energiakokkuleppega nagu praegu. Siis saate talvel \u00f6\u00f6sel kasutada odavat energiat ja kasutada seda kogu p\u00e4eva, suvel aga p\u00e4rastl\u00f5unal tasuta laadida ja \u00f5htul kasutada ning hommikul v\u00f5i \u00f6\u00f6sel laadida sellega autot.<\/p>\n<p><strong>Spetsiaalselt valmistatud laadija\/p\u00e4\u00e4stja 1C (100aH), nii et saate laadida ja t\u00fchjendada \u00fclikiirelt. 8000 ts\u00fcklit 10-aastane garantii &amp; UL9540A sertifikaat, k\u00f5rgeim saavutatav ja tuleohutuim kategooria!<\/strong><\/p>\n<p><strong>Alati kaasas tasuta Blauhoff Smartlanhub koos rakenduse ja riistvaraga, nii et saate d\u00fcnaamiliselt automaatselt ja ilma liitumistasudeta kaubelda ning ise oma energiatarnija eest vastutada. Saate iga p\u00e4ev vahetada k\u00f5ige soodsama tarnija vastu. \u00dchildub ka Homeautomationi ja Homey Pro koduautomaatikaga.<\/strong><\/p>\n<p>Kodu BLH-8k\/20 kWh 1-faasiline s\u00fcsteem on soovitatav majapidamistele, mille keskmine aastane tarbimine on umbes 4300 kWh. 8 kW v\u00f5imsusega saate katta olulise osa oma energiavajadusest, kasutades toodetud p\u00e4ikeseenergiat ja akusse salvestatud energiat. Lisaks tagab see s\u00fcsteem avariitoite, nii et olulised seadmed j\u00e4tkavad elektrikatkestuste ajal t\u00f6\u00f6d ja teie igap\u00e4evased toimingud saavad katkematult j\u00e4tkuda. S\u00fcsteem on laiendatav kuni 600 kWh-ni.<\/p>\n<p>Blauhoff Home BLH-8k\/20 kWh 1-faasiline s\u00fcsteemipakett on loodud paindlikkust silmas pidades. Sellel on generaatori\/tuuliku port, mis v\u00f5imaldab teil lisada t\u00e4iendavaid energiaallikaid ja suurendada veelgi oma energias\u00f5ltumatust. See s\u00fcsteem, mille minimaalne \u00fchendus on 3x25A ja mis sobib 1-faasiliste konfiguratsioonide jaoks, \u00fchildub enamiku koduste elektriv\u00f5rkudega.<\/p>\n<p>T\u00e4nu tasuta montaa\u017eile v\u00f5ite loota professionaalsele paigaldusele, mis tagab, et teie s\u00fcsteem t\u00f6\u00f6tab optimaalselt esimesest hetkest alates ja te saate nautida muretut kogemust.<\/p>\n<p>Tehke \u00fcleminek t\u00f5husamale ja s\u00e4\u00e4stvamale energiavarustusele Blauhoff Home BLH-8k\/20kWh 1-faasilise s\u00fcsteemiga. T\u00e4nu v\u00f5imsale energiasalvestusele, avariitoormusele ja energiaallikate paindlikkusele v\u00f5ite loota usaldusv\u00e4\u00e4rsele energiavarustusele, saavutada kulude kokkuhoidu ja v\u00e4hendada oma s\u00fcsinikujalaj\u00e4lge. Valige Blauhoff ja valmistage oma kodu ette tuleviku energiavajadusteks.<\/p>\n<p><strong>Lisav\u00f5imalusena saadaval ka soojendusega paigaldamiseks k\u00fclmades ruumides v\u00f5i \u00f5ues !<\/strong><\/p>\n<p><a href=\"https:\/\/blauhoff.nl\/wp-content\/uploads\/2024\/03\/Blauhoff-Power-Pack-LV-V1.1.pdf\">Blauhoff Power Pack LV V1.1<\/a><\/p>\n<p><a href=\"https:\/\/blauhoff.nl\/wp-content\/uploads\/2024\/12\/Blauhoff-PowerPack-Series.mp4\" target=\"_blank\" rel=\"noopener\">Blauhoff-PowerPack-Series.mp4<\/a><\/p>\n<p>&nbsp;<\/p>","protected":false},"excerpt":{"rendered":"<p>Blauhoff Home 8K\/20 kWh LV 1 Phase System Kobaltivaba Powerpack IP65 Outdoor\/Indoor\/Cobalt free 100aH 1C V\u00e4ga vastupidav ja kergesti laiendatav Blauhoff Home BLH-8k\/20 kWh 1 Phase System, alates [...]<\/p>","protected":false},"featured_media":206787,"template":"","meta":{"_seopress_robots_primary_cat":"none","_seopress_titles_title":"","_seopress_titles_desc":"","_seopress_robots_index":"","_kad_blocks_custom_css":"","_kad_blocks_head_custom_js":"","_kad_blocks_body_custom_js":"","_kad_blocks_footer_custom_js":""},"product_cat":[17,19],"product_tag":[],"class_list":{"0":"post-206014","1":"product","2":"type-product","3":"status-publish","4":"has-post-thumbnail","6":"product_cat-home-batteries","7":"product_cat-sets-with-inverters","9":"first","10":"instock","11":"taxable","12":"shipping-taxable","13":"purchasable","14":"product-type-simple"},"taxonomy_info":{"product_cat":[{"value":17,"label":"Home batteries"},{"value":19,"label":"Sets with inverters"}]},"featured_image_src_large":["https:\/\/ownpowr.com\/wp-content\/uploads\/2025\/01\/blh-8-20.png",480,480,false],"author_info":[],"comment_info":"","_links":{"self":[{"href":"https:\/\/ownpowr.com\/et\/wp-json\/wp\/v2\/product\/206014","targetHints":{"allow":["GET"]}}],"collection":[{"href":"https:\/\/ownpowr.com\/et\/wp-json\/wp\/v2\/product"}],"about":[{"href":"https:\/\/ownpowr.com\/et\/wp-json\/wp\/v2\/types\/product"}],"wp:featuredmedia":[{"embeddable":true,"href":"https:\/\/ownpowr.com\/et\/wp-json\/wp\/v2\/media\/206787"}],"wp:attachment":[{"href":"https:\/\/ownpowr.com\/et\/wp-json\/wp\/v2\/media?parent=206014"}],"wp:term":[{"taxonomy":"product_cat","embeddable":true,"href":"https:\/\/ownpowr.com\/et\/wp-json\/wp\/v2\/product_cat?post=206014"},{"taxonomy":"product_tag","embeddable":true,"href":"https:\/\/ownpowr.com\/et\/wp-json\/wp\/v2\/product_tag?post=206014"}],"curies":[{"name":"wp","href":"https:\/\/api.w.org\/{rel}","templated":true}]}}