{"id":206795,"date":"2025-02-07T15:11:44","date_gmt":"2025-02-07T13:11:44","guid":{"rendered":"https:\/\/ownpowr.com\/?post_type=product&#038;p=206795"},"modified":"2025-02-07T15:11:45","modified_gmt":"2025-02-07T13:11:45","slug":"blauhoff-3-6k-15-kwh-lv-1-phase-system-powerpack-ip55-100ah-1c-charge-discharge","status":"publish","type":"product","link":"https:\/\/ownpowr.com\/et\/product\/blauhoff-3-6k-15-kwh-lv-1-faasi-susteem-powerpack-ip55-100ah-1c-laadimine-tuhjendamine\/","title":{"rendered":"Blauhoff 3.6K\/15 kWh LV 1 faasi s\u00fcsteem Powerpack IP55 100aH 1C laadimine\/laadimine"},"content":{"rendered":"<h2><strong>Blauhoff Kodu 3.6K\/15 kWh LV 1 faasi s\u00fcsteem Kobaltivaba Powerpack IP55 V\u00e4ljas\/v\u00e4ljas\/kobaltivaba 100aH 1C<\/strong><\/h2>\n<p>Tuntud kaubam\u00e4rgiga Blauhoff Home BLH-3,6k\/15 kWh 1-faasiline s\u00fcsteem Blauhoff pakub usaldusv\u00e4\u00e4rset ja t\u00f5husat lahendust suurema tarbimisega kodumajapidamistes energia salvestamiseks. Selle v\u00f5imsa s\u00fcsteemiga saate optimeerida oma kodu energiat\u00f5husust, v\u00e4hendada s\u00f5ltuvust elektriv\u00f5rgust ja saada kasu avariitoiteest elektrikatkestuse korral. Lisaks sellele tarnitakse see s\u00fcsteem koos tasuta paigaldusega, mis tagab muretu paigalduse. Suhtleb d\u00fcnaamilise energiaga vastavalt vajadusele ilma liitumislepinguta ja alati vaba energiavarustaja valik!<\/p>\n<p>Inverteri pikkus on 780 mm ja kaal 33,6 kg. T\u00e4nu 300 mm pikkusele lisakaablile inverteri ja aku vahel saate m\u00e4\u00e4rata oma s\u00fcsteemi jaoks optimaalse paigutuse, mis tagab t\u00f5husa energia\u00fclekande ja minimaalsed energiakaod.<\/p>\n<p>Akus\u00fcsteem Blauhoff on j\u00e4tkusuutlik, koobaltivaba ning kompaktne ja lame, m\u00f5\u00f5tmetega 734 mm x 400 mm \u00fche mooduli kohta ja kaaluga 170 kg. Aku mahutavus on 15 kWh, mis v\u00f5imaldab salvestada p\u00e4ikesepaneelide v\u00f5i muude energiaallikate toodetud liigset energiat. Energiatootmise puudumise ajal saate salvestatud energiat kasutada energiatarbimise katmiseks, mis v\u00e4hendab teie s\u00f5ltuvust elektriv\u00f5rgust ja v\u00e4hendab veelgi teie energiakulusid. See k\u00f5ik toimub automaatselt koos d\u00fcnaamilise energiakokkuleppega, kui see on olemas. Siis saate talvel \u00f6\u00f6sel kasu odavast elektrist ja kasutada seda kogu p\u00e4eva ning suvel laadite p\u00e4rastl\u00f5unal ja \u00f5htul tasuta ja kasutate seda auto laadimiseks hommikul v\u00f5i \u00f6\u00f6sel.<\/p>\n<p><strong>Spetsiaalselt valmistatud laadija\/laadija 1C (100aH), nii et saate laadida ja t\u00fchjendada v\u00e4ga kiiresti. 8000 ts\u00fcklit 10-aastane garantii &amp; UL9540A sertifitseeritud, k\u00f5rgeim saavutatav ja tuleohutu kategooria!<\/strong><\/p>\n<p><strong>Alati kaasas tasuta Blauhoff Smartlanhub koos rakenduse ja riistvaraga, nii et saate automaatselt ja ilma liitumiskuludeta d\u00fcnaamiliselt tegutseda ja kontrollida oma energiatarnijat ise. Saate iga p\u00e4ev vahetada k\u00f5ige soodsama tarnija vastu. \u00dchildub ka Homeautomationi ja Homey Pro koduautomaatikaga.<\/strong><\/p>\n<p>Kodu BLH-3,6k\/15 kWh 1-faasiline s\u00fcsteem on soovitatav majapidamistele, mille keskmine aastane tarbimine on ligikaudu 5475 kWh. 3,6 kW v\u00f5imsusega saate katta olulise osa oma energiavajadusest, kasutades toodetud p\u00e4ikeseenergiat ja akusse salvestatud energiat. Lisaks pakub see s\u00fcsteem avariitoite, nii et t\u00e4htsad seadmed j\u00e4tkavad elektrikatkestuste ajal t\u00f6\u00f6d ja teie igap\u00e4evane rutiin saab h\u00e4irimatult j\u00e4tkuda. S\u00fcsteemi saab ka laiendada kuni 600 kWh-ni.<\/p>\n<p>Blauhoff Home BLH-3,6k\/15 kWh 1-faasiline s\u00fcsteemipakett on loodud paindlikkust silmas pidades. Sellel on generaatori\/tuuliku port, mis annab teile v\u00f5imaluse lisada t\u00e4iendavaid energiaallikaid ja suurendada veelgi oma energias\u00f5ltumatust. See s\u00fcsteem, mille minimaalne \u00fchendus on 3x25A ja mis sobib 1-faasiliste konfiguratsioonide jaoks, \u00fchildub enamiku koduste elektriv\u00f5rkudega.<\/p>\n<p>T\u00e4nu tasuta paigaldusele v\u00f5ite loota professionaalsele paigaldusele, mis tagab teie s\u00fcsteemi optimaalse toimimise esimesest hetkest alates ja te saate nautida muretut kogemust.<\/p>\n<p>Tehke \u00fcleminek t\u00f5husamale ja s\u00e4\u00e4stvamale energiavarustusele Blauhoff Home BLH-3,6k\/15 kWh 1-faasilise s\u00fcsteemiga. T\u00e4nu v\u00f5imsale energiasalvestusele, avariitoiteallikale ja energiaallikate paindlikkusele saate loota usaldusv\u00e4\u00e4rsele energiavarustusele, saavutada kulude kokkuhoidu ja v\u00e4hendada oma s\u00fcsinikujalaj\u00e4lge. Valige Blauhoff ja valmistage oma kodu ette tuleviku energiavajadusteks.<\/p>\n<p><strong>Lisav\u00f5imalusena saadaval ka soojendusega paigaldamiseks k\u00fclmades kohtades v\u00f5i v\u00e4ljas!<\/strong><\/p>\n<p><a href=\"https:\/\/blauhoff.nl\/wp-content\/uploads\/2024\/07\/Blauhoff-Power-Pack-LV-V1.3.pdf\" target=\"_blank\" rel=\"noopener\">Blauhoff Power Pack LV V1.3<\/a><\/p>\n<div style=\"width: 640px;\" class=\"wp-video\"><video class=\"wp-video-shortcode\" id=\"video-206795-1\" width=\"640\" height=\"360\" preload=\"metadata\" controls=\"controls\"><source type=\"video\/mp4\" src=\"https:\/\/blauhoff.nl\/wp-content\/uploads\/2024\/12\/Blauhoff-PowerPack-Series.mp4?_=1\" \/><a href=\"https:\/\/blauhoff.nl\/wp-content\/uploads\/2024\/12\/Blauhoff-PowerPack-Series.mp4\">https:\/\/blauhoff.nl\/wp-content\/uploads\/2024\/12\/Blauhoff-PowerPack-Series.mp4<\/a><\/video><\/div>\n<p>&nbsp;<\/p>","protected":false},"excerpt":{"rendered":"<p>Blauhoff Home 3.6K\/15 kWh LV 1 faasi s\u00fcsteem Kobaltivaba Powerpack IP55 Outdoor\/Indoor\/Cobalt free 100aH 1C Super tugev ja kergesti laiendatav Blauhoff Home BLH-3.6k\/15 kWh 1 faasi s\u00fcsteem, alates [...]<\/p>","protected":false},"featured_media":206798,"template":"","meta":{"_seopress_robots_primary_cat":"","_seopress_titles_title":"","_seopress_titles_desc":"","_seopress_robots_index":"","_kad_blocks_custom_css":"","_kad_blocks_head_custom_js":"","_kad_blocks_body_custom_js":"","_kad_blocks_footer_custom_js":""},"product_cat":[17,19],"product_tag":[],"class_list":{"0":"post-206795","1":"product","2":"type-product","3":"status-publish","4":"has-post-thumbnail","6":"product_cat-home-batteries","7":"product_cat-sets-with-inverters","9":"first","10":"instock","11":"taxable","12":"shipping-taxable","13":"purchasable","14":"product-type-simple"},"taxonomy_info":{"product_cat":[{"value":17,"label":"Home batteries"},{"value":19,"label":"Sets with inverters"}]},"featured_image_src_large":["https:\/\/ownpowr.com\/wp-content\/uploads\/2025\/02\/bh3_3.6k_15kwh.png",480,480,false],"author_info":[],"comment_info":"","_links":{"self":[{"href":"https:\/\/ownpowr.com\/et\/wp-json\/wp\/v2\/product\/206795","targetHints":{"allow":["GET"]}}],"collection":[{"href":"https:\/\/ownpowr.com\/et\/wp-json\/wp\/v2\/product"}],"about":[{"href":"https:\/\/ownpowr.com\/et\/wp-json\/wp\/v2\/types\/product"}],"wp:featuredmedia":[{"embeddable":true,"href":"https:\/\/ownpowr.com\/et\/wp-json\/wp\/v2\/media\/206798"}],"wp:attachment":[{"href":"https:\/\/ownpowr.com\/et\/wp-json\/wp\/v2\/media?parent=206795"}],"wp:term":[{"taxonomy":"product_cat","embeddable":true,"href":"https:\/\/ownpowr.com\/et\/wp-json\/wp\/v2\/product_cat?post=206795"},{"taxonomy":"product_tag","embeddable":true,"href":"https:\/\/ownpowr.com\/et\/wp-json\/wp\/v2\/product_tag?post=206795"}],"curies":[{"name":"wp","href":"https:\/\/api.w.org\/{rel}","templated":true}]}}