{"id":206803,"date":"2025-02-07T15:58:34","date_gmt":"2025-02-07T13:58:34","guid":{"rendered":"https:\/\/ownpowr.com\/?post_type=product&#038;p=206803"},"modified":"2025-02-14T16:28:57","modified_gmt":"2025-02-14T14:28:57","slug":"blauhoff-home-8k-20kwh-3-phase-system","status":"publish","type":"product","link":"https:\/\/ownpowr.com\/et\/product\/blauhoff-home-8k-20kwh-3-faasiline-susteem\/","title":{"rendered":"Blauhoff Kodu 8K\/20kWh 1- v\u00f5i 3-faasiline s\u00fcsteem"},"content":{"rendered":"<p>Blauhoff Home 8K\/20kWh faasis\u00fcsteem<\/p>\n<p>Blauhoff Home 8K\/20kWh faasis\u00fcsteem, mis p\u00e4rineb usaldusv\u00e4\u00e4rselt kaubam\u00e4rgilt Blauhoff, pakub t\u00e4iustatud lahendust koduseks energiasalvestuseks. See s\u00fcsteem on spetsiaalselt m\u00f5eldud m\u00e4rkimisv\u00e4\u00e4rse tarbimisega majapidamiste energiavajaduste rahuldamiseks. Selle v\u00f5imsa s\u00fcsteemi abil saate optimeerida oma energiatarbimise t\u00f5husust, v\u00e4hendada s\u00f5ltuvust elektriv\u00f5rgust ja isegi kasutada elektrikatkestuse korral avariitoetust. Veelgi enam, selle s\u00fcsteemiga kaasneb tasuta paigaldus, mis muudab paigaldamise lihtsaks ja muretuteks.<\/p>\n<p>Inverter on 580 mm pikk ja kaalub 33,6 kg. T\u00e4nu 300 mm pikkusele lisakaablile inverteri ja aku vahel saate m\u00e4\u00e4rata oma s\u00fcsteemi jaoks optimaalse paigutuse, mis tagab t\u00f5husa energia\u00fclekande ja minimaalsed energiakaod.<\/p>\n<p>Akus\u00fcsteem Blauhoff on tugev ja vastupidav, m\u00f5\u00f5tmetega 580 mm x 387 mm x 1300 mm ja kaaluga 180 kg. Aku mahutavus on muljetavaldav 20 kWh, mis v\u00f5imaldab salvestada p\u00e4ikesepaneelide poolt toodetud liigset energiat. Kui p\u00e4ikesevalgus puudub, saate seda salvestatud energiat kasutada energiatarbimise katmiseks, v\u00e4hendades seel\u00e4bi s\u00f5ltuvust elektriv\u00f5rgust ja energiakulusid.<\/p>\n<p>Blauhoff Home 8K\/20kWh faasis\u00fcsteem on soovitatav majapidamistele, mille keskmine aastane tarbimine on umbes 7000 kWh. 8 kW v\u00f5imsusega saate katta m\u00e4rkimisv\u00e4\u00e4rse osa oma energiavajadusest, kasutades toodetud p\u00e4ikeseenergiat ja akusse salvestatud energiat. Lisaks pakub see s\u00fcsteem avariitoetust, mis v\u00f5imaldab teil j\u00e4tkata oluliste seadmete kasutamist elektrikatkestuste ajal, tagades teie mugavuse ja meelerahu.<\/p>\n<p>Blauhoff Home 8K\/20kWh faasis\u00fcsteem on kavandatud paindlikkust silmas pidades. Sellel on generaatori\/tuuliku port, mis annab teile v\u00f5imaluse lisada t\u00e4iendavaid energiaallikaid ja suurendada veelgi oma energias\u00f5ltumatust. See s\u00fcsteem, mille minimaalne \u00fchendus on 1x40A ja mis sobib 1-faasiliste konfiguratsioonide jaoks, \u00fchildub enamiku koduste elektriv\u00f5rkudega.<\/p>\n<p>T\u00e4nu tasuta paigaldusele v\u00f5ite loota professionaalsele paigaldusele, mis s\u00e4\u00e4stab teie aega ja vaeva ning tagab, et teie s\u00fcsteem toimib optimaalselt esimesest hetkest alates.<\/p>\n<p>Tehke \u00fcleminek t\u00f5husamale ja s\u00e4\u00e4stvamale energiavarustusele Blauhoff Home 8K\/20kWh faasis\u00fcsteemiga. T\u00e4nu v\u00f5imsale energiasalvestusele, avariitoiteallikale ja energiaallikate paindlikkusele saate nautida usaldusv\u00e4\u00e4rset ja kuluefektiivset energiamajandust oma kodus. Valige Blauhoff ja valmistage oma kodu ette tuleviku energiavajadusteks.<\/p>\n<p><strong>Soovi korral on saadaval ka Blauhoff Home 8K\/20 kWh 1-faasiline s\u00fcsteem!<\/strong><\/p>","protected":false},"excerpt":{"rendered":"<p>Blauhoff Home 8K\/20kWh faasis\u00fcsteem Blauhoff Home 8K\/20kWh faasis\u00fcsteem usaldusv\u00e4\u00e4rselt kaubam\u00e4rgilt Blauhoff pakub t\u00e4iustatud lahendust koduseks energiasalvestuseks. See s\u00fcsteem on spetsiaalselt kavandatud vastama [...]<\/p>","protected":false},"featured_media":206806,"template":"","meta":{"_seopress_robots_primary_cat":"none","_seopress_titles_title":"","_seopress_titles_desc":"","_seopress_robots_index":"","_kad_blocks_custom_css":"","_kad_blocks_head_custom_js":"","_kad_blocks_body_custom_js":"","_kad_blocks_footer_custom_js":""},"product_cat":[17,19],"product_tag":[],"class_list":{"0":"post-206803","1":"product","2":"type-product","3":"status-publish","4":"has-post-thumbnail","6":"product_cat-home-batteries","7":"product_cat-sets-with-inverters","9":"first","10":"instock","11":"taxable","12":"shipping-taxable","13":"purchasable","14":"product-type-simple"},"taxonomy_info":{"product_cat":[{"value":17,"label":"Home batteries"},{"value":19,"label":"Sets with inverters"}]},"featured_image_src_large":["https:\/\/ownpowr.com\/wp-content\/uploads\/2025\/02\/blh_8k_20kwh.jpg",480,480,false],"author_info":[],"comment_info":"","_links":{"self":[{"href":"https:\/\/ownpowr.com\/et\/wp-json\/wp\/v2\/product\/206803","targetHints":{"allow":["GET"]}}],"collection":[{"href":"https:\/\/ownpowr.com\/et\/wp-json\/wp\/v2\/product"}],"about":[{"href":"https:\/\/ownpowr.com\/et\/wp-json\/wp\/v2\/types\/product"}],"wp:featuredmedia":[{"embeddable":true,"href":"https:\/\/ownpowr.com\/et\/wp-json\/wp\/v2\/media\/206806"}],"wp:attachment":[{"href":"https:\/\/ownpowr.com\/et\/wp-json\/wp\/v2\/media?parent=206803"}],"wp:term":[{"taxonomy":"product_cat","embeddable":true,"href":"https:\/\/ownpowr.com\/et\/wp-json\/wp\/v2\/product_cat?post=206803"},{"taxonomy":"product_tag","embeddable":true,"href":"https:\/\/ownpowr.com\/et\/wp-json\/wp\/v2\/product_tag?post=206803"}],"curies":[{"name":"wp","href":"https:\/\/api.w.org\/{rel}","templated":true}]}}