{"id":207770,"date":"2025-02-14T12:09:30","date_gmt":"2025-02-14T10:09:30","guid":{"rendered":"https:\/\/ownpowr.com\/?post_type=product&#038;p=207770"},"modified":"2025-02-14T12:10:25","modified_gmt":"2025-02-14T10:10:25","slug":"blauhoff-home-3-6k-10kwh-1-phase-system","status":"publish","type":"product","link":"https:\/\/ownpowr.com\/et\/product\/blauhoff-home-3-6k-10kwh-1-faasiline-susteem\/","title":{"rendered":"Blauhoff Kodu 3,6K\/10kWh 1-faasiline s\u00fcsteem"},"content":{"rendered":"<p>Blauhoff Kodu 3,6K\/10kWh 1-faasiline s\u00fcsteem<\/p>\n<p>Blauhoff Home 3,6K\/10kWh 1-faasiline s\u00fcsteem on revolutsiooniline energiasalvestuss\u00fcsteem, mis on loodud kaasaegsete majapidamiste vajaduste rahuldamiseks. T\u00e4nu t\u00e4iustatud tehnoloogiale ja muljetavaldavale v\u00f5imsusele pakub see s\u00fcsteem usaldusv\u00e4\u00e4rset ja t\u00f5husat lahendust energiatarbimise haldamiseks.<\/p>\n<p>Seda s\u00fcsteemi soovitatakse konkreetselt 3650 kWh keskmise aastase tarbimise korral, mist\u00f5ttu sobib see ideaalselt enamikule kodumajapidamistele. Kui soovite oma elektriseadmeid varustada, oma kodu p\u00e4ikeseenergiaga varustada v\u00f5i oma energiatarbimist optimeerida, on s\u00fcsteem Blauhoff Home m\u00f5eldud just teie vajadustele vastavaks.<\/p>\n<p>Suuremahulise 10 kWh mahutavusega s\u00fcsteem pakub piisavalt salvestusruumi p\u00e4ikesepaneelide v\u00f5i muude taastuvate energiaallikate toodetud energia \u00fclej\u00e4\u00e4gi jaoks. See t\u00e4hendab, et saate salvestada ja kasutada energiat alati, kui seda vajate, isegi tipptundidel v\u00f5i siis, kui v\u00e4line elektriv\u00f5rk ei ole k\u00e4ttesaadav. Lisaks on s\u00fcsteemil avariitoite funktsioon, nii et teil on alati energiat olemas, isegi elektrikatkestuste ajal.<\/p>\n<p>\u00dcks Blauhoff Home s\u00fcsteemi t\u00e4helepanuv\u00e4\u00e4rseid omadusi on selle \u00fchilduvus generaatorite ja tuulegeneraatorite sadamatega. See v\u00f5imaldab teil integreerida erinevaid taastuvenergia allikaid ja v\u00e4hendada veelgi oma s\u00fcsinikujalaj\u00e4lge. V\u00f5ite saada kasu rohelise energia tootmisest ja muuta oma elektritarbimist s\u00e4\u00e4stlikumaks.<\/p>\n<p>3,6 kW v\u00f5imsusega Blauhoff Home s\u00fcsteem pakub piisavalt energiat teie igap\u00e4evaste vajaduste rahuldamiseks. Olenemata sellest, kas soovite \u00fchendada oma valgustid, k\u00fclmiku, kliimaseadme v\u00f5i muud elektriseadmed, see s\u00fcsteem pakub usaldusv\u00e4\u00e4rset j\u00f5udlust ja tagab, et te ei j\u00e4\u00e4 kunagi ilma vooluta.<\/p>\n<p>Blauhoff Home 3,6K\/10 kWh 1-faasilise s\u00fcsteemi paigaldamine on lihtne ja n\u00f5uab ainult minimaalset \u00fchendust 1x25A. Lisaks on s\u00fcsteemi paigaldus tasuta, nii et saate kohe hakata nautima oma uue energialahenduse eeliseid.<\/p>\n<p>Valige Blauhoff Home 3,6K\/10 kWh 1-faasiline s\u00fcsteem ja avastage t\u00e4iustatud ja usaldusv\u00e4\u00e4rne viis oma energiatarbimise haldamiseks. Nautige vabadust toota, salvestada ja kasutada oma energiat, s\u00e4\u00e4stes samal ajal energiakuludelt ja aidates kaasa j\u00e4tkusuutlikumale tulevikule. Blauhoff Home'iga saate oma energia \u00fcle kontrolli.<\/p>","protected":false},"excerpt":{"rendered":"<p>Blauhoff Home 3,6K\/10kWh 1 faasi s\u00fcsteem Blauhoff Home 3,6K\/10kWh 1 faasi s\u00fcsteem on revolutsiooniline energiasalvestuss\u00fcsteem, mis on loodud kaasaegsete majapidamiste vajaduste rahuldamiseks. T\u00e4nu t\u00e4iustatud tehnoloogiatele [...]<\/p>","protected":false},"featured_media":207773,"template":"","meta":{"_seopress_robots_primary_cat":"none","_seopress_titles_title":"","_seopress_titles_desc":"","_seopress_robots_index":"","_kad_blocks_custom_css":"","_kad_blocks_head_custom_js":"","_kad_blocks_body_custom_js":"","_kad_blocks_footer_custom_js":""},"product_cat":[17,19],"product_tag":[],"class_list":{"0":"post-207770","1":"product","2":"type-product","3":"status-publish","4":"has-post-thumbnail","6":"product_cat-home-batteries","7":"product_cat-sets-with-inverters","9":"first","10":"instock","11":"taxable","12":"shipping-taxable","13":"purchasable","14":"product-type-simple"},"taxonomy_info":{"product_cat":[{"value":17,"label":"Home batteries"},{"value":19,"label":"Sets with inverters"}]},"featured_image_src_large":["https:\/\/ownpowr.com\/wp-content\/uploads\/2025\/02\/blh_1_phase_36_10.jpg",600,600,false],"author_info":[],"comment_info":"","_links":{"self":[{"href":"https:\/\/ownpowr.com\/et\/wp-json\/wp\/v2\/product\/207770","targetHints":{"allow":["GET"]}}],"collection":[{"href":"https:\/\/ownpowr.com\/et\/wp-json\/wp\/v2\/product"}],"about":[{"href":"https:\/\/ownpowr.com\/et\/wp-json\/wp\/v2\/types\/product"}],"wp:featuredmedia":[{"embeddable":true,"href":"https:\/\/ownpowr.com\/et\/wp-json\/wp\/v2\/media\/207773"}],"wp:attachment":[{"href":"https:\/\/ownpowr.com\/et\/wp-json\/wp\/v2\/media?parent=207770"}],"wp:term":[{"taxonomy":"product_cat","embeddable":true,"href":"https:\/\/ownpowr.com\/et\/wp-json\/wp\/v2\/product_cat?post=207770"},{"taxonomy":"product_tag","embeddable":true,"href":"https:\/\/ownpowr.com\/et\/wp-json\/wp\/v2\/product_tag?post=207770"}],"curies":[{"name":"wp","href":"https:\/\/api.w.org\/{rel}","templated":true}]}}