{"id":207863,"date":"2025-02-14T16:12:44","date_gmt":"2025-02-14T14:12:44","guid":{"rendered":"https:\/\/ownpowr.com\/?post_type=product&#038;p=207863"},"modified":"2025-02-14T16:12:45","modified_gmt":"2025-02-14T14:12:45","slug":"blauhoff-home-10k-20kwh-3-phase-system-hv-lv","status":"publish","type":"product","link":"https:\/\/ownpowr.com\/et\/product\/blauhoff-home-10k-20kwh-3-faasi-susteem-hv-lv\/","title":{"rendered":"Blauhoff Kodu 10K\/20kWh 3-faasiline s\u00fcsteem HV\/LV"},"content":{"rendered":"<p>Blauhoff Kodu 10K\/20kWh faasis\u00fcsteem<\/p>\n<p>Blauhoff Home 10K\/20kWh faasis\u00fcsteem tuntud kaubam\u00e4rgist Blauhoff pakub v\u00f5imsat ja usaldusv\u00e4\u00e4rset lahendust m\u00e4rkimisv\u00e4\u00e4rse tarbimisega kodumajapidamistes energia salvestamiseks. Selle t\u00e4iustatud s\u00fcsteemi abil saate optimeerida oma energiamajandust, v\u00e4hendada s\u00f5ltuvust elektriv\u00f5rgust ja saada kasu avariitoiteest elektrikatkestuse korral. Lisaks on selle s\u00fcsteemiga kaasas tasuta paigaldus, mis muudab paigaldamise lihtsaks ja muretuteks.<\/p>\n<p>Inverter on 699,3 mm pikk ja kaalub 33,6 kg. T\u00e4nu 300 mm pikkusele lisakaablile inverteri ja aku vahel saate m\u00e4\u00e4rata oma s\u00fcsteemi jaoks optimaalse paigutuse, mis tagab t\u00f5husa energia\u00fclekande ja minimaalsed energiakaod.<\/p>\n<p>Akus\u00fcsteem Blauhoff on vastupidav ja tugev, m\u00f5\u00f5tmetega 586 mm x 387 mm x 1300 mm ja kaaluga 180 kg. Aku mahutavus on muljetavaldav 20 kWh, mis v\u00f5imaldab salvestada p\u00e4ikesepaneelide v\u00f5i muude energiaallikate toodetud liigset energiat. Kui energiatootmine puudub, saate salvestatud energiat kasutada oma energiatarbimise katmiseks, muutes teid v\u00e4hem s\u00f5ltuvaks elektriv\u00f5rgust ja v\u00e4hendades veelgi energiakulusid.<\/p>\n<p>Blauhoff Home 10K\/20kWh faasis\u00fcsteem on soovitatav majapidamistele, mille keskmine aastane tarbimine on umbes 7300 kWh. 10 kW v\u00f5imsusega saate katta suure osa oma energiavajadusest, kasutades toodetud p\u00e4ikeseenergiat ja akusse salvestatud energiat. Lisaks pakub see s\u00fcsteem avariitoite, nii et olulised seadmed j\u00e4tkavad elektrikatkestuste ajal t\u00f6\u00f6d ja teie igap\u00e4evane rutiin saab katkematult j\u00e4tkuda.<\/p>\n<p>Blauhoff Home 10K\/20kWh faasis\u00fcsteem on kavandatud paindlikkust silmas pidades. Sellel on generaatori\/tuulegeneraatori port, mis annab teile v\u00f5imaluse lisada t\u00e4iendavaid energiaallikaid ja suurendada veelgi oma energias\u00f5ltumatust. See s\u00fcsteem, mille minimaalne \u00fchendus on 3x25A ja mis sobib faasikonfiguratsioonide jaoks, \u00fchildub enamiku koduste elektriv\u00f5rkudega.<\/p>\n<p>T\u00e4nu tasuta paigaldusele v\u00f5ite loota professionaalsele paigaldusele, mis tagab teie s\u00fcsteemi optimaalse toimimise esimesest hetkest alates ja te saate nautida muretut kogemust.<\/p>\n<p>Tehke \u00fcleminek t\u00f5husamale ja s\u00e4\u00e4stvamale energiavarustusele Blauhoff Home 10K\/20kWh faasis\u00fcsteemiga. T\u00e4nu v\u00f5imsale energiasalvestusele, avariitoiteallikale ja energiaallikate paindlikkusele saate loota usaldusv\u00e4\u00e4rsele energiavarustusele, saavutada kulude kokkuhoidu ja v\u00e4hendada oma s\u00fcsinikujalaj\u00e4lge. Valige Blauhoff ja valmistage oma kodu ette tuleviku energiavajadusteks.<\/p>\n<p><strong>Hind erineb HV ja LV vahel!<\/strong><\/p>","protected":false},"excerpt":{"rendered":"<p>Blauhoff Home 10K\/20kWh faasis\u00fcsteem Blauhoff Home 10K\/20kWh faasis\u00fcsteem, tuntud kaubam\u00e4rgilt Blauhoff, pakub v\u00f5imsat ja usaldusv\u00e4\u00e4rset lahendust energia salvestamiseks m\u00e4rkimisv\u00e4\u00e4rse tarbimisega majapidamistes. [...]<\/p>","protected":false},"featured_media":207866,"template":"","meta":{"_seopress_robots_primary_cat":"","_seopress_titles_title":"","_seopress_titles_desc":"","_seopress_robots_index":"","_kad_blocks_custom_css":"","_kad_blocks_head_custom_js":"","_kad_blocks_body_custom_js":"","_kad_blocks_footer_custom_js":""},"product_cat":[17,19],"product_tag":[],"class_list":{"0":"post-207863","1":"product","2":"type-product","3":"status-publish","4":"has-post-thumbnail","6":"product_cat-home-batteries","7":"product_cat-sets-with-inverters","9":"first","10":"instock","11":"taxable","12":"shipping-taxable","13":"purchasable","14":"product-type-simple"},"taxonomy_info":{"product_cat":[{"value":17,"label":"Home batteries"},{"value":19,"label":"Sets with inverters"}]},"featured_image_src_large":["https:\/\/ownpowr.com\/wp-content\/uploads\/2025\/02\/blh_5100_10k_20kwh-600x600-1.jpg",600,600,false],"author_info":[],"comment_info":"","_links":{"self":[{"href":"https:\/\/ownpowr.com\/et\/wp-json\/wp\/v2\/product\/207863","targetHints":{"allow":["GET"]}}],"collection":[{"href":"https:\/\/ownpowr.com\/et\/wp-json\/wp\/v2\/product"}],"about":[{"href":"https:\/\/ownpowr.com\/et\/wp-json\/wp\/v2\/types\/product"}],"wp:featuredmedia":[{"embeddable":true,"href":"https:\/\/ownpowr.com\/et\/wp-json\/wp\/v2\/media\/207866"}],"wp:attachment":[{"href":"https:\/\/ownpowr.com\/et\/wp-json\/wp\/v2\/media?parent=207863"}],"wp:term":[{"taxonomy":"product_cat","embeddable":true,"href":"https:\/\/ownpowr.com\/et\/wp-json\/wp\/v2\/product_cat?post=207863"},{"taxonomy":"product_tag","embeddable":true,"href":"https:\/\/ownpowr.com\/et\/wp-json\/wp\/v2\/product_tag?post=207863"}],"curies":[{"name":"wp","href":"https:\/\/api.w.org\/{rel}","templated":true}]}}