{"id":207867,"date":"2025-02-14T16:18:18","date_gmt":"2025-02-14T14:18:18","guid":{"rendered":"https:\/\/ownpowr.com\/?post_type=product&#038;p=207867"},"modified":"2025-02-14T16:18:19","modified_gmt":"2025-02-14T14:18:19","slug":"blauhoff-home-5k-20-kwh-1-phase-system-lv","status":"publish","type":"product","link":"https:\/\/ownpowr.com\/et\/product\/blauhoff-home-5k-20-kwh-1-faasiline-susteem-lv\/","title":{"rendered":"Blauhoff Kodu 5K\/20 kWh 1-faasiline s\u00fcsteem LV"},"content":{"rendered":"<p>Blauhoff Kodu 5K\/20 kWh 1-faasiline s\u00fcsteem<\/p>\n<p>Blauhoff Home 5K\/20 kWh 1-faasiline s\u00fcsteem on kompaktne ja t\u00f5hus energiasalvestuss\u00fcsteem, mis on m\u00f5eldud kodumajapidamiste ja v\u00e4ikeettev\u00f5tete energiavajaduste rahuldamiseks. See s\u00fcsteem, mille soovitatav keskmine aastane tarbimine on 7300 kWh, pakub j\u00e4tkusuutlikku ja usaldusv\u00e4\u00e4rset lahendust oma energia tootmiseks, salvestamiseks ja kasutamiseks.<\/p>\n<p>20 kWh v\u00f5imsusega s\u00fcsteem pakub piisavalt salvestusruumi, et salvestada p\u00e4eval toodetud p\u00e4ikeseenergiat ja kasutada seda \u00f5htul ja \u00f6\u00f6sel. See v\u00f5imaldab v\u00e4hendada s\u00f5ltuvust elektriv\u00f5rgust ja v\u00e4hendada energiakulusid. Lisaks on s\u00fcsteem varustatud avariitoiteallikaga, nii et saate elektrikatkestuste ajal j\u00e4tkuvalt elektrit nautida.<\/p>\n<p>Blauhoff Home on loodud \u00fchilduvust silmas pidades. S\u00fcsteem on varustatud generaatori ja tuulegeneraatori pordiga, mis annab teile v\u00f5imaluse integreerida alternatiivseid energiaallikaid ja toota veelgi rohkem rohelist energiat. See annab teile paindlikkuse oma energiatootmise edasiseks mitmekesistamiseks ja s\u00fcsiniku jalaj\u00e4lje v\u00e4hendamiseks.<\/p>\n<p>5 kW v\u00f5imsusega Blauhoff Home sobib paljude erinevate rakenduste jaoks. \u00dcksk\u00f5ik, kas soovite oma kodus elektriseadmeid varustada v\u00f5i vajate energiat oma v\u00e4ikesemahulise \u00e4ritegevuse jaoks, see s\u00fcsteem vastab teie vajadustele. S\u00fcsteem t\u00f6\u00f6tab 1-faasilise \u00fchendusega, mille minimaalne n\u00f5ue on 1x40A, mist\u00f5ttu sobib see koduseks kasutamiseks.<\/p>\n<p>Blauhoff Home 5K\/20 kWh 1-faasiline s\u00fcsteem on loodud lihtsat kasutust ja usaldusv\u00e4\u00e4rsust silmas pidades. Inverteri kompaktne suurus ja kerge konstruktsioon v\u00f5imaldavad lihtsat paigaldamist, samas kui vastupidav akus\u00fcsteem tagab vastupidavuse ja pikaajalise t\u00f6\u00f6.<\/p>\n<p>Valige Blauhoff Home 5K\/20 kWh 1-faasiline s\u00fcsteem ja nautige usaldusv\u00e4\u00e4rset ja t\u00f5husat lahendust oma energiavajaduste rahuldamiseks. See s\u00fcsteem v\u00f5imaldab teil saada kasu rohelisest energiast, v\u00e4hendada oma energiaarveid ja aidata kaasa j\u00e4tkusuutlikule tulevikule. Usaldage Blauhoff kvaliteetset energiasalvestuslahendust, mis vastab teie vajadustele ja pakub meelerahu.<\/p>","protected":false},"excerpt":{"rendered":"<p>Blauhoff Home 5K\/20 kWh 1 faasi s\u00fcsteem Blauhoff Home 5K\/20 kWh 1 faasi s\u00fcsteem on kompaktne ja t\u00f5hus energiasalvestuss\u00fcsteem, mis on m\u00f5eldud [...]<\/p>","protected":false},"featured_media":207870,"template":"","meta":{"_seopress_robots_primary_cat":"","_seopress_titles_title":"","_seopress_titles_desc":"","_seopress_robots_index":"","_kad_blocks_custom_css":"","_kad_blocks_head_custom_js":"","_kad_blocks_body_custom_js":"","_kad_blocks_footer_custom_js":""},"product_cat":[17,19],"product_tag":[],"class_list":{"0":"post-207867","1":"product","2":"type-product","3":"status-publish","4":"has-post-thumbnail","6":"product_cat-home-batteries","7":"product_cat-sets-with-inverters","9":"first","10":"instock","11":"taxable","12":"shipping-taxable","13":"purchasable","14":"product-type-simple"},"taxonomy_info":{"product_cat":[{"value":17,"label":"Home batteries"},{"value":19,"label":"Sets with inverters"}]},"featured_image_src_large":["https:\/\/ownpowr.com\/wp-content\/uploads\/2025\/02\/blh_5k_20kwh.jpg",480,480,false],"author_info":[],"comment_info":"","_links":{"self":[{"href":"https:\/\/ownpowr.com\/et\/wp-json\/wp\/v2\/product\/207867","targetHints":{"allow":["GET"]}}],"collection":[{"href":"https:\/\/ownpowr.com\/et\/wp-json\/wp\/v2\/product"}],"about":[{"href":"https:\/\/ownpowr.com\/et\/wp-json\/wp\/v2\/types\/product"}],"wp:featuredmedia":[{"embeddable":true,"href":"https:\/\/ownpowr.com\/et\/wp-json\/wp\/v2\/media\/207870"}],"wp:attachment":[{"href":"https:\/\/ownpowr.com\/et\/wp-json\/wp\/v2\/media?parent=207867"}],"wp:term":[{"taxonomy":"product_cat","embeddable":true,"href":"https:\/\/ownpowr.com\/et\/wp-json\/wp\/v2\/product_cat?post=207867"},{"taxonomy":"product_tag","embeddable":true,"href":"https:\/\/ownpowr.com\/et\/wp-json\/wp\/v2\/product_tag?post=207867"}],"curies":[{"name":"wp","href":"https:\/\/api.w.org\/{rel}","templated":true}]}}