{"id":208743,"date":"2025-02-20T09:41:35","date_gmt":"2025-02-20T07:41:35","guid":{"rendered":"https:\/\/ownpowr.com\/?post_type=product&#038;p=208743"},"modified":"2025-08-25T14:41:27","modified_gmt":"2025-08-25T12:41:27","slug":"new-blauhoff-maxus-all-in-one-125k-289-kwh-energy-storage-cabinet-liquid-cooled","status":"publish","type":"product","link":"https:\/\/ownpowr.com\/et\/product\/uus-blauhoff-maxus-all-in-one-125k-289-kwh-energiasalvesti-vedelikjahutusega-kapis\/","title":{"rendered":"Uus! Blauhoff Maxus All in One 125K\/289 kWh energiasalvestuskapp vedelikjahutusega"},"content":{"rendered":"<p>Uus Blauhoff Maxus 125K\/289kWh All In One energiasalvesti 10-aastane garantii 8000 ts\u00fcklit<\/p>\n<p>K\u00f5ikidel Blauhoff akus\u00fcsteemidel on 10-aastane garantii elementidele ja 5-aastane garantii inverterile ilma lisatasuta!<\/p>\n<p>Enamiku teiste kaubam\u00e4rkide puhul ei ole see nii ja garantii on piiratud vaid 3-5 aastaga!<\/p>\n<p>Prismaelemendid k\u00f5rgeima kvaliteedi ja pikima eluea tagamiseks, 8000 ts\u00fcklit ja 10-aastane garantii elementidele ilma lisakuludeta ja 5 aastat kogu seadmele.<\/p>\n<p>BLH-125K\/258KwH-Maxus seeria, vedelikjahutusega k\u00f5ik-\u00fches kaubanduslik ja t\u00f6\u00f6stuslik ESS, on<br \/>\nintegreeritud energiasalvestusinverter, aku, BMS, EMS, soojusjuhtimine,<br \/>\nelektrijaotus, tulet\u00f5rje jne. K\u00f5ik-\u00fches-konstruktsiooni on lihtne paigaldada ja<br \/>\nO&amp;M. Vahepeal tagab s\u00fcsteemi ohutuskonstruktsioon parema aku j\u00f5udluse.<br \/>\nja pikem eluiga. Mitut kapiitide komplekti saab otse paralleelselt \u00fchendada kuni 30 t\u00fckki, et realiseerida<br \/>\nenergiasalvestuss\u00fcsteemi laiendamine.<\/p>\n<p>\u00d6konoomne:<\/p>\n<p>V\u00e4ga integreeritud ESS lihtsaks<br \/>\ntransport ja k\u00e4itamine. .<br \/>\nintegreeritud disain tagab, et sait v\u00f5ib olla<br \/>\nkiiresti \u00fcles seatud ja kasutatud.<\/p>\n<p>Varundamise funktsioon<\/p>\n<p>Peakshave funktsioon<\/p>\n<p>PV funktsioon<\/p>\n<p>Vedelikjahutus:<\/p>\n<p>Temperatuuri k\u00f5rvalekalle<br \/>\nakuelemendid kogu<br \/>\ns\u00fcsteem on 3\u00b0C piires, t\u00e4nu<br \/>\nintelligentne vedelikjahutuss\u00fcsteem.<br \/>\nSee v\u00f5ib laiendada<br \/>\nakuelemendi eluiga kuni 20%.<\/p>\n<p>Ohutu:<\/p>\n<p>S\u00fcsteemil on neljatasandiline<br \/>\njuhtimisstruktuur, mis v\u00f5ib<br \/>\nt\u00e4pselt kontrollitud l\u00fchisekaitse, \u00fclevoolukaitse, \u00fclepingekaitse, alaj\u00f5e kaitse, \u00fclekuumenemiskaitse, \u00fcletemperatuuri kaitse<br \/>\nkaitse jne.<\/p>\n<p>VDE4100<\/p>\n<p>IEC62619<\/p>\n<p>IEC61000<\/p>\n<p>UL9540A<\/p>\n<p>EN50549<\/p>\n<p><a href=\"https:\/\/blauhoff.nl\/wp-content\/uploads\/2025\/02\/NL-BLH-Maxus-125kW289kWh-Flyer-18-1-2025.pdf.pdf\" target=\"_blank\" rel=\"noopener\">NL BLH Maxus 125kW289kWh Flyer 18-1-2025.pdf<\/a><\/p>\n<p><iframe title=\"Blauhoff ESS K\u00f5ik \u00fches\" width=\"1140\" height=\"641\" src=\"https:\/\/www.youtube.com\/embed\/4ygzOwu-j7I?feature=oembed\" frameborder=\"0\" allow=\"accelerometer; autoplay; clipboard-write; encrypted-media; gyroscope; picture-in-picture; web-share\" referrerpolicy=\"strict-origin-when-cross-origin\" allowfullscreen><\/iframe><\/p>\n<p>&nbsp;<\/p>\n<p>&nbsp;<\/p>","protected":false},"excerpt":{"rendered":"<p>Uus Blauhoff Maxus 125K\/289kWh All In One Energy Storage Cabinet 10-aastane garantii 8000 ts\u00fcklit K\u00f5igil Blauhoff akus\u00fcsteemidel on 10-aastane garantii rakkudele ja 5-aastane garantii [...]<\/p>","protected":false},"featured_media":185452,"template":"","meta":{"_seopress_robots_primary_cat":"none","_seopress_titles_title":"","_seopress_titles_desc":"","_seopress_robots_index":"","_kad_blocks_custom_css":"","_kad_blocks_head_custom_js":"","_kad_blocks_body_custom_js":"","_kad_blocks_footer_custom_js":""},"product_cat":[17,19],"product_tag":[],"class_list":{"0":"post-208743","1":"product","2":"type-product","3":"status-publish","4":"has-post-thumbnail","6":"product_cat-home-batteries","7":"product_cat-sets-with-inverters","9":"first","10":"instock","11":"taxable","12":"shipping-taxable","13":"purchasable","14":"product-type-simple"},"taxonomy_info":{"product_cat":[{"value":17,"label":"Home batteries"},{"value":19,"label":"Sets with inverters"}]},"featured_image_src_large":["https:\/\/ownpowr.com\/wp-content\/uploads\/2024\/10\/maxus-.png",300,300,false],"author_info":[],"comment_info":"","_links":{"self":[{"href":"https:\/\/ownpowr.com\/et\/wp-json\/wp\/v2\/product\/208743","targetHints":{"allow":["GET"]}}],"collection":[{"href":"https:\/\/ownpowr.com\/et\/wp-json\/wp\/v2\/product"}],"about":[{"href":"https:\/\/ownpowr.com\/et\/wp-json\/wp\/v2\/types\/product"}],"wp:featuredmedia":[{"embeddable":true,"href":"https:\/\/ownpowr.com\/et\/wp-json\/wp\/v2\/media\/185452"}],"wp:attachment":[{"href":"https:\/\/ownpowr.com\/et\/wp-json\/wp\/v2\/media?parent=208743"}],"wp:term":[{"taxonomy":"product_cat","embeddable":true,"href":"https:\/\/ownpowr.com\/et\/wp-json\/wp\/v2\/product_cat?post=208743"},{"taxonomy":"product_tag","embeddable":true,"href":"https:\/\/ownpowr.com\/et\/wp-json\/wp\/v2\/product_tag?post=208743"}],"curies":[{"name":"wp","href":"https:\/\/api.w.org\/{rel}","templated":true}]}}