{"id":221355,"date":"2025-04-17T14:50:19","date_gmt":"2025-04-17T12:50:19","guid":{"rendered":"https:\/\/ownpowr.com\/?post_type=product&#038;p=221355"},"modified":"2025-04-17T14:52:56","modified_gmt":"2025-04-17T12:52:56","slug":"afore-15k-hybrid-three-phase-inverter","status":"publish","type":"product","link":"https:\/\/ownpowr.com\/et\/product\/enne-15k-hubriidne-kolmefaasiline-inverter\/","title":{"rendered":"Afore 15K h\u00fcbriidne kolmefaasiline inverter"},"content":{"rendered":"<p>H\u00fcbriidinverter AF15K-THP, 2 MPPT, kolmefaasiline, nimiv\u00e4ljundv\u00f5imsus 15 kW<br \/>\nAfore AF15K-THP on kolmefaasiline h\u00fcbriidinverter v\u00f5imsusega 15 kW. Koos k\u00f5rgepingeakuga saab seda kasutada eraldiseisva s\u00fcsteemina\/v\u00f5rguvaba s\u00fcsteemina v\u00f5i vooluvaba s\u00fcsteemina. Sellel on kaks MPPT-trackerit ja v\u00f5imalus \u00fchendada kaks fotogalvaaniliste moodulite rida. Saadaval on ka mitu MPPT pinget.<\/p>\n<p>T\u00e4hts\u00fcndmused<br \/>\nKaasaegne disain<br \/>\nJ\u00e4lgimine Wi-Fi j\u00e4lgimise ajal<br \/>\nSuurem t\u00f5husus 97,5%<br \/>\nEi ole saadaval<br \/>\n2 MPPT-d \u00fche stringiga<br \/>\nLihtne ja kiire paigaldus<br \/>\nKompaktne suurus (370 x 598,5 x 1,92 mm)<br \/>\n\u00dchildub aku remondiga<br \/>\nSobib akut\u00fc\u00fcpidele: .<\/p>\n<p>Spetsifikatsioon<br \/>\nArtikli kirjeldus: AF15K-THP h\u00fcbriidinverter, 2 MPPT, kolmefaasiline, nimiv\u00e4ljundv\u00f5imsus 15 kW<\/p>\n<p>Vahelduvvoolu v\u00e4ljundandmed<br \/>\nNimiv\u00f5imsus: 15 kW<br \/>\nMaksimaalne n\u00e4ivv\u00f5imsus: 16,5 kVA<br \/>\nVahelduvvoolu pinge: 3P\/N\/PE 400 V<br \/>\nVahelduvvoolu sagedus: 50 Hz \/ 60 Hz<br \/>\nVahelduvvool: 21,8 A<br \/>\nMax. Vahelduvvool: 27 A<\/p>\n<p>PV stringi sisendandmed<br \/>\nMax. Alalisvoolu sisendv\u00f5imsus: 22,5 kW<br \/>\nMax. Alalisvoolu sisendpinge: 1000 V<br \/>\nMax. Alalisvoolu sisendvool: 2 x 18,5 A<br \/>\nK\u00e4ivituspinge: 160 V<br \/>\nMPPT pinge vahemik: 500-850 V<br \/>\nMaksimaalne l\u00fchiajaline v\u00f5imsus: 2 x 25 A<br \/>\nMPPT j\u00e4lgijate arv \/ stringide arv: 2\/2<\/p>\n<p>Aku sisendandmed<br \/>\nAku t\u00fc\u00fcp: Liitium-ioon \/ pliiakud \/ naatriumkloriid<br \/>\nNimipinge: 500 V<br \/>\nPingevahemik: 80-600 V<br \/>\nMaksimaalne laadimisvool: 30 A<br \/>\nMaksimaalne t\u00fchjendusvool: 30 A<\/p>\n<p>\u00dcldine<br \/>\nMaksimaalne kasutegur: 98,3%<br \/>\nELi t\u00f5hususe m\u00e4\u00e4r: 97,5%<br \/>\nKommunikatsioon: N\u00e4idik, LED, RS485, CAN, Wi-Fi, GPRS, 4G<br \/>\nKaitseklass: IP66<br \/>\nJahutamine: Intelligentne ventilaator<br \/>\nTopoloogia: Transformaatorita<br \/>\nM\u00f5\u00f5tmed (S x K x S): 370 x 598,5 x 192 mm<br \/>\nKaal: 22 kg<\/p>\n<p>Koosneb:<br \/>\n1 x Afore h\u00fcbriidinverter AF15K-THP<br \/>\n1 x tarvikute komplekt<\/p>","protected":false},"excerpt":{"rendered":"<p>H\u00fcbriidinverter AF15K-THP, 2 MPPT, kolmefaasiline, nimiv\u00e4ljundv\u00f5imsus 15 kW Afore AF15K-THP on kolmefaasiline h\u00fcbriidinverter v\u00f5imsusega 15 kW. K\u00f5rgepingeakuga [...]<\/p>","protected":false},"featured_media":221359,"template":"","meta":{"_seopress_robots_primary_cat":"none","_seopress_titles_title":"","_seopress_titles_desc":"","_seopress_robots_index":"","_kad_blocks_custom_css":"","_kad_blocks_head_custom_js":"","_kad_blocks_body_custom_js":"","_kad_blocks_footer_custom_js":""},"product_cat":[18],"product_tag":[],"class_list":{"0":"post-221355","1":"product","2":"type-product","3":"status-publish","4":"has-post-thumbnail","6":"product_cat-hybrid-inverters","8":"first","9":"instock","10":"taxable","11":"shipping-taxable","12":"purchasable","13":"product-type-simple"},"taxonomy_info":{"product_cat":[{"value":18,"label":"Hybrid inverters"}]},"featured_image_src_large":["https:\/\/ownpowr.com\/wp-content\/uploads\/2025\/04\/afore-hybrid-three-phase-inverter.png",640,640,false],"author_info":[],"comment_info":"","_links":{"self":[{"href":"https:\/\/ownpowr.com\/et\/wp-json\/wp\/v2\/product\/221355","targetHints":{"allow":["GET"]}}],"collection":[{"href":"https:\/\/ownpowr.com\/et\/wp-json\/wp\/v2\/product"}],"about":[{"href":"https:\/\/ownpowr.com\/et\/wp-json\/wp\/v2\/types\/product"}],"wp:featuredmedia":[{"embeddable":true,"href":"https:\/\/ownpowr.com\/et\/wp-json\/wp\/v2\/media\/221359"}],"wp:attachment":[{"href":"https:\/\/ownpowr.com\/et\/wp-json\/wp\/v2\/media?parent=221355"}],"wp:term":[{"taxonomy":"product_cat","embeddable":true,"href":"https:\/\/ownpowr.com\/et\/wp-json\/wp\/v2\/product_cat?post=221355"},{"taxonomy":"product_tag","embeddable":true,"href":"https:\/\/ownpowr.com\/et\/wp-json\/wp\/v2\/product_tag?post=221355"}],"curies":[{"name":"wp","href":"https:\/\/api.w.org\/{rel}","templated":true}]}}