{"id":221361,"date":"2025-04-17T15:02:31","date_gmt":"2025-04-17T13:02:31","guid":{"rendered":"https:\/\/ownpowr.com\/?post_type=product&#038;p=221361"},"modified":"2025-04-17T15:02:32","modified_gmt":"2025-04-17T13:02:32","slug":"afore-20kw-hybrid-three-phase-inverter","status":"publish","type":"product","link":"https:\/\/ownpowr.com\/et\/product\/enne-20kw-hubriidne-kolmefaasiline-inverter\/","title":{"rendered":"Afore 20kw h\u00fcbriidne kolmefaasiline inverter"},"content":{"rendered":"<p>H\u00fcbriidinverter AF20K-TH, 2 MPPT, kolmefaasiline, nimiv\u00e4ljundv\u00f5imsus 20,000W<br \/>\nAfore AF20K-TH on kolmefaasiline h\u00fcbriidinverter v\u00f5imsusega 20 kW. Koos k\u00f5rgepingeakuga saab inverterit kasutada iseseisva s\u00fcsteemina \/ v\u00f5rgu\u00fchenduseta ja avariitoiteallikana. Sellel on kaks MPPT-trackerit ja v\u00f5imalus \u00fchendada mitu fotogalvaaniliste moodulite ahelat. Sellel on lai MPPT-pinge vahemik.<\/p>\n<p>T\u00e4hts\u00fcndmused<br \/>\nKaasaegne disain<br \/>\nWi-Fi j\u00e4lgimine<br \/>\nK\u00f5rge kasutegur 97,8%<br \/>\nH\u00e4daolukorra energiavarustuse v\u00f5imekus<br \/>\n2 MPPT-d 2 stringiga kumbki<br \/>\nLihtne ja kiire paigaldus<br \/>\nKompaktsed m\u00f5\u00f5tmed (558 x 535 x 260 mm)<br \/>\n\u00dchildub paljude akutootjatega<br \/>\nSobib akut\u00fc\u00fcpidele: .<\/p>\n<p>Spetsifikatsioonid<\/p>\n<p>Nimetus: H\u00fcbriidinverter AF20K-TH, 2 MPPT, kolmefaasiline, nimiv\u00e4ljundv\u00f5imsus 20 000 W<br \/>\nVahelduvvoolu v\u00e4ljundandmed<br \/>\nNimiv\u00e4ljundv\u00f5imsus: 20 000 W<br \/>\nMaksimaalne n\u00e4ivv\u00f5imsus: 22 000 VA<br \/>\nVahelduvvoolu pinge: 3\/N\/PE 400 V<br \/>\nVahelduvvoolu sagedus: 50 Hz \/ 60 Hz<br \/>\nVooluvoolu nimivool: 29,0 A<br \/>\nMax. Vahelduvvool: 32,0 A<br \/>\nPV stringi sisendandmed<br \/>\nMax. Alalisvoolu sisendv\u00f5imsus: 30 kW<br \/>\nMax. Alalisvoolu sisendpinge: 1000V<br \/>\nMax. Alalisvoolu sisendvool: 2 x 32A<br \/>\nK\u00e4ivituspinge: 160V<br \/>\nMPPT pinge vahemik: 150-850V<br \/>\nMaksimaalne l\u00fchisvool: 2 x 48A<br \/>\nMPP j\u00e4lgimisseadmete arv \/ keelte arv: 2\/4<br \/>\nAku sisendandmed<br \/>\nAku t\u00fc\u00fcp: .<br \/>\nNimipinge: 500V<br \/>\nMaksimaalne laadimispinge: 150-800V<br \/>\nMaksimaalne laadimisvool: 50A<br \/>\nMaksimaalne t\u00fchjendusvool: 50A<br \/>\n\u00dcldine<br \/>\nMaksimaalne kasutegur: 98,3%<br \/>\nELi t\u00f5husus: 97,8%<br \/>\nKommunikatsioon: Ekraan, LED, RS485, CAN, Wi-Fi, GRPS, 4G<br \/>\nKaitseklass: IP65<br \/>\nTopoloogia: Transformaatorita<\/p>\n<p>M\u00f5\u00f5tmed (S x K x S): 558x535x260mm<br \/>\nKaal: 29kg<\/p>\n<p>Tarne ulatus<br \/>\n1 x Afore h\u00fcbriidinverter AF20K-TH<br \/>\n1 x tarvikute komplekt<\/p>","protected":false},"excerpt":{"rendered":"<p>H\u00fcbriidinverter AF20K-TH, 2 MPPT, kolmefaasiline, nimiv\u00e4ljundv\u00f5imsus 20 000W Afore AF20K-TH on kolmefaasiline h\u00fcbriidinverter, mille v\u00e4ljundv\u00f5imsus on 20 kW. Koos k\u00f5rgepingeakuga on inverter [...]<\/p>","protected":false},"featured_media":221359,"template":"","meta":{"_seopress_robots_primary_cat":"none","_seopress_titles_title":"","_seopress_titles_desc":"","_seopress_robots_index":"","_kad_blocks_custom_css":"","_kad_blocks_head_custom_js":"","_kad_blocks_body_custom_js":"","_kad_blocks_footer_custom_js":""},"product_cat":[18],"product_tag":[],"class_list":{"0":"post-221361","1":"product","2":"type-product","3":"status-publish","4":"has-post-thumbnail","6":"product_cat-hybrid-inverters","8":"first","9":"instock","10":"taxable","11":"shipping-taxable","12":"purchasable","13":"product-type-simple"},"taxonomy_info":{"product_cat":[{"value":18,"label":"Hybrid inverters"}]},"featured_image_src_large":["https:\/\/ownpowr.com\/wp-content\/uploads\/2025\/04\/afore-hybrid-three-phase-inverter.png",640,640,false],"author_info":[],"comment_info":"","_links":{"self":[{"href":"https:\/\/ownpowr.com\/et\/wp-json\/wp\/v2\/product\/221361","targetHints":{"allow":["GET"]}}],"collection":[{"href":"https:\/\/ownpowr.com\/et\/wp-json\/wp\/v2\/product"}],"about":[{"href":"https:\/\/ownpowr.com\/et\/wp-json\/wp\/v2\/types\/product"}],"wp:featuredmedia":[{"embeddable":true,"href":"https:\/\/ownpowr.com\/et\/wp-json\/wp\/v2\/media\/221359"}],"wp:attachment":[{"href":"https:\/\/ownpowr.com\/et\/wp-json\/wp\/v2\/media?parent=221361"}],"wp:term":[{"taxonomy":"product_cat","embeddable":true,"href":"https:\/\/ownpowr.com\/et\/wp-json\/wp\/v2\/product_cat?post=221361"},{"taxonomy":"product_tag","embeddable":true,"href":"https:\/\/ownpowr.com\/et\/wp-json\/wp\/v2\/product_tag?post=221361"}],"curies":[{"name":"wp","href":"https:\/\/api.w.org\/{rel}","templated":true}]}}