{"id":265,"date":"2023-10-04T16:43:01","date_gmt":"2023-10-04T14:43:01","guid":{"rendered":"https:\/\/ownpowr.com\/product\/pylontech-force-l1-14-21\/"},"modified":"2025-12-30T14:50:46","modified_gmt":"2025-12-30T12:50:46","slug":"pylontech-force-l1-14-21","status":"publish","type":"product","link":"https:\/\/ownpowr.com\/et\/product\/pylontech-force-l1-14-21\/","title":{"rendered":"Pylontechi j\u00f5ud L1 14.21"},"content":{"rendered":"<p>Pylontech Force L1 14.21 koosneb Pylontech BMU akujuhtimis\u00fcksusest ja 4 Force L1 3,55 kWh akumoodulist.<\/p>\n<p>V\u00f5imalus skaleerida, lisades hiljem kuni 3 t\u00e4iendavat Force L1 moodulit.<\/p>\n<div class=\"row\">\n<div class=\"col-lg-6\">\n<h3><strong>Pylontech Force L1 14.21 - madalpinge<\/strong><\/h3>\n<p>The <b>J\u00f5ud L1<\/b> on uusim HESSi akus\u00fcsteem, mida tarnib <strong>Pylontech<\/strong>. \"Pika eluea\" iseloom, k\u00f5rgeim energia- ja v\u00f5imsustihedus t\u00f6\u00f6stuses, moodne disain, paigaldamise ja laiendamise lihtsus peegeldavad l\u00f5ppkasutajate tegelikke n\u00f5udeid ja tugevaimat tehnilist v\u00f5imekust. <strong>Pylontech<\/strong>.<\/p>\n<p><strong>PylontechForceL1<\/strong>14.21 koosneb j\u00e4rgmisest <strong>Pylontech<\/strong> BMU akujuhtimis\u00fcksus ja 4 Force L1 3,55 kWh akumoodulit. V\u00f5imalus laiendada, lisades hiljem kuni 3 t\u00e4iendavat Force L1 moodulit paralleelselt sellele virnale, et saavutada kuni 24,86 kWh kasutatav v\u00f5imsus.<\/p>\n<p><strong>Vertikaalne t\u00f6\u00f6stuslik integratsioon tagab 90% DoD-ga rohkem kui 6000 ts\u00fcklit<\/strong><\/p>\n<p><strong>Modulaarne konstruktsioon v\u00f5imaldab l\u00f5ppklientidel valida v\u00f5imsust<\/strong><\/p>\n<p><strong>\u00dchildub enamiku saadaolevate h\u00fcbriidinverteritega<\/strong><\/p>\n<p><strong>Kiirliitmik v\u00e4hendab paigaldusaega ja -kulusid<\/strong><\/p>\n<p><strong>Kaunis disain - lisaks nii sise- kui ka v\u00e4litingimustes paigaldamisele<\/strong><\/p>\n<\/div>\n<\/div>","protected":false},"excerpt":{"rendered":"<p>Pylontech Force L1 14.21 koosneb Pylontech BMU akujuhtimis\u00fcksusest ja 4 akumoodulist Force L1 3,55 kWh. V\u00f5imalus laiendada, lisades hiljem kuni 3 t\u00e4iendavat Force [...]<\/p>","protected":false},"featured_media":266,"template":"","meta":{"_seopress_robots_primary_cat":"none","_seopress_titles_title":"","_seopress_titles_desc":"","_seopress_robots_index":"","_kad_blocks_custom_css":"","_kad_blocks_head_custom_js":"","_kad_blocks_body_custom_js":"","_kad_blocks_footer_custom_js":""},"product_cat":[17],"product_tag":[],"class_list":{"0":"post-265","1":"product","2":"type-product","3":"status-publish","4":"has-post-thumbnail","6":"product_cat-home-batteries","8":"first","9":"outofstock","10":"sale","11":"taxable","12":"shipping-taxable","13":"purchasable","14":"product-type-simple"},"taxonomy_info":{"product_cat":[{"value":17,"label":"Home batteries"}]},"featured_image_src_large":["https:\/\/ownpowr.com\/wp-content\/uploads\/2022\/11\/SAM7623-0.jpeg",600,661,false],"author_info":[],"comment_info":"","_links":{"self":[{"href":"https:\/\/ownpowr.com\/et\/wp-json\/wp\/v2\/product\/265","targetHints":{"allow":["GET"]}}],"collection":[{"href":"https:\/\/ownpowr.com\/et\/wp-json\/wp\/v2\/product"}],"about":[{"href":"https:\/\/ownpowr.com\/et\/wp-json\/wp\/v2\/types\/product"}],"wp:featuredmedia":[{"embeddable":true,"href":"https:\/\/ownpowr.com\/et\/wp-json\/wp\/v2\/media\/266"}],"wp:attachment":[{"href":"https:\/\/ownpowr.com\/et\/wp-json\/wp\/v2\/media?parent=265"}],"wp:term":[{"taxonomy":"product_cat","embeddable":true,"href":"https:\/\/ownpowr.com\/et\/wp-json\/wp\/v2\/product_cat?post=265"},{"taxonomy":"product_tag","embeddable":true,"href":"https:\/\/ownpowr.com\/et\/wp-json\/wp\/v2\/product_tag?post=265"}],"curies":[{"name":"wp","href":"https:\/\/api.w.org\/{rel}","templated":true}]}}