{"id":278,"date":"2023-10-04T16:43:01","date_gmt":"2023-10-04T14:43:01","guid":{"rendered":"https:\/\/ownpowr.com\/product\/pylontech-force-l1-10-65\/"},"modified":"2025-07-07T19:54:49","modified_gmt":"2025-07-07T17:54:49","slug":"pylontech-force-l1-10-65","status":"publish","type":"product","link":"https:\/\/ownpowr.com\/et\/product\/pylontech-force-l1-10-65\/","title":{"rendered":"Pylontech Force L1 10.65"},"content":{"rendered":"<p>Tutvustame Pylontech Force L1 10,26 kWh madalpinge akus\u00fcsteemi:<\/p>\n<p><strong>Peamised omadused:<\/strong><\/p>\n<ul>\n<li><strong>Aku konfiguratsioon:<\/strong> 3 x Force L1 3,55 kWh akumoodulid + 1 x Pylontech BMU akujuhtimis\u00fcksus<\/li>\n<li><strong>Kasutatav koguv\u00f5imsus:<\/strong> 10,26 kWh<\/li>\n<li><strong>Skaleeritavus:<\/strong> V\u00f5imalus laiendada, lisades hiljem kuni 2 t\u00e4iendavat Force L1 moodulit, suurendades kasutatavat v\u00f5imsust kuni 24,86 kWh-ni.<\/li>\n<li><strong>Vertikaalne t\u00f6\u00f6stusintegratsioon:<\/strong> Tagab \u00fcle 6000 ts\u00fckli koos 90% t\u00fchjenduss\u00fcgavusega (DoD), mis tagab pikaajalise t\u00f6\u00f6v\u00f5ime.<\/li>\n<li><strong>Modulaarne disain:<\/strong> V\u00f5imaldab l\u00f5ppklientidele valida soovitud v\u00f5imsuse, pakkudes paindlikkust.<\/li>\n<li><strong>\u00dchilduvus:<\/strong> \u00dchildub enamiku saadaolevate h\u00fcbriidinverteritega, tagades sujuva integreerimise olemasolevatesse s\u00fcsteemidesse.<\/li>\n<li><strong>Kiir\u00fchendus:<\/strong> Minimeerib paigaldusaega ja -kulusid, lihtsustades seadistamist.<\/li>\n<li><strong>Mitmek\u00fclgne disain:<\/strong> Sobib nii sise- kui ka v\u00e4litingimustes kasutamiseks, pakkudes paindlikku paigutust.<\/li>\n<\/ul>\n<p><strong>Toote kirjeldus:<\/strong><\/p>\n<p>Pylontech Force L1 on tipptasemel k\u00f5rgete energiasalvestuss\u00fcsteemide (HESS) akus\u00fcsteem, mis on loodud kasutajate arenevate vajaduste rahuldamiseks. See sisaldab mitmeid olulisi omadusi, mis eristavad seda:<\/p>\n<ul>\n<li><strong>Pikk eluiga:<\/strong> Force L1 on projekteeritud vastupidavaks, tagades, et see vastab pikaajaliste energiasalvestusn\u00f5uete n\u00f5uetele.<\/li>\n<li><strong>K\u00f5rge energia- ja v\u00f5imsustihedus:<\/strong> See akus\u00fcsteem on t\u00f6\u00f6stusharu k\u00f5rgeima energia- ja v\u00f5imsustihedusega, mis maksimeerib energia salvestamist kompaktses konstruktsioonis.<\/li>\n<li><strong>Paigaldamise lihtsus:<\/strong> S\u00fcsteem on kavandatud lihtsaks paigaldamiseks ja laiendamiseks, mis lihtsustab l\u00f5ppkasutajate jaoks seadistamisprotsessi.<\/li>\n<li><strong>Skaleeritavus:<\/strong> Kasutajad v\u00f5ivad alustada vaid 1 Force L1 mooduliga ja hiljem laiendada seda kuni 2 mooduli lisamisega, mis v\u00f5imaldab muutuvate energiavajaduste rahuldamiseks skaleeruda.<\/li>\n<li><strong>Tootja garantii:<\/strong> Tootel on tootja garantii, mis pakub meelerahu ja toote usaldusv\u00e4\u00e4rsust. Konkreetsed garantii \u00fcksikasjad tuleb kontrollida Pylontech-st.<\/li>\n<\/ul>\n<p>Pylontech Force L1 on suurep\u00e4rane valik elamute ja \u00e4ritegevuse energiasalvestuslahenduste jaoks. Selle mitmek\u00fclgne disain, k\u00f5rge j\u00f5udlus ja skaleeritavus teevad sellest v\u00e4\u00e4rtusliku t\u00e4ienduse igale energiajuhtimiss\u00fcsteemile. Force L1 pakub usaldusv\u00e4\u00e4rset ja t\u00f5husat energiasalvestuslahendust, olgu see siis varutoiteks elektrikatkestuste ajal v\u00f5i energiatarbimise optimeerimiseks.<\/p>","protected":false},"excerpt":{"rendered":"<p>Tutvustame Pylontech Force L1 10,26 kWh madalpinge akus\u00fcsteemi: Peamised omadused: Aku konfiguratsioon: 3 x Force L1 3,55 kWh akumoodulid + 1 x Pylontech BMU akujuhtimine [...]<\/p>","protected":false},"featured_media":279,"template":"","meta":{"_seopress_robots_primary_cat":"none","_seopress_titles_title":"Pylontech Force L1 10.65 - Low Voltage: The Latest and Most Powerful HESS Battery System","_seopress_titles_desc":"Discover the Pylontech Force L1 10.65, featuring high energy and power density, easy installation, and expandability. Suitable for indoor and outdoor use.","_seopress_robots_index":"","_kad_blocks_custom_css":"","_kad_blocks_head_custom_js":"","_kad_blocks_body_custom_js":"","_kad_blocks_footer_custom_js":""},"product_cat":[17],"product_tag":[],"class_list":{"0":"post-278","1":"product","2":"type-product","3":"status-publish","4":"has-post-thumbnail","6":"product_cat-home-batteries","8":"first","9":"outofstock","10":"sale","11":"taxable","12":"shipping-taxable","13":"purchasable","14":"product-type-simple"},"taxonomy_info":{"product_cat":[{"value":17,"label":"Home batteries"}]},"featured_image_src_large":["https:\/\/ownpowr.com\/wp-content\/uploads\/2022\/11\/SAM7622-0.jpeg",600,661,false],"author_info":[],"comment_info":"","_links":{"self":[{"href":"https:\/\/ownpowr.com\/et\/wp-json\/wp\/v2\/product\/278","targetHints":{"allow":["GET"]}}],"collection":[{"href":"https:\/\/ownpowr.com\/et\/wp-json\/wp\/v2\/product"}],"about":[{"href":"https:\/\/ownpowr.com\/et\/wp-json\/wp\/v2\/types\/product"}],"wp:featuredmedia":[{"embeddable":true,"href":"https:\/\/ownpowr.com\/et\/wp-json\/wp\/v2\/media\/279"}],"wp:attachment":[{"href":"https:\/\/ownpowr.com\/et\/wp-json\/wp\/v2\/media?parent=278"}],"wp:term":[{"taxonomy":"product_cat","embeddable":true,"href":"https:\/\/ownpowr.com\/et\/wp-json\/wp\/v2\/product_cat?post=278"},{"taxonomy":"product_tag","embeddable":true,"href":"https:\/\/ownpowr.com\/et\/wp-json\/wp\/v2\/product_tag?post=278"}],"curies":[{"name":"wp","href":"https:\/\/api.w.org\/{rel}","templated":true}]}}