{"id":286,"date":"2023-10-05T01:24:51","date_gmt":"2023-10-04T23:24:51","guid":{"rendered":"https:\/\/ownpowr.com\/product\/pylontech-force-l1-3-55\/"},"modified":"2025-10-15T13:54:02","modified_gmt":"2025-10-15T11:54:02","slug":"pylontech-force-l1-3-55","status":"publish","type":"product","link":"https:\/\/ownpowr.com\/et\/product\/pylontech-force-l1-3-55\/","title":{"rendered":"Pylontechi j\u00f5ud L1 3.55"},"content":{"rendered":"<h2><strong>Pylontech Force L1 3,55 kWh liitiumakumoodul moodustab koos v\u00e4lise BMS-iga 2-7 moodulist koosneva virnastatava akus\u00fcsteemi.<\/strong><\/h2>\n<p>Pylontech Force L1 3.55 koosneb Pylontech BMU akujuhtimis\u00fcksusest ja 1 Force L1 3,55 kWh akumoodulist. V\u00f5imalus suurendada, lisades hiljem kuni 6 t\u00e4iendavat Force L1 moodulit.<\/p>\n<p>&nbsp;<\/p>\n<div class=\"row\">\n<div class=\"col-lg-6\">\n<h3><strong>Pylontech Force L1 3.55 <\/strong><strong>- Madalpinge<\/strong><\/h3>\n<p>Force L1 on uusim HESSi akus\u00fcsteem, mida tarnib Pylontech. \"Pika eluea\" iseloom, suurim energia- ja v\u00f5imsustihedus t\u00f6\u00f6stuses, moekohane disain, lihtne paigaldamine ja laiendamine peegeldavad l\u00f5ppkasutajate tegelikke n\u00f5udmisi ja Pylontech tugevaimat tehnilist v\u00f5imekust.<\/p>\n<p><strong>PylontechForceL1<\/strong>3.55 koosneb j\u00e4rgmisest <strong>Pylontech<\/strong> BMU akujuhtimis\u00fcksus ja 1 Force L1 3,55 kWh akumoodul. V\u00f5imalus suurendada, lisades hiljem kuni 6 t\u00e4iendavat Force L1 moodulit paralleelselt, et saavutada kuni 24,86 kWh kasutatav v\u00f5imsus.<\/p>\n<p><strong>Vertikaalne t\u00f6\u00f6stuslik integratsioon tagab 90% DoD-ga rohkem kui 6000 ts\u00fcklit<\/strong><\/p>\n<p><strong>Modulaarne konstruktsioon v\u00f5imaldab l\u00f5ppklientidel valida v\u00f5imsust<\/strong><\/p>\n<p><strong>\u00dchildub enamiku saadaolevate h\u00fcbriidinverteritega<\/strong><\/p>\n<p><strong>Kiirlahendus v\u00e4hendab paigaldusaega ja kulusid<\/strong><\/p>\n<p><strong>Kaunis disain - sobib nii sise- kui ka v\u00e4listingimustesse<\/strong><\/p>\n<div id=\"ProductInfoTabs\" class=\"ui-tabs ui-widget ui-widget-content ui-corner-all epProductInfoTabs ep-js\" data-js=\"\">\n<div id=\"tab-product-description\" class=\"ui-tabs-panel ui-widget-content ui-corner-bottom\" role=\"tabpanel\" aria-labelledby=\"ui-id-1\" aria-hidden=\"false\">\n<div class=\"description\">\n<p>&nbsp;<\/p>\n<p>Pylontech Force L1 liitiumakumoodulit kasutatakse selleks, et Pylontech akus\u00fcsteem oleks virnastatav vahemikus 2-7 moodulit koos v\u00e4lise BMS-iga, nii et seda saab kohandada erinevate konfiguratsioonis\u00fcsteemidega. Nimimahutavusega 3,55 kWh ja valmistatud koobaltivaba liitiumferrofosfaadiga.<\/p>\n<p>See HESSi (koduse energiasalvestuss\u00fcsteemi) uusim versioon, milles on kasutatud moodulite kontseptsiooni, lihtsat paigaldust, lihtsaid \u00fchendusi ja \u00fchilduvust v\u00e4litingimustes.<\/p>\n<p>See on HESSi (koduse energiasalvestuss\u00fcsteemi) uusim versioon, mis on p\u00e4rinud modulaarse disaini kontseptsiooni, mis on kombineeritud lihtsa paigalduse, lihtsate \u00fchenduste ja v\u00e4litingimustesse sobivusega.<\/p>\n<p>Seda salvestuss\u00fcsteemi saab paigaldada ilma, et akude vahel oleks vaja \u00fchendada kaableid, ning see on virnastatav, mis muudab paigaldamise lihtsamaks ja kiiremaks. See on uus Pylontech lahendus madalpinge elamusektorile on L-seeria, mis sisaldab Force L1 ja L2.<\/p>\n<p>Need tooted koosnevad mitmest virnastatavast patareist vahemikus 2-7 koos v\u00e4lise BMS-iga, nii et see kohandub erinevate konfiguratsioonis\u00fcsteemidega.<\/p>\n<p>See sobib eriti h\u00e4sti v\u00e4ikestesse, piiratud ruumiga kohtadesse, samuti suure v\u00f5imsusega ja pika elueaga seadeldistesse. See moodul paigaldatakse koos BMS FC0048M-100-ga, mille nimipinge on 48 V ja v\u00f5imsus 47Ah. Nende s\u00fcsteemide laadimis- ja t\u00fchjendamisvool on samuti kuni 60A ja kaitseastmega IP55.<\/p>\n<p>S\u00fcsteemi lihtsus ja ladustatavus muudab selle \u00e4\u00e4rmiselt paindlikuks, kuna seda on v\u00f5imalik aja jooksul v\u00e4ga lihtsalt laiendada. Teine oluline aspekt on kahtlemata 90% t\u00fchjenduss\u00fcgavus. Samuti saab seadmeid kombineerida eri t\u00fc\u00fcpi inverteritega, isegi koos integreeritud EPS-funktsiooniga.<\/p>\n<p>Selle peamisteks omadusteks on maksimaalset paindlikkust pakkuv modulaarne konstruktsioon, sisemine LFP-element, mis v\u00f5imaldab pikemat kasutusiga ja suuremat ohutust, kiireid \u00fchendusi, et s\u00e4\u00e4sta paigaldusaega, ning t\u00f5estatud BMS, mis on k\u00f5ige laiema \u00fchilduvusega inverteritega.<\/p>\n<p>Akul on 3-aastane seaduslik garantii ja 10-aastane tootjagarantii.<\/p>\n<p>&nbsp;<\/p>\n<h3><strong>Pylontech Force L1 liitiumakumooduli tehnilised andmed<\/strong><\/h3>\n<p>- Aku mahutavus: 3,55 kWh<br \/>\n- Pingevahemik: 44.5 -54h<br \/>\n- Kasulik v\u00f5imsus: 4600W<br \/>\n- Kaitseaste: IP55<br \/>\n- Kommunikatsiooniport: RS485<br \/>\n- Garantii: 10 aastat (vastab tootja n\u00f5uetele).<\/p>\n<\/div>\n<\/div>\n<\/div>\n<\/div>\n<\/div>","protected":false},"excerpt":{"rendered":"<p>Pylontech Force L1 3,55 kWh liitiumakumoodul moodustab koos v\u00e4lise BMS-iga virnastatava akus\u00fcsteemi 2-7 mooduli vahel. Pylontech Force L1 3.55 koosneb Pylontech BMU-st [...]<\/p>","protected":false},"featured_media":287,"template":"","meta":{"_seopress_robots_primary_cat":"none","_seopress_titles_title":"","_seopress_titles_desc":"","_seopress_robots_index":"","_kad_blocks_custom_css":"","_kad_blocks_head_custom_js":"","_kad_blocks_body_custom_js":"","_kad_blocks_footer_custom_js":""},"product_cat":[17],"product_tag":[],"class_list":{"0":"post-286","1":"product","2":"type-product","3":"status-publish","4":"has-post-thumbnail","6":"product_cat-home-batteries","8":"first","9":"outofstock","10":"sale","11":"taxable","12":"shipping-taxable","13":"purchasable","14":"product-type-simple"},"taxonomy_info":{"product_cat":[{"value":17,"label":"Home batteries"}]},"featured_image_src_large":["https:\/\/ownpowr.com\/wp-content\/uploads\/2022\/11\/Schermafbeelding-2022-10-15-om-12.07.40.png",822,504,false],"author_info":[],"comment_info":"","_links":{"self":[{"href":"https:\/\/ownpowr.com\/et\/wp-json\/wp\/v2\/product\/286","targetHints":{"allow":["GET"]}}],"collection":[{"href":"https:\/\/ownpowr.com\/et\/wp-json\/wp\/v2\/product"}],"about":[{"href":"https:\/\/ownpowr.com\/et\/wp-json\/wp\/v2\/types\/product"}],"wp:featuredmedia":[{"embeddable":true,"href":"https:\/\/ownpowr.com\/et\/wp-json\/wp\/v2\/media\/287"}],"wp:attachment":[{"href":"https:\/\/ownpowr.com\/et\/wp-json\/wp\/v2\/media?parent=286"}],"wp:term":[{"taxonomy":"product_cat","embeddable":true,"href":"https:\/\/ownpowr.com\/et\/wp-json\/wp\/v2\/product_cat?post=286"},{"taxonomy":"product_tag","embeddable":true,"href":"https:\/\/ownpowr.com\/et\/wp-json\/wp\/v2\/product_tag?post=286"}],"curies":[{"name":"wp","href":"https:\/\/api.w.org\/{rel}","templated":true}]}}