{"id":3719,"date":"2023-10-19T17:21:57","date_gmt":"2023-10-19T15:21:57","guid":{"rendered":"https:\/\/ownpowr.com\/?post_type=product&#038;p=3719"},"modified":"2025-08-25T14:40:54","modified_gmt":"2025-08-25T12:40:54","slug":"blauhoff-maxus-100k-258kwh-all-in-one-8000-cycles-10-year-warantee","status":"publish","type":"product","link":"https:\/\/ownpowr.com\/et\/product\/blauhoff-maxus-100k-258kwh-koik-uhes-8000-tsuklit-10-aasta-garantii\/","title":{"rendered":"Blauhoff Maxus 125K\/258kWh All In One energiasalvestuskapp"},"content":{"rendered":"<h3>Blauhoff Maxus 125K\/258kWh All In One energiasalvesti 10-aastane garantii 8000 ts\u00fcklit<\/h3>\n<p><strong>K\u00f5ikidel Blauhoff akus\u00fcsteemidel on 10-aastane garantii elementidele ja 5-aastane garantii inverterile ilma igasuguse lisamakseta!<\/strong><\/p>\n<p><strong>Enamiku teiste kaubam\u00e4rkide puhul ei ole see nii ja garantii on piiratud vaid 3-5 aastaga!<\/strong><\/p>\n<p><strong>Prismaelemendid k\u00f5rgeima kvaliteedi ja pikima kasutusaja tagamiseks, 8000 ts\u00fcklit ja 10-aastane garantii elementidele ilma lisakuludeta ja 5 aastat kogu seadmele.<\/strong><\/p>\n<p>&nbsp;<\/p>\n<p>BLH-125K\/258KwH-Maxus seeria, vedelikjahutusega k\u00f5ik-\u00fches kaubanduslik ja t\u00f6\u00f6stuslik ESS, on<br \/>\nintegreeritud energiasalvestusmuunduri, aku, BMS, EMS, soojusjuhtimise s\u00fcsteemiga,<br \/>\nelektrijaotus, tulet\u00f5rje jne. K\u00f5ik-\u00fches-konstruktsioon on lihtne paigaldada ja<br \/>\nO&amp;M. Vahepeal tagab s\u00fcsteemi ohutuskonstruktsioon parema aku j\u00f5udluse.<br \/>\nja pikem kasutusiga. Mitu kappide komplekti saab otse paralleelselt \u00fchendada kuni 30 t\u00fckki, et saavutada<br \/>\nrealiseerida energiasalvestuss\u00fcsteemi laiendamine.<\/p>\n<h4>\u00d6konoomne:<\/h4>\n<p>V\u00e4ga integreeritud ESS lihtsaks<br \/>\ntransport ja k\u00e4itamine. .<br \/>\nintegreeritud disain v\u00f5imaldab saidil<br \/>\nkiiresti seadistada ja kasutada.<\/p>\n<p>Varundamise funktsioon<\/p>\n<p>Peakshave funktsioon<\/p>\n<p>PV funktsioon<\/p>\n<h4>Vedelikjahutus:<\/h4>\n<p>Temperatuuri k\u00f5rvalekalle<br \/>\nakuelemendid kogu<br \/>\ns\u00fcsteem on 3\u00b0C piires, mis on tingitud<br \/>\nintelligentne vedelikjahutuss\u00fcsteem.<br \/>\nSee v\u00f5ib pikendada eluiga<br \/>\nakuelemendid kuni 20%.<\/p>\n<h4>Ohutu:<\/h4>\n<p>S\u00fcsteemil on neli tasandit<br \/>\njuhtimisstruktuur, mis<br \/>\nsaab t\u00e4pselt pakkuda l\u00fchikesi<br \/>\nvooluahela kaitse, \u00fclevoolukaitse<br \/>\nkaitse, \u00fclepinge<br \/>\nkaitse, pinge allapoole<br \/>\nkaitse, \u00fcle temperatuuri<br \/>\nkaitse jne.<\/p>\n<p>VDE4100<\/p>\n<p>IEC62619<\/p>\n<p>IEC61000<\/p>\n<p>UL9540A<\/p>\n<p>EN50549<\/p>\n<h4>Andmed :<\/h4>\n<p><a href=\"https:\/\/ownpowr.com\/wp-content\/uploads\/2023\/10\/blauhoff_sd-125-258_energy_storage_cabinet.pdf\">Blauhoff_SD-125-258_Energy_Storage_Cabinet<\/a><\/p>\n<p><iframe title=\"Blauhoff ESS K\u00f5ik \u00fches\" width=\"1140\" height=\"641\" src=\"https:\/\/www.youtube.com\/embed\/4ygzOwu-j7I?feature=oembed\" frameborder=\"0\" allow=\"accelerometer; autoplay; clipboard-write; encrypted-media; gyroscope; picture-in-picture; web-share\" referrerpolicy=\"strict-origin-when-cross-origin\" allowfullscreen><\/iframe><\/p>","protected":false},"excerpt":{"rendered":"<p><a href=\"https:\/\/ownpowr.com\/wp-content\/uploads\/2023\/10\/blauhoff_sd-125-258_energy_storage_cabinet.pdf\">Blauhoff_SD-125-258_Energy_Storage_Cabinet<\/a><\/p>\n<p>T\u00e4helepanu, hind on ilma k\u00e4ibemaksuta ja ilma paigalduseta.<\/p>","protected":false},"featured_media":3781,"template":"","meta":{"_seopress_robots_primary_cat":"none","_seopress_titles_title":"Blauhoff Maxus 100K\/258kWh All In One Energy Storage System","_seopress_titles_desc":"Get this Energy Storage System for commercial and industrial use with liquid cooling, easy installation, and outstanding safety features","_seopress_robots_index":"","_kad_blocks_custom_css":"","_kad_blocks_head_custom_js":"","_kad_blocks_body_custom_js":"","_kad_blocks_footer_custom_js":""},"product_cat":[17,19],"product_tag":[],"class_list":{"0":"post-3719","1":"product","2":"type-product","3":"status-publish","4":"has-post-thumbnail","6":"product_cat-home-batteries","7":"product_cat-sets-with-inverters","9":"first","10":"instock","11":"sale","12":"taxable","13":"shipping-taxable","14":"purchasable","15":"product-type-simple"},"taxonomy_info":{"product_cat":[{"value":17,"label":"Home batteries"},{"value":19,"label":"Sets with inverters"}]},"featured_image_src_large":["https:\/\/ownpowr.com\/wp-content\/uploads\/2023\/10\/platte-tekst-toevoegen-1-2-1024x1024.png",1024,1024,true],"author_info":[],"comment_info":"","_links":{"self":[{"href":"https:\/\/ownpowr.com\/et\/wp-json\/wp\/v2\/product\/3719","targetHints":{"allow":["GET"]}}],"collection":[{"href":"https:\/\/ownpowr.com\/et\/wp-json\/wp\/v2\/product"}],"about":[{"href":"https:\/\/ownpowr.com\/et\/wp-json\/wp\/v2\/types\/product"}],"wp:featuredmedia":[{"embeddable":true,"href":"https:\/\/ownpowr.com\/et\/wp-json\/wp\/v2\/media\/3781"}],"wp:attachment":[{"href":"https:\/\/ownpowr.com\/et\/wp-json\/wp\/v2\/media?parent=3719"}],"wp:term":[{"taxonomy":"product_cat","embeddable":true,"href":"https:\/\/ownpowr.com\/et\/wp-json\/wp\/v2\/product_cat?post=3719"},{"taxonomy":"product_tag","embeddable":true,"href":"https:\/\/ownpowr.com\/et\/wp-json\/wp\/v2\/product_tag?post=3719"}],"curies":[{"name":"wp","href":"https:\/\/api.w.org\/{rel}","templated":true}]}}