{"id":4030,"date":"2025-01-30T09:44:01","date_gmt":"2025-01-30T07:44:01","guid":{"rendered":"https:\/\/ownpowr.com\/?post_type=product&#038;p=4030"},"modified":"2025-08-25T15:06:43","modified_gmt":"2025-08-25T13:06:43","slug":"blauhoff-maxus-all-in-one-500k-1156kwh-energy-storage-cabinet-liquid-cooled","status":"publish","type":"product","link":"https:\/\/ownpowr.com\/et\/product\/blauhoff-maxus-all-in-one-500k-1032kwh-energiasalvesti-vedelikjahutusega-kapis\/","title":{"rendered":"Blauhoff Maxus All in One 500K\/1156kWh energiasalvestuskapp vedelikjahutusega 1 megavatt"},"content":{"rendered":"<p><strong>K\u00f5ikidel Blauhoff akus\u00fcsteemidel on 10-aastane garantii elementidele ja 5-aastane garantii inverterile ilma igasuguse lisamakseta!<\/strong><\/p>\n<p><strong>Enamiku teiste kaubam\u00e4rkide puhul ei ole see nii ja garantii on piiratud vaid 3-5 aastaga!<\/strong><\/p>\n<p><strong>Prismaelemendid k\u00f5rgeima kvaliteedi ja pikima kasutusaja tagamiseks, 8000 ts\u00fcklit ja 10-aastane garantii elementidele ilma lisakuludeta ja 5 aastat kogu seadmele.<\/strong><\/p>\n<p>&nbsp;<\/p>\n<p>Blauhoff Maxus All in One 500K-1156kWh = 2 mWh Vedelikjahutusega 10-aastane garantii 8000 ts\u00fcklit<\/p>\n<p>Prismaelemendid k\u00f5rgeima kvaliteedi ja pikima eluea ning 8000 ts\u00fckli jaoks<\/p>\n<p>T\u00e4ielikult integreeritud ESS lihtsaks transpordiks ja hoolduseks.<\/p>\n<p>Integreeritud ja modulaarne konstruktsioon teeb selle kiireks seadistamiseks ja kasutamiseks, 2-3 tundi t\u00f6\u00f6d \u00fche seadme kohta.<\/p>\n<p>Blauhoff BLH-100K-2064kWh-Maxus, k\u00f5ik-\u00fches kaubanduslik ja t\u00f6\u00f6stuslik ESS vedelikjahutusega, on integreeritud energiasalvestusmuunduri, aku, BMS-i, EMS-i, soojusjuhtimise, energiajaotuse, tulekaitse jne. juurde.<\/p>\n<p>Antud juhul 8 tk.<\/p>\n<p>K\u00f5ik-\u00fches-konstruktsiooni on lihtne paigaldada ja hooldada ning see on varustatud varundus- ja PV-funktsiooniga.<\/p>\n<p>S\u00fcsteemi turvakonstruktsioon tagab parema aku j\u00f5udluse ja pikema eluea.<br \/>\nelu. Energiasalvestuse realiseerimiseks saab mitu kapiitorkomplekti otse paralleelselt \u00fchendada kuni 30 tk.<br \/>\ns\u00fcsteemi laiendamine. See on v\u00e4ga lihtsalt skaleeritav ja kaasaskantav.<\/p>\n<p>Vedelikjahutus :<br \/>\nAkuelementide temperatuuridiferents<br \/>\nkogu s\u00fcsteemis on \u00b11,5 \u00b0C piires, mis tuleneb sellest, et<br \/>\nintelligentne vedelikjahutuss\u00fcsteem. See v\u00f5ib<br \/>\npikendab s\u00fcsteemi kasutusiga kuni<br \/>\n30%, suurendab s\u00fcsteemi pikaajalist t\u00f5husust<br \/>\nkuni 88.5%.<\/p>\n<p>Turvaline<br \/>\nS\u00fcsteemil on neli haldustasandit<br \/>\nstruktuur, mis v\u00f5ib pakkuda t\u00e4pset<br \/>\nl\u00fchisekaitse, \u00fclevoolukaitse<br \/>\nkaitse, \u00fclepingekaitse,<br \/>\npinge allapoole kaitse, \u00fcle temperatuuri kaitse<br \/>\nkaitse jne.<\/p>\n<p>VDE4100<\/p>\n<p>IEC62619<\/p>\n<p>IEC61000<\/p>\n<p>UL9540A<\/p>\n<p>EN50549<\/p>\n<h3><span style=\"font-size: 16px\">Andmed :<\/span><\/h3>\n<p><a href=\"https:\/\/blauhoff.nl\/wp-content\/uploads\/2023\/10\/Blauhoff_SD-125-258_Energy_Storage_Cabinet.pdf\" target=\"_blank\" rel=\"noopener\">Blauhoff_SD-125-258_Energy_Storage_Cabinet<\/a><\/p>\n<p>T\u00c4HELEPANU !<\/p>\n<p>Integratsiooni ja keerukuse t\u00f5ttu on see hind ilma k\u00e4ibemaksuta ja ilma kokkupanekuta.<\/p>\n<p>Kokkupaneku teostab teie kohalik paigaldaja meie tehniliste t\u00f6\u00f6tajate abiga.<\/p>\n<p><iframe title=\"Blauhoff ESS K\u00f5ik \u00fches\" width=\"1140\" height=\"641\" src=\"https:\/\/www.youtube.com\/embed\/4ygzOwu-j7I?feature=oembed\" frameborder=\"0\" allow=\"accelerometer; autoplay; clipboard-write; encrypted-media; gyroscope; picture-in-picture; web-share\" referrerpolicy=\"strict-origin-when-cross-origin\" allowfullscreen><\/iframe><\/p>","protected":false},"excerpt":{"rendered":"<p>K\u00f5ikidel Blauhoff akus\u00fcsteemidel on 10-aastane garantii elementidele ja 5-aastane garantii inverterile ilma igasuguse lisamakseta! See ei ole [...]<\/p>","protected":false},"featured_media":4028,"template":"","meta":{"_seopress_robots_primary_cat":"none","_seopress_titles_title":"Blauhoff Maxus All in One 500K\/1032kWh Energy Storage Cabinet Liquid cooled","_seopress_titles_desc":"Discover the game-changing products offered by OwnPowr to enhance your online presence and capture your target audience. Start growing your business today!","_seopress_robots_index":"","_kad_blocks_custom_css":"","_kad_blocks_head_custom_js":"","_kad_blocks_body_custom_js":"","_kad_blocks_footer_custom_js":""},"product_cat":[17,19],"product_tag":[],"class_list":{"0":"post-4030","1":"product","2":"type-product","3":"status-publish","4":"has-post-thumbnail","6":"product_cat-home-batteries","7":"product_cat-sets-with-inverters","9":"first","10":"instock","11":"taxable","12":"shipping-taxable","13":"purchasable","14":"product-type-simple"},"taxonomy_info":{"product_cat":[{"value":17,"label":"Home batteries"},{"value":19,"label":"Sets with inverters"}]},"featured_image_src_large":["https:\/\/ownpowr.com\/wp-content\/uploads\/2023\/10\/blauhoff-maxus.png",300,300,false],"author_info":[],"comment_info":"","_links":{"self":[{"href":"https:\/\/ownpowr.com\/et\/wp-json\/wp\/v2\/product\/4030","targetHints":{"allow":["GET"]}}],"collection":[{"href":"https:\/\/ownpowr.com\/et\/wp-json\/wp\/v2\/product"}],"about":[{"href":"https:\/\/ownpowr.com\/et\/wp-json\/wp\/v2\/types\/product"}],"wp:featuredmedia":[{"embeddable":true,"href":"https:\/\/ownpowr.com\/et\/wp-json\/wp\/v2\/media\/4028"}],"wp:attachment":[{"href":"https:\/\/ownpowr.com\/et\/wp-json\/wp\/v2\/media?parent=4030"}],"wp:term":[{"taxonomy":"product_cat","embeddable":true,"href":"https:\/\/ownpowr.com\/et\/wp-json\/wp\/v2\/product_cat?post=4030"},{"taxonomy":"product_tag","embeddable":true,"href":"https:\/\/ownpowr.com\/et\/wp-json\/wp\/v2\/product_tag?post=4030"}],"curies":[{"name":"wp","href":"https:\/\/api.w.org\/{rel}","templated":true}]}}